{"id":16937,"date":"2020-05-07T14:25:35","date_gmt":"2020-05-07T14:25:35","guid":{"rendered":"https:\/\/topholds.com\/pack-hangboard-multi-grips-base\/"},"modified":"2024-08-26T04:25:46","modified_gmt":"2024-08-26T04:25:46","slug":"pack-hangboard-multi-grips-base","status":"publish","type":"product","link":"https:\/\/topholds.com\/fr\/offre\/course-obstacles\/planches-hangboard\/pack-hangboard-multi-grips-base\/","title":{"rendered":"Pack Hangboard Multi Grips + Base"},"content":{"rendered":"<p>Le <strong>Pack Multi Grips + Base<\/strong> est un ensemble complet d&rsquo;outils d&rsquo;entra\u00eenement qui \u00e9largit vos possibilit\u00e9s d&rsquo;exercice, parfait pour les amateurs d&rsquo;escalade, d&rsquo;OCR, de calisth\u00e9nie, de d\u00e9fis ninja, de Crossfit et de gymnastique.<\/p>\n<p>Ce paquet comprend :<\/p>\n<ul>\n<li>1 Multi Grips<\/li>\n<li>2 R\u00e9glettes Campus 35<\/li>\n<li>2 R\u00e9glettes Campus 28<\/li>\n<li>2 R\u00e9glettes Campus 20<\/li>\n<li>2 Boules Romas 7<\/li>\n<li>8 Vis M10x40<\/li>\n<\/ul>\n<p><strong>Multi Grips<\/strong> est un <strong>tableau d&rsquo;entra\u00eenement<\/strong> polyvalent con\u00e7u pour s&rsquo;adapter \u00e0 n&rsquo;importe quel environnement. Accrochez-le \u00e0 votre barre de traction, au parc, \u00e0 une branche ou installez-le de mani\u00e8re fixe sur un mur. Ses 10 points d&rsquo;ancrage (m\u00e9trique 10) permettent d&rsquo;ajouter des prises d&rsquo;escalade, des r\u00e9glettes campus, des boules ou des barres romaines, et plus encore, s&rsquo;ajustant \u00e0 vos besoins.<\/p>\n<p>Le tableau dispose de deux fentes pour les mains, dans lesquelles vous pouvez \u00e9galement accrocher les cordes de vos OCR et r\u00e9aliser des exercices plus complets. Connectez plusieurs Multi Grips verticalement pour simuler une voie d&rsquo;escalade ou horizontalement pour des travers\u00e9es d&rsquo;escalade.<\/p>\n<p>Le <em>Pack Multi Grips +<\/em> Base est un outil exceptionnel qui combine entra\u00eenement et plaisir, am\u00e9liorant votre performance dans diverses disciplines sportives.<\/p>\n<p>Dimensions du Multi Grips : 580 x 290 x 21 millim\u00e8tres. Inclut 10 \u00e9crous M10 et deux cordons pour l&rsquo;accrocher facilement.<\/p>\n","protected":false},"excerpt":{"rendered":"<ul>\n<li>Simule une voie ou une travers\u00e9e d&rsquo;escalade avec plusieurs Multi Grips.<\/li>\n<li>Possibilit\u00e9 de connecter plusieurs planches verticalement ou horizontalement.<\/li>\n<li>Personnalisable avec diff\u00e9rents types de prises.<\/li>\n<li>Am\u00e9liorez vos performances en escalade, OCR, calisth\u00e9nie et plus.<\/li>\n<li>Facile \u00e0 installer et \u00e0 suspendre dans diff\u00e9rents environnements.<\/li>\n<\/ul>\n","protected":false},"featured_media":8782,"comment_status":"open","ping_status":"closed","template":"","meta":[],"product_brand":[],"product_cat":[402,451],"product_tag":[],"class_list":{"0":"post-16937","1":"product","2":"type-product","3":"status-publish","4":"has-post-thumbnail","6":"product_cat-course-obstacles","7":"product_cat-planches-hangboard","9":"first","10":"instock","11":"sale","12":"taxable","13":"shipping-taxable","14":"purchasable","15":"product-type-simple"},"_links":{"self":[{"href":"https:\/\/topholds.com\/fr\/wp-json\/wp\/v2\/product\/16937","targetHints":{"allow":["GET"]}}],"collection":[{"href":"https:\/\/topholds.com\/fr\/wp-json\/wp\/v2\/product"}],"about":[{"href":"https:\/\/topholds.com\/fr\/wp-json\/wp\/v2\/types\/product"}],"replies":[{"embeddable":true,"href":"https:\/\/topholds.com\/fr\/wp-json\/wp\/v2\/comments?post=16937"}],"wp:featuredmedia":[{"embeddable":true,"href":"https:\/\/topholds.com\/fr\/wp-json\/wp\/v2\/media\/8782"}],"wp:attachment":[{"href":"https:\/\/topholds.com\/fr\/wp-json\/wp\/v2\/media?parent=16937"}],"wp:term":[{"taxonomy":"product_brand","embeddable":true,"href":"https:\/\/topholds.com\/fr\/wp-json\/wp\/v2\/product_brand?post=16937"},{"taxonomy":"product_cat","embeddable":true,"href":"https:\/\/topholds.com\/fr\/wp-json\/wp\/v2\/product_cat?post=16937"},{"taxonomy":"product_tag","embeddable":true,"href":"https:\/\/topholds.com\/fr\/wp-json\/wp\/v2\/product_tag?post=16937"}],"curies":[{"name":"wp","href":"https:\/\/api.w.org\/{rel}","templated":true}]}}