{"id":16942,"date":"2020-07-27T10:42:22","date_gmt":"2020-07-27T10:42:22","guid":{"rendered":"https:\/\/topholds.com\/urban-top\/"},"modified":"2024-08-26T04:29:52","modified_gmt":"2024-08-26T04:29:52","slug":"urban-top","status":"publish","type":"product","link":"https:\/\/topholds.com\/fr\/offre\/course-obstacles\/vetements\/tshirtss\/urban-top\/","title":{"rendered":"T-shirt OCR Urban Top"},"content":{"rendered":"<p>La <strong>camisette OCR Urban Top<\/strong> est faite d&rsquo;un agr\u00e9able m\u00e9lange de doux <strong><em>coton peign\u00e9<\/em><\/strong> et d&rsquo;\u00e9lasthanne, ce qui en fait un haut de haute qualit\u00e9.<\/p>\n<p>Point jersey, couture d&rsquo;\u00e9paule renforc\u00e9e, avec bande de cou de couleur contrastante.<\/p>\n<p>Couleur noire avec le logo TopHolds sur la poitrine<\/p>\n<p>&nbsp;<\/p>\n<p>95% coton peign\u00e9 5% \u00e9lasthanne<\/p>\n<p><img decoding=\"async\" src=\"https:\/\/www.stedman.eu\/img\/washing-cat-VII.png\" \/><\/p>\n<p>&nbsp;<\/p>\n<p><strong>orientation des mesures femme<\/strong><\/p>\n<p>Taille\u00a0 \u00a0 \u00a0 \u00a0 \u00a0 \u00a0 \u00a0 S\u00a0 \u00a0 \u00a0 \u00a0 \u00a0 \u00a0 \u00a0 \u00a0 M\u00a0 \u00a0 \u00a0 \u00a0 \u00a0 \u00a0 \u00a0L\u00a0 \u00a0 \u00a0 \u00a0 \u00a0 \u00a0 \u00a0 \u00a0XL<br \/>\nLongueur (cm)\u00a0 \u00a0 \u00a0 \u00a0 62\u00a0 \u00a0 \u00a0 \u00a0 \u00a0 \u00a0 \u00a0 63\u00a0 \u00a0 \u00a0 \u00a0 \u00a0 \u00a0 64,5\u00a0 \u00a0 \u00a0 \u00a0 \u00a0 \u00a065<br \/>\nLargeur (cm)\u00a0 \u00a042\u00a0 \u00a0 \u00a0 \u00a0 \u00a0 \u00a0 \u00a0 45\u00a0 \u00a0 \u00a0 \u00a0 \u00a0 \u00a0 48\u00a0 \u00a0 \u00a0 \u00a0 \u00a0 \u00a0 \u00a0 52  <\/p>\n<p><strong>orientation des mesures homme<\/strong><\/p>\n<p>Taille\u00a0 \u00a0 \u00a0 \u00a0 \u00a0 \u00a0 \u00a0 S\u00a0 \u00a0 \u00a0 \u00a0 \u00a0 \u00a0 \u00a0 \u00a0 M\u00a0 \u00a0 \u00a0 \u00a0 \u00a0 \u00a0 \u00a0L\u00a0 \u00a0 \u00a0 \u00a0 \u00a0 \u00a0 \u00a0 \u00a0XL<br \/>\nLongueur (cm)\u00a0 \u00a0 \u00a0 \u00a0 69\u00a0 \u00a0 \u00a0 \u00a0 \u00a0 \u00a0 \u00a0 71\u00a0 \u00a0 \u00a0 \u00a0 \u00a0 \u00a0 \u00a0 73\u00a0 \u00a0 \u00a0 \u00a0 \u00a0 \u00a0 \u00a075<br \/>\nLargeur (cm)\u00a0 \u00a046\u00a0 \u00a0 \u00a0 \u00a0 \u00a0 \u00a0 \u00a0 49\u00a0 \u00a0 \u00a0 \u00a0 \u00a0 \u00a0 \u00a052\u00a0 \u00a0 \u00a0 \u00a0 \u00a0 \u00a0 \u00a056  <\/p>\n<p><em>Il se peut que le v\u00eatement ne corresponde pas exactement \u00e0 ces mesures en raison des tol\u00e9rances de mesure autoris\u00e9es.<\/em><\/p>\n","protected":false},"excerpt":{"rendered":"<ul>\n<li>M\u00e9lange de coton et d&rsquo;\u00e9lasthanne.<\/li>\n<li>T-Shirt de haute qualit\u00e9.<\/li>\n<li>Jersey lisse confortable.<\/li>\n<\/ul>\n","protected":false},"featured_media":9167,"comment_status":"open","ping_status":"closed","template":"","meta":[],"product_brand":[],"product_cat":[402,456,452],"product_tag":[],"class_list":{"0":"post-16942","1":"product","2":"type-product","3":"status-publish","4":"has-post-thumbnail","6":"product_cat-course-obstacles","7":"product_cat-tshirtss","8":"product_cat-vetements","9":"product_shipping_class-livraison-economique","11":"first","12":"instock","13":"taxable","14":"shipping-taxable","15":"purchasable","16":"product-type-variable"},"_links":{"self":[{"href":"https:\/\/topholds.com\/fr\/wp-json\/wp\/v2\/product\/16942","targetHints":{"allow":["GET"]}}],"collection":[{"href":"https:\/\/topholds.com\/fr\/wp-json\/wp\/v2\/product"}],"about":[{"href":"https:\/\/topholds.com\/fr\/wp-json\/wp\/v2\/types\/product"}],"replies":[{"embeddable":true,"href":"https:\/\/topholds.com\/fr\/wp-json\/wp\/v2\/comments?post=16942"}],"wp:featuredmedia":[{"embeddable":true,"href":"https:\/\/topholds.com\/fr\/wp-json\/wp\/v2\/media\/9167"}],"wp:attachment":[{"href":"https:\/\/topholds.com\/fr\/wp-json\/wp\/v2\/media?parent=16942"}],"wp:term":[{"taxonomy":"product_brand","embeddable":true,"href":"https:\/\/topholds.com\/fr\/wp-json\/wp\/v2\/product_brand?post=16942"},{"taxonomy":"product_cat","embeddable":true,"href":"https:\/\/topholds.com\/fr\/wp-json\/wp\/v2\/product_cat?post=16942"},{"taxonomy":"product_tag","embeddable":true,"href":"https:\/\/topholds.com\/fr\/wp-json\/wp\/v2\/product_tag?post=16942"}],"curies":[{"name":"wp","href":"https:\/\/api.w.org\/{rel}","templated":true}]}}