{"id":16947,"date":"2020-06-13T15:31:01","date_gmt":"2020-06-13T15:31:01","guid":{"rendered":"https:\/\/topholds.com\/daina2\/"},"modified":"2024-08-26T04:26:20","modified_gmt":"2024-08-26T04:26:20","slug":"daina2","status":"publish","type":"product","link":"https:\/\/topholds.com\/fr\/offre\/prises-escalade\/daina2\/","title":{"rendered":"Pack Prises d&rsquo;escalade Daina2"},"content":{"rendered":"<p><strong>Daina2<\/strong> est un <strong>pack de 5 prises d&rsquo;escalade<\/strong> polyvalent avec une agr\u00e9able texture de gr\u00e8s doux, con\u00e7u pour enrichir votre exp\u00e9rience d&rsquo;escalade.<\/p>\n<p>Ce <em>ensemble de prises<\/em> offre de multiples options de prise, telles que <strong>pinch, reglette, trou, cuvette et rome<\/strong>, ce qui les rend parfaites pour s&rsquo;adapter \u00e0 vos pr\u00e9f\u00e9rences et comp\u00e9tences. Gr\u00e2ce \u00e0 leur excellent grip, elles sont id\u00e9ales pour \u00eatre utilis\u00e9es sur tout type de d\u00e9vers.<\/p>\n<p>Chaque prise est \u00e9quip\u00e9e d&rsquo;un trou pour une vis anti-rotation, garantissant un maintien s\u00fbr et stable.<\/p>\n<p>Pour une installation correcte, il est recommand\u00e9 d&rsquo;utiliser des vis de taille M10x40 ou M8x40.<\/p>\n<p>Veuillez noter que les couleurs affich\u00e9es sur l&rsquo;image peuvent varier. Si vous \u00eates int\u00e9ress\u00e9 par une couleur sp\u00e9cifique, n&rsquo;h\u00e9sitez pas \u00e0 nous contacter.<\/p>\n","protected":false},"excerpt":{"rendered":"<ul>\n<li>Daina2 est un lot de 5 prises d&rsquo;escalade.<\/li>\n<li>Texture de gr\u00e8s douce.<\/li>\n<li>Multiples possibilit\u00e9s de prise : pince, r\u00e9glette, trou, rome.<\/li>\n<li>Id\u00e9al pour une utilisation sur tout type de d\u00e9vers.<\/li>\n<\/ul>\n<p>&nbsp;<\/p>\n","protected":false},"featured_media":9036,"comment_status":"open","ping_status":"closed","template":"","meta":[],"product_brand":[],"product_cat":[429],"product_tag":[],"class_list":{"0":"post-16947","1":"product","2":"type-product","3":"status-publish","4":"has-post-thumbnail","6":"product_cat-prises-escalade","8":"first","9":"instock","10":"taxable","11":"shipping-taxable","12":"purchasable","13":"product-type-simple"},"_links":{"self":[{"href":"https:\/\/topholds.com\/fr\/wp-json\/wp\/v2\/product\/16947","targetHints":{"allow":["GET"]}}],"collection":[{"href":"https:\/\/topholds.com\/fr\/wp-json\/wp\/v2\/product"}],"about":[{"href":"https:\/\/topholds.com\/fr\/wp-json\/wp\/v2\/types\/product"}],"replies":[{"embeddable":true,"href":"https:\/\/topholds.com\/fr\/wp-json\/wp\/v2\/comments?post=16947"}],"wp:featuredmedia":[{"embeddable":true,"href":"https:\/\/topholds.com\/fr\/wp-json\/wp\/v2\/media\/9036"}],"wp:attachment":[{"href":"https:\/\/topholds.com\/fr\/wp-json\/wp\/v2\/media?parent=16947"}],"wp:term":[{"taxonomy":"product_brand","embeddable":true,"href":"https:\/\/topholds.com\/fr\/wp-json\/wp\/v2\/product_brand?post=16947"},{"taxonomy":"product_cat","embeddable":true,"href":"https:\/\/topholds.com\/fr\/wp-json\/wp\/v2\/product_cat?post=16947"},{"taxonomy":"product_tag","embeddable":true,"href":"https:\/\/topholds.com\/fr\/wp-json\/wp\/v2\/product_tag?post=16947"}],"curies":[{"name":"wp","href":"https:\/\/api.w.org\/{rel}","templated":true}]}}