{"id":16952,"date":"2020-06-15T18:20:37","date_gmt":"2020-06-15T18:20:37","guid":{"rendered":"https:\/\/topholds.com\/magnesie-liquide-top-plus\/"},"modified":"2024-08-26T04:26:58","modified_gmt":"2024-08-26T04:26:58","slug":"magnesie-liquide-top-plus","status":"publish","type":"product","link":"https:\/\/topholds.com\/fr\/offre\/accessoires-escalade\/magnesie\/magnesie-liquide-top-plus\/","title":{"rendered":"Magn\u00e9sie Liquide Top+"},"content":{"rendered":"<p>Le <strong>magn\u00e9sium Top+<\/strong> a \u00e9t\u00e9 con\u00e7u sp\u00e9cifiquement pour r\u00e9pondre aux besoins hygi\u00e9niques des <strong>centres sportifs, salles de gym, boxes de Crossfit et concours de courses \u00e0 obstacles<\/strong>, offrant une protection contre les virus, bact\u00e9ries et champignons.<\/p>\n<p>Nous comprenons que l&rsquo;utilisation de gels hydroalcooliques peut rendre les mains glissantes, ce qui complique la prise lors des activit\u00e9s sportives. C&rsquo;est pourquoi nous avons d\u00e9velopp\u00e9 une <strong>formule innovante et dermatologiquement<\/strong> test\u00e9e qui d\u00e9sinfecte les mains et s\u00e8che en seulement 10-15 secondes. En s\u00e9chant, elle laisse une couche de magn\u00e9sium qui am\u00e9liore l&rsquo;adh\u00e9rence et r\u00e9duit la transpiration, garantissant un effet durable.<\/p>\n<p>L&rsquo;une des caract\u00e9ristiques les plus remarquables de ce produit est son <strong>action d\u00e9sinfectante puissante<\/strong>, avec une activation rapide, un s\u00e9chage efficace et une action rapide.<\/p>\n<p>Disponible en formats de 100 et 250 ml, ainsi que des flacons de 5 litres pour les professionnels du secteur (veillez \u00e0 nous consulter !).<\/p>\n<p><strong>Caract\u00e9ristiques du produit :<\/strong><\/p>\n<ul>\n<li>Base hydroalcoolique et hygi\u00e9nisante pour la peau saine<\/li>\n<li>Formul\u00e9 avec une haute concentration d\u2019alcool \u00e9thylique (70 %)<\/li>\n<li>Ne contient pas d\u2019alcool isopropylique dans sa formulation<\/li>\n<li>Con\u00e7u sp\u00e9cifiquement pour offrir une s\u00e9curit\u00e9 hygi\u00e9nique lors de l\u2019utilisation de magn\u00e9sium liquide sur les mains<\/li>\n<li>Temps minimum d\u2019activation et de s\u00e9chage<\/li>\n<li>Adh\u00e9rence maximale et efficacit\u00e9<\/li>\n<\/ul>\n<p><strong>Mode d&#8217;emploi :<\/strong><\/p>\n<ol>\n<li>Agiter avant utilisation<\/li>\n<li>Appliquer environ 2 millilitres de produit sur la paume de la main<\/li>\n<li>Frotter \u00e9nergiquement en \u00e9tendant le produit sur les deux mains jusqu&rsquo;\u00e0 \u00e9vaporation compl\u00e8te, sans besoin de rin\u00e7age ult\u00e9rieur<\/li>\n<li>Conserver le flacon bien ferm\u00e9 pour \u00e9viter l&rsquo;\u00e9vaporation de l&rsquo;alcool<\/li>\n<\/ol>\n","protected":false},"excerpt":{"rendered":"<ul>\n<li>Action d\u00e9sinfectante puissante contre les virus, les bact\u00e9ries et les champignons.<\/li>\n<li>Formule innovante et dermatologiquement test\u00e9e.<\/li>\n<li>S\u00e9chage rapide en seulement 10-15 secondes.<\/li>\n<li>Am\u00e9liore l&rsquo;adh\u00e9rence en laissant une couche de magn\u00e9sium.<\/li>\n<li>R\u00e9duit la transpiration des mains.<\/li>\n<\/ul>\n","protected":false},"featured_media":20008,"comment_status":"open","ping_status":"closed","template":"","meta":[],"product_brand":[],"product_cat":[426,402,440],"product_tag":[],"class_list":{"0":"post-16952","1":"product","2":"type-product","3":"status-publish","4":"has-post-thumbnail","6":"product_cat-accessoires-escalade","7":"product_cat-course-obstacles","8":"product_cat-magnesie","9":"product_shipping_class-livraison-economique","11":"first","12":"instock","13":"sale","14":"featured","15":"taxable","16":"shipping-taxable","17":"purchasable","18":"product-type-variable"},"_links":{"self":[{"href":"https:\/\/topholds.com\/fr\/wp-json\/wp\/v2\/product\/16952","targetHints":{"allow":["GET"]}}],"collection":[{"href":"https:\/\/topholds.com\/fr\/wp-json\/wp\/v2\/product"}],"about":[{"href":"https:\/\/topholds.com\/fr\/wp-json\/wp\/v2\/types\/product"}],"replies":[{"embeddable":true,"href":"https:\/\/topholds.com\/fr\/wp-json\/wp\/v2\/comments?post=16952"}],"wp:featuredmedia":[{"embeddable":true,"href":"https:\/\/topholds.com\/fr\/wp-json\/wp\/v2\/media\/20008"}],"wp:attachment":[{"href":"https:\/\/topholds.com\/fr\/wp-json\/wp\/v2\/media?parent=16952"}],"wp:term":[{"taxonomy":"product_brand","embeddable":true,"href":"https:\/\/topholds.com\/fr\/wp-json\/wp\/v2\/product_brand?post=16952"},{"taxonomy":"product_cat","embeddable":true,"href":"https:\/\/topholds.com\/fr\/wp-json\/wp\/v2\/product_cat?post=16952"},{"taxonomy":"product_tag","embeddable":true,"href":"https:\/\/topholds.com\/fr\/wp-json\/wp\/v2\/product_tag?post=16952"}],"curies":[{"name":"wp","href":"https:\/\/api.w.org\/{rel}","templated":true}]}}