{"id":16957,"date":"2020-07-05T17:53:51","date_gmt":"2020-07-05T17:53:51","guid":{"rendered":"https:\/\/topholds.com\/kettlebell\/"},"modified":"2025-06-10T10:56:54","modified_gmt":"2025-06-10T10:56:54","slug":"kettlebell","status":"publish","type":"product","link":"https:\/\/topholds.com\/fr\/offre\/course-obstacles\/entrainements\/prises\/kettlebell\/","title":{"rendered":"Prises OCR Kettlebell"},"content":{"rendered":"<p>Am\u00e9liorez votre entra\u00eenement avec la <strong>prise OCR<\/strong> <strong>Kettlebell<\/strong>. Cette <strong>prise de traction et de suspension<\/strong> est sp\u00e9cialement con\u00e7ue pour les <strong>amateurs d&rsquo;OCR et d&rsquo;escalade<\/strong>. Cette prise est parfaite pour une utilisation dans des murs d&rsquo;escalade suspendus, des zones de campus et comme \u00e9l\u00e9ment de descente sur des blocs d&rsquo;escalade.<\/p>\n<p>Fabriqu\u00e9e avec un diam\u00e8tre de bord sup\u00e9rieur ergonomique, la prise garantit un repos confortable et s\u00fbr pour vos mains pendant vos s\u00e9ances d&rsquo;entra\u00eenement. Sa polyvalence la rend <strong>apte \u00e0 toute inclinaison, que ce soit sur des d\u00e9vers ou des plafonds<\/strong>.<\/p>\n<p>Profitez de sa texture douce et agr\u00e9able au toucher, qui <strong>r\u00e9duit le risque de blessures cutan\u00e9es<\/strong>.<\/p>\n<p>Pour une installation ad\u00e9quate, il est recommand\u00e9 d&rsquo;utiliser des vis M10x40 ou M8x40.<\/p>\n<p>Veuillez noter que les couleurs affich\u00e9es sur l&rsquo;image peuvent varier. Si vous souhaitez une couleur sp\u00e9cifique, n&rsquo;h\u00e9sitez pas \u00e0 nous contacter.<\/p>\n","protected":false},"excerpt":{"rendered":"<ul>\n<li>Presse pour faire des tractions et des suspensions.<\/li>\n<li>Id\u00e9al pour les murs d&rsquo;escalade OCR suspendus, le campus et pour cr\u00e9er des itin\u00e9raires pour descendre des blocs.<\/li>\n<li>Le diam\u00e8tre du bord sup\u00e9rieur est tr\u00e8s confortable pour un repos id\u00e9al de la main.<\/li>\n<li>Adapt\u00e9 \u00e0 tout surplomb et plafond.<\/li>\n<\/ul>\n","protected":false},"featured_media":20036,"comment_status":"open","ping_status":"closed","template":"","meta":[],"product_brand":[],"product_cat":[402,450,429,432,454],"product_tag":[],"class_list":{"0":"post-16957","1":"product","2":"type-product","3":"status-publish","4":"has-post-thumbnail","6":"product_cat-course-obstacles","7":"product_cat-entrainements","8":"product_cat-prises-escalade","9":"product_cat-entrainement","10":"product_cat-prises","12":"first","13":"instock","14":"taxable","15":"shipping-taxable","16":"purchasable","17":"product-type-simple"},"_links":{"self":[{"href":"https:\/\/topholds.com\/fr\/wp-json\/wp\/v2\/product\/16957","targetHints":{"allow":["GET"]}}],"collection":[{"href":"https:\/\/topholds.com\/fr\/wp-json\/wp\/v2\/product"}],"about":[{"href":"https:\/\/topholds.com\/fr\/wp-json\/wp\/v2\/types\/product"}],"replies":[{"embeddable":true,"href":"https:\/\/topholds.com\/fr\/wp-json\/wp\/v2\/comments?post=16957"}],"wp:featuredmedia":[{"embeddable":true,"href":"https:\/\/topholds.com\/fr\/wp-json\/wp\/v2\/media\/20036"}],"wp:attachment":[{"href":"https:\/\/topholds.com\/fr\/wp-json\/wp\/v2\/media?parent=16957"}],"wp:term":[{"taxonomy":"product_brand","embeddable":true,"href":"https:\/\/topholds.com\/fr\/wp-json\/wp\/v2\/product_brand?post=16957"},{"taxonomy":"product_cat","embeddable":true,"href":"https:\/\/topholds.com\/fr\/wp-json\/wp\/v2\/product_cat?post=16957"},{"taxonomy":"product_tag","embeddable":true,"href":"https:\/\/topholds.com\/fr\/wp-json\/wp\/v2\/product_tag?post=16957"}],"curies":[{"name":"wp","href":"https:\/\/api.w.org\/{rel}","templated":true}]}}