{"id":16962,"date":"2020-07-05T19:14:14","date_gmt":"2020-07-05T19:14:14","guid":{"rendered":"https:\/\/topholds.com\/t-shirt-ocr-topholds\/"},"modified":"2024-08-26T04:28:20","modified_gmt":"2024-08-26T04:28:20","slug":"t-shirt-ocr-topholds","status":"publish","type":"product","link":"https:\/\/topholds.com\/fr\/offre\/course-obstacles\/vetements\/tshirtss\/t-shirt-ocr-topholds\/","title":{"rendered":"T-shirt OCR TopHolds"},"content":{"rendered":"<p>Profitez du maximum de confort et d&rsquo;une optimale respirabilit\u00e9 avec le <strong>t-shirt OCR TopHolds<\/strong>, fabriqu\u00e9 avec un tissu en polyester microperfor\u00e9 de 140g\/m2. Gr\u00e2ce \u00e0 ses microperforations, il permet une <strong>excellente circulation de l&rsquo;air<\/strong>, maintenant votre peau fra\u00eeche et ventil\u00e9e \u00e0 tout moment.<\/p>\n<p>De plus, sa composition en polyester de haute qualit\u00e9 <strong>garde la s\u00e9cheresse m\u00eame pendant les activit\u00e9s les plus intenses<\/strong>. Ce <em>t-shirt OCR<\/em> vous permettra de vous concentrer sur ce qui compte vraiment : continuer d&rsquo;avancer et d&rsquo;atteindre vos objectifs.<\/p>\n<p><strong>orientation des mesures<\/strong><\/p>\n<p><a href=\"https:\/\/topholds.com\/wp-content\/uploads\/2020\/07\/medidas-camisetas.jpg\"><img fetchpriority=\"high\" decoding=\"async\" class=\"alignnone size-medium wp-image-9181\" src=\"https:\/\/topholds.com\/wp-content\/uploads\/2020\/07\/medidas-camisetas-277x300.jpg\" alt=\"mesures t-shirts\" width=\"277\" height=\"300\" \/><\/a><\/p>\n<p><em>Il se peut que le v\u00eatement ne corresponde pas exactement \u00e0 ces mesures en raison des tol\u00e9rances de mesure autoris\u00e9es.<\/em><\/p>\n","protected":false},"excerpt":{"rendered":"<ul>\n<li>Tissu en polyester microperfor\u00e9.<\/li>\n<li>Optimum ventilation et fra\u00eecheur.<\/li>\n<li>Maintient la peau s\u00e8che.<\/li>\n<li>Id\u00e9al pour les activit\u00e9s \u00e0 haute intensit\u00e9.<\/li>\n<\/ul>\n","protected":false},"featured_media":20047,"comment_status":"open","ping_status":"closed","template":"","meta":[],"product_brand":[],"product_cat":[402,456,452],"product_tag":[],"class_list":{"0":"post-16962","1":"product","2":"type-product","3":"status-publish","4":"has-post-thumbnail","6":"product_cat-course-obstacles","7":"product_cat-tshirtss","8":"product_cat-vetements","9":"product_shipping_class-livraison-economique","11":"first","12":"instock","13":"taxable","14":"shipping-taxable","15":"purchasable","16":"product-type-variable"},"_links":{"self":[{"href":"https:\/\/topholds.com\/fr\/wp-json\/wp\/v2\/product\/16962","targetHints":{"allow":["GET"]}}],"collection":[{"href":"https:\/\/topholds.com\/fr\/wp-json\/wp\/v2\/product"}],"about":[{"href":"https:\/\/topholds.com\/fr\/wp-json\/wp\/v2\/types\/product"}],"replies":[{"embeddable":true,"href":"https:\/\/topholds.com\/fr\/wp-json\/wp\/v2\/comments?post=16962"}],"wp:featuredmedia":[{"embeddable":true,"href":"https:\/\/topholds.com\/fr\/wp-json\/wp\/v2\/media\/20047"}],"wp:attachment":[{"href":"https:\/\/topholds.com\/fr\/wp-json\/wp\/v2\/media?parent=16962"}],"wp:term":[{"taxonomy":"product_brand","embeddable":true,"href":"https:\/\/topholds.com\/fr\/wp-json\/wp\/v2\/product_brand?post=16962"},{"taxonomy":"product_cat","embeddable":true,"href":"https:\/\/topholds.com\/fr\/wp-json\/wp\/v2\/product_cat?post=16962"},{"taxonomy":"product_tag","embeddable":true,"href":"https:\/\/topholds.com\/fr\/wp-json\/wp\/v2\/product_tag?post=16962"}],"curies":[{"name":"wp","href":"https:\/\/api.w.org\/{rel}","templated":true}]}}