{"id":16967,"date":"2020-07-15T18:41:31","date_gmt":"2020-07-15T18:41:31","guid":{"rendered":"https:\/\/topholds.com\/porte-cles-kettlebell\/"},"modified":"2024-08-26T04:29:08","modified_gmt":"2024-08-26T04:29:08","slug":"porte-cles-kettlebell","status":"publish","type":"product","link":"https:\/\/topholds.com\/fr\/offre\/accessoires-escalade\/porte-cles\/porte-cles-kettlebell\/","title":{"rendered":"Porte-cl\u00e9s Kettlebell"},"content":{"rendered":"<p>Je suis d\u00e9sol\u00e9, mais il semble qu&rsquo;il n&rsquo;y ait pas de texte \u00e0 traduire. Pourriez-vous s&rsquo;il vous pla\u00eet fournir le texte que vous souhaitez que je traduise en fran\u00e7ais ?<\/p>\n","protected":false},"excerpt":{"rendered":"<p>Le nouveau porte-cl\u00e9s TopHolds .<\/p>\n<p>Choisissez la couleur pr\u00e9f\u00e9r\u00e9e de votre kettlebell.<\/p>\n","protected":false},"featured_media":20118,"comment_status":"open","ping_status":"closed","template":"","meta":[],"product_brand":[],"product_cat":[426,438,432],"product_tag":[],"class_list":{"0":"post-16967","1":"product","2":"type-product","3":"status-publish","4":"has-post-thumbnail","6":"product_cat-accessoires-escalade","7":"product_cat-porte-cles","8":"product_cat-entrainement","9":"product_shipping_class-livraison-economique","11":"first","12":"instock","13":"taxable","14":"shipping-taxable","15":"purchasable","16":"product-type-variable"},"_links":{"self":[{"href":"https:\/\/topholds.com\/fr\/wp-json\/wp\/v2\/product\/16967","targetHints":{"allow":["GET"]}}],"collection":[{"href":"https:\/\/topholds.com\/fr\/wp-json\/wp\/v2\/product"}],"about":[{"href":"https:\/\/topholds.com\/fr\/wp-json\/wp\/v2\/types\/product"}],"replies":[{"embeddable":true,"href":"https:\/\/topholds.com\/fr\/wp-json\/wp\/v2\/comments?post=16967"}],"wp:featuredmedia":[{"embeddable":true,"href":"https:\/\/topholds.com\/fr\/wp-json\/wp\/v2\/media\/20118"}],"wp:attachment":[{"href":"https:\/\/topholds.com\/fr\/wp-json\/wp\/v2\/media?parent=16967"}],"wp:term":[{"taxonomy":"product_brand","embeddable":true,"href":"https:\/\/topholds.com\/fr\/wp-json\/wp\/v2\/product_brand?post=16967"},{"taxonomy":"product_cat","embeddable":true,"href":"https:\/\/topholds.com\/fr\/wp-json\/wp\/v2\/product_cat?post=16967"},{"taxonomy":"product_tag","embeddable":true,"href":"https:\/\/topholds.com\/fr\/wp-json\/wp\/v2\/product_tag?post=16967"}],"curies":[{"name":"wp","href":"https:\/\/api.w.org\/{rel}","templated":true}]}}