{"id":16972,"date":"2020-09-03T17:42:21","date_gmt":"2020-09-03T17:42:21","guid":{"rendered":"https:\/\/topholds.com\/wolf-grips\/"},"modified":"2024-12-02T13:03:03","modified_gmt":"2024-12-02T13:03:03","slug":"wolf-grips","status":"publish","type":"product","link":"https:\/\/topholds.com\/fr\/offre\/course-obstacles\/entrainements\/suspensionss\/wolf-grips\/","title":{"rendered":"Suspensions OCR Wolf Grips"},"content":{"rendered":"<p><strong>Les suspensions OCR Wolf Grips<\/strong> sont un \u00e9l\u00e9ment innovant pour <strong>les suspensions et les tractions<\/strong> qui apporte excitation et d\u00e9fi \u00e0 vos entra\u00eenements.<\/p>\n<p>Cet accessoire polyvalent est con\u00e7u pour \u00eatre utilis\u00e9 avec une ou deux mains, permettant une large gamme d&rsquo;exercices et s&rsquo;adaptant \u00e0 vos besoins sp\u00e9cifiques.<\/p>\n<p>La texture douce et adh\u00e9rente de la <em>suspension Wolf Grips<\/em> en fait un outil exceptionnel pour <strong>am\u00e9liorer vos entra\u00eenements d&rsquo;escalade, OCR et Crossfit<\/strong>. De plus, son design l\u00e9ger le rend parfait pour l&#8217;emporter avec vous partout et vous entra\u00eener \u00e0 tout moment.<\/p>\n<p>Accrocher les Wolf Grips est extr\u00eamement simple : en seulement trois secondes, vous pouvez <strong>utiliser un n\u0153ud d&rsquo;alouette pour les attacher \u00e0 une branche<\/strong>, une barre de traction ou tout autre support appropri\u00e9. Oubliez les excuses et ajoutez un peu de d\u00e9fi \u00e0 votre routine quotidienne.<\/p>\n<p>Veuillez noter que les couleurs des Wolf Grips peuvent varier par rapport \u00e0 l&rsquo;image montr\u00e9e. Si vous souhaitez une couleur sp\u00e9cifique, n&rsquo;h\u00e9sitez pas \u00e0 nous consulter et nous ferons de notre mieux pour satisfaire vos pr\u00e9f\u00e9rences.<\/p>\n","protected":false},"excerpt":{"rendered":"<ul>\n<li>Id\u00e9al pour les suspensions et les tractions.<\/li>\n<li>Prise polyvalente : une ou deux mains.<\/li>\n<li>Parfait pour l&rsquo;escalade, les OCR et le Crossfit.<\/li>\n<li>Conception l\u00e9g\u00e8re et portable.<\/li>\n<li>Installation facile avec un n\u0153ud d&rsquo;alouette.<\/li>\n<\/ul>\n","protected":false},"featured_media":20191,"comment_status":"open","ping_status":"closed","template":"","meta":[],"product_brand":[],"product_cat":[402,450,455],"product_tag":[],"class_list":{"0":"post-16972","1":"product","2":"type-product","3":"status-publish","4":"has-post-thumbnail","6":"product_cat-course-obstacles","7":"product_cat-entrainements","8":"product_cat-suspensionss","10":"first","11":"instock","12":"sale","13":"taxable","14":"shipping-taxable","15":"purchasable","16":"product-type-simple"},"_links":{"self":[{"href":"https:\/\/topholds.com\/fr\/wp-json\/wp\/v2\/product\/16972","targetHints":{"allow":["GET"]}}],"collection":[{"href":"https:\/\/topholds.com\/fr\/wp-json\/wp\/v2\/product"}],"about":[{"href":"https:\/\/topholds.com\/fr\/wp-json\/wp\/v2\/types\/product"}],"replies":[{"embeddable":true,"href":"https:\/\/topholds.com\/fr\/wp-json\/wp\/v2\/comments?post=16972"}],"wp:featuredmedia":[{"embeddable":true,"href":"https:\/\/topholds.com\/fr\/wp-json\/wp\/v2\/media\/20191"}],"wp:attachment":[{"href":"https:\/\/topholds.com\/fr\/wp-json\/wp\/v2\/media?parent=16972"}],"wp:term":[{"taxonomy":"product_brand","embeddable":true,"href":"https:\/\/topholds.com\/fr\/wp-json\/wp\/v2\/product_brand?post=16972"},{"taxonomy":"product_cat","embeddable":true,"href":"https:\/\/topholds.com\/fr\/wp-json\/wp\/v2\/product_cat?post=16972"},{"taxonomy":"product_tag","embeddable":true,"href":"https:\/\/topholds.com\/fr\/wp-json\/wp\/v2\/product_tag?post=16972"}],"curies":[{"name":"wp","href":"https:\/\/api.w.org\/{rel}","templated":true}]}}