{"id":16977,"date":"2020-09-05T12:04:29","date_gmt":"2020-09-05T12:04:29","guid":{"rendered":"https:\/\/topholds.com\/hammer-time\/"},"modified":"2026-02-16T12:56:14","modified_gmt":"2026-02-16T12:56:14","slug":"hammer-time","status":"publish","type":"product","link":"https:\/\/topholds.com\/fr\/offre\/course-obstacles\/entrainements\/suspensionss\/hammer-time\/","title":{"rendered":"Suspensions OCR Hammer Time"},"content":{"rendered":"<p><strong>Hammer Time<\/strong> est l&rsquo;obstacle r\u00e9volutionnaire de TopHolds. Cet \u00e9l\u00e9ment de <strong>suspension OCR<\/strong> est con\u00e7u pour t&rsquo;offrir d&rsquo;infinies mani\u00e8res de le surmonter et d&rsquo;am\u00e9liorer tes entra\u00eenements. Cette suspension polyvalente s&rsquo;accroche facilement \u00e0 une barre de traction, dans un parc ou \u00e0 une branche, permettant de r\u00e9aliser une large gamme d&rsquo;exercices n&rsquo;importe o\u00f9.<\/p>\n<p>Maximise le potentiel de la <em>suspension Hammer Time<\/em> en l&rsquo;assemblant \u00e0 d&rsquo;autres en vertical, cr\u00e9ant des d\u00e9fis uniques et adapt\u00e9s \u00e0 tes besoins. Son design soigneusement \u00e9tudi\u00e9 te permet d&rsquo;exploiter au maximum tes entra\u00eenements, sans n\u00e9cessiter un grand espace pour r\u00e9aliser des combos de n&rsquo;importe quelle longueur.<\/p>\n<p><em>Hammer Time<\/em> est un outil exceptionnel pour <strong>les entra\u00eenements d&rsquo;OCR, la calisth\u00e9nie, les d\u00e9fis ninja, l&rsquo;escalade, le Crossfit, la gymnastique<\/strong> et bien plus encore. De plus, il n&rsquo;offre pas seulement un entra\u00eenement efficace, mais aussi beaucoup de plaisir. Oseras-tu l&rsquo;essayer ?<\/p>\n<p>&nbsp;<\/p>\n<p><iframe src=\"https:\/\/www.youtube.com\/embed\/wKQ2ywKLmcw?start=2\" width=\"560\" height=\"315\" frameborder=\"0\" allowfullscreen=\"allowfullscreen\"><\/iframe><\/p>\n<p>&nbsp;<\/p>\n<p>Il est important d&rsquo;utiliser la <strong>suspension Hammer Time<\/strong> conform\u00e9ment aux instructions de la vid\u00e9o d\u00e9monstrative et d&#8217;employer uniquement nos \u00ab\u00a0manches pour peg board\u00a0\u00bb ou d&rsquo;autres de dimensions identiques en mode \u00ab\u00a0peg board\u00a0\u00bb. Nous ne sommes pas responsables d&rsquo;une utilisation abusive du produit ou de l&rsquo;utilisation de mat\u00e9riaux diff\u00e9rents de ceux recommand\u00e9s, ce qui pourrait causer des dommages \u00e0 la pi\u00e8ce.<\/p>\n<p>Sache que les couleurs de Hammer Time peuvent varier par rapport \u00e0 l&rsquo;image montr\u00e9e. Si tu souhaites une couleur sp\u00e9cifique, n&rsquo;h\u00e9site pas \u00e0 nous consulter.<\/p>\n","protected":false},"excerpt":{"rendered":"<ul>\n<li>Facile \u00e0 accrocher n&rsquo;importe o\u00f9.<\/li>\n<li>Id\u00e9al pour les entra\u00eenements de OCR, calisth\u00e9nie, d\u00e9fis ninja, escalade, Crossfit.<\/li>\n<li>Design polyvalent et adaptable.<\/li>\n<li>Id\u00e9al pour les espaces r\u00e9duits.<\/li>\n<li>Convient \u00e0 divers entra\u00eenements.<\/li>\n<\/ul>\n","protected":false},"featured_media":20211,"comment_status":"open","ping_status":"closed","template":"","meta":[],"product_brand":[],"product_cat":[402,450,453,455],"product_tag":[],"class_list":{"0":"post-16977","1":"product","2":"type-product","3":"status-publish","4":"has-post-thumbnail","6":"product_cat-course-obstacles","7":"product_cat-entrainements","8":"product_cat-peg-board","9":"product_cat-suspensionss","11":"first","12":"instock","13":"sale","14":"taxable","15":"shipping-taxable","16":"purchasable","17":"product-type-simple"},"_links":{"self":[{"href":"https:\/\/topholds.com\/fr\/wp-json\/wp\/v2\/product\/16977","targetHints":{"allow":["GET"]}}],"collection":[{"href":"https:\/\/topholds.com\/fr\/wp-json\/wp\/v2\/product"}],"about":[{"href":"https:\/\/topholds.com\/fr\/wp-json\/wp\/v2\/types\/product"}],"replies":[{"embeddable":true,"href":"https:\/\/topholds.com\/fr\/wp-json\/wp\/v2\/comments?post=16977"}],"wp:featuredmedia":[{"embeddable":true,"href":"https:\/\/topholds.com\/fr\/wp-json\/wp\/v2\/media\/20211"}],"wp:attachment":[{"href":"https:\/\/topholds.com\/fr\/wp-json\/wp\/v2\/media?parent=16977"}],"wp:term":[{"taxonomy":"product_brand","embeddable":true,"href":"https:\/\/topholds.com\/fr\/wp-json\/wp\/v2\/product_brand?post=16977"},{"taxonomy":"product_cat","embeddable":true,"href":"https:\/\/topholds.com\/fr\/wp-json\/wp\/v2\/product_cat?post=16977"},{"taxonomy":"product_tag","embeddable":true,"href":"https:\/\/topholds.com\/fr\/wp-json\/wp\/v2\/product_tag?post=16977"}],"curies":[{"name":"wp","href":"https:\/\/api.w.org\/{rel}","templated":true}]}}