{"id":16982,"date":"2020-09-07T16:06:00","date_gmt":"2020-09-07T16:06:00","guid":{"rendered":"https:\/\/topholds.com\/anilla-top-breaker\/"},"modified":"2024-08-26T04:31:48","modified_gmt":"2024-08-26T04:31:48","slug":"anilla-top-breaker","status":"publish","type":"product","link":"https:\/\/topholds.com\/fr\/offre\/course-obstacles\/entrainements\/suspensionss\/anilla-top-breaker\/","title":{"rendered":"Suspensions OCR Anilla Top Breaker"},"content":{"rendered":"<p>Les <strong>anneaux Top Breaker sont des suspensions OCR<\/strong> fabriqu\u00e9s en acier inoxydable qui vous permettent de vous entra\u00eener intens\u00e9ment.<\/p>\n<p>Les <em>anneaux Top Breaker<\/em> sont extr\u00eamement robustes et inalt\u00e9rables face aux conditions climatiques, ce qui en fait l&rsquo;option id\u00e9ale pour ceux qui recherchent un \u00e9quipement de haute performance dans n&rsquo;importe quel environnement.<\/p>\n<p>De plus, leur design polyvalent vous permet de <strong>r\u00e9aliser des progressions horizontales et verticales<\/strong>, en y attachant des accessoires comme nos Top Breaker, Chain Grip Evolution, Chain Grip Evolution MAX, Ball Chain Evolution, Cross Chain Evolution, Delta Raks, Yaguer Chain Evolution et Kong Chain.<\/p>\n<p>Ils sont livr\u00e9s avec le cordon TopHolds pour que vous puissiez les suspendre facilement.<\/p>\n","protected":false},"excerpt":{"rendered":"<ul>\n<li>Facilite les progressions horizontales et verticales.<\/li>\n<li>Fabrication en acier inoxydable de haute qualit\u00e9.<\/li>\n<li>Adapt\u00e9es pour des entra\u00eenements intensifs en int\u00e9rieur et en ext\u00e9rieur.<\/li>\n<li>Compatible avec Top Breaker, Chain Grip Evolution, Chain Grip Evolution MAX, Ball Chain Evolution, Cross Chain Evolution, Delta Raks, Yaguer Chain Evolution et Kong Chain.<\/li>\n<\/ul>\n","protected":false},"featured_media":20226,"comment_status":"open","ping_status":"closed","template":"","meta":[],"product_brand":[],"product_cat":[402,450,455],"product_tag":[],"class_list":{"0":"post-16982","1":"product","2":"type-product","3":"status-publish","4":"has-post-thumbnail","6":"product_cat-course-obstacles","7":"product_cat-entrainements","8":"product_cat-suspensionss","10":"first","11":"instock","12":"taxable","13":"shipping-taxable","14":"purchasable","15":"product-type-simple"},"_links":{"self":[{"href":"https:\/\/topholds.com\/fr\/wp-json\/wp\/v2\/product\/16982","targetHints":{"allow":["GET"]}}],"collection":[{"href":"https:\/\/topholds.com\/fr\/wp-json\/wp\/v2\/product"}],"about":[{"href":"https:\/\/topholds.com\/fr\/wp-json\/wp\/v2\/types\/product"}],"replies":[{"embeddable":true,"href":"https:\/\/topholds.com\/fr\/wp-json\/wp\/v2\/comments?post=16982"}],"wp:featuredmedia":[{"embeddable":true,"href":"https:\/\/topholds.com\/fr\/wp-json\/wp\/v2\/media\/20226"}],"wp:attachment":[{"href":"https:\/\/topholds.com\/fr\/wp-json\/wp\/v2\/media?parent=16982"}],"wp:term":[{"taxonomy":"product_brand","embeddable":true,"href":"https:\/\/topholds.com\/fr\/wp-json\/wp\/v2\/product_brand?post=16982"},{"taxonomy":"product_cat","embeddable":true,"href":"https:\/\/topholds.com\/fr\/wp-json\/wp\/v2\/product_cat?post=16982"},{"taxonomy":"product_tag","embeddable":true,"href":"https:\/\/topholds.com\/fr\/wp-json\/wp\/v2\/product_tag?post=16982"}],"curies":[{"name":"wp","href":"https:\/\/api.w.org\/{rel}","templated":true}]}}