{"id":16992,"date":"2021-01-17T12:20:13","date_gmt":"2021-01-17T12:20:13","guid":{"rendered":"https:\/\/topholds.com\/soft-2\/"},"modified":"2024-08-26T04:33:04","modified_gmt":"2024-08-26T04:33:04","slug":"soft-2","status":"publish","type":"product","link":"https:\/\/topholds.com\/fr\/offre\/prises-escalade\/soft-2\/","title":{"rendered":"Pack Prises d&rsquo;escalade Soft 2"},"content":{"rendered":"<p><strong>Soft 2 est un pack de 10 prises d&rsquo;escalade<\/strong> con\u00e7ues avec une texture de sable douce et r\u00e9aliste qui garantit une prise en main confortable et s\u00e9curis\u00e9e lors de vos sessions d&rsquo;escalade.<\/p>\n<p>Chaque prise est \u00e9quip\u00e9e d&rsquo;un <strong>trou pour vis anti-rotation<\/strong>, assurant la stabilit\u00e9 et \u00e9vitant les mouvements ind\u00e9sirables pendant l&rsquo;escalade.<\/p>\n<p>Pour une installation optimale, il est recommand\u00e9 d&rsquo;utiliser des vis M10x50 ou M8x50 (non incluses).<\/p>\n<p>Si vous souhaitez une couleur sp\u00e9ciale, veuillez l&rsquo;indiquer dans les \u00ab\u00a0notes\u00a0\u00bb ou contactez-nous.<\/p>\n","protected":false},"excerpt":{"rendered":"<ul>\n<li>Soft 2 est un lot de 10 prises d&rsquo;escalade.<\/li>\n<li>Texture sablonneuse douce.<\/li>\n<li>Toutes ont un trou pour vis de fixation anti-rotation.<\/li>\n<\/ul>\n<p>&nbsp;<\/p>\n","protected":false},"featured_media":9970,"comment_status":"open","ping_status":"closed","template":"","meta":[],"product_brand":[],"product_cat":[429],"product_tag":[],"class_list":{"0":"post-16992","1":"product","2":"type-product","3":"status-publish","4":"has-post-thumbnail","6":"product_cat-prises-escalade","8":"first","9":"instock","10":"taxable","11":"shipping-taxable","12":"purchasable","13":"product-type-simple"},"_links":{"self":[{"href":"https:\/\/topholds.com\/fr\/wp-json\/wp\/v2\/product\/16992","targetHints":{"allow":["GET"]}}],"collection":[{"href":"https:\/\/topholds.com\/fr\/wp-json\/wp\/v2\/product"}],"about":[{"href":"https:\/\/topholds.com\/fr\/wp-json\/wp\/v2\/types\/product"}],"replies":[{"embeddable":true,"href":"https:\/\/topholds.com\/fr\/wp-json\/wp\/v2\/comments?post=16992"}],"wp:featuredmedia":[{"embeddable":true,"href":"https:\/\/topholds.com\/fr\/wp-json\/wp\/v2\/media\/9970"}],"wp:attachment":[{"href":"https:\/\/topholds.com\/fr\/wp-json\/wp\/v2\/media?parent=16992"}],"wp:term":[{"taxonomy":"product_brand","embeddable":true,"href":"https:\/\/topholds.com\/fr\/wp-json\/wp\/v2\/product_brand?post=16992"},{"taxonomy":"product_cat","embeddable":true,"href":"https:\/\/topholds.com\/fr\/wp-json\/wp\/v2\/product_cat?post=16992"},{"taxonomy":"product_tag","embeddable":true,"href":"https:\/\/topholds.com\/fr\/wp-json\/wp\/v2\/product_tag?post=16992"}],"curies":[{"name":"wp","href":"https:\/\/api.w.org\/{rel}","templated":true}]}}