{"id":17002,"date":"2021-01-24T12:17:09","date_gmt":"2021-01-24T12:17:09","guid":{"rendered":"https:\/\/topholds.com\/puppy-trail\/"},"modified":"2024-08-26T04:34:16","modified_gmt":"2024-08-26T04:34:16","slug":"puppy-trail","status":"publish","type":"product","link":"https:\/\/topholds.com\/fr\/offre\/prises-escalade\/enfants\/puppy-trail\/","title":{"rendered":"Pack Prises d&rsquo;escalade pour Enfants Puppy Trail"},"content":{"rendered":"<p><strong>Puppy Trail est un pack de 6 prises d&rsquo;escalade pour enfants<\/strong> avec une texture granulaire douce.<\/p>\n<p>Elles sont con\u00e7ues pour que les enfants puissent profiter de l&rsquo;escalade en toute s\u00e9curit\u00e9 et confort. Elles s&rsquo;adaptent \u00e0 diff\u00e9rentes tailles de mains et de pieds.<\/p>\n<p>Vous pourrez effectuer l&rsquo;<strong>installation sur n&rsquo;importe quelle surface de mani\u00e8re confortable et simple<\/strong> avec des vis. Pour des panneaux de 20 mm, nous vous recommandons d&rsquo;utiliser des vis de 5 x 45 mm.<\/p>\n<p>Si vous souhaitez une couleur sp\u00e9ciale, \u00e9crivez-le dans les \u00ab\u00a0notes\u00a0\u00bb ou contactez-nous.<\/p>\n","protected":false},"excerpt":{"rendered":"<ul>\n<li>Puppy Trail est un ensemble de 6 prises d&rsquo;escalade pour enfants<\/li>\n<li>Texture sablonneuse douce.<\/li>\n<li>Id\u00e9ales pour les enfants de tout \u00e2ge.<\/li>\n<li>Installation facile sur toute surface avec des vis \u00e0 bois.<\/li>\n<\/ul>\n","protected":false},"featured_media":20291,"comment_status":"open","ping_status":"closed","template":"","meta":[],"product_brand":[],"product_cat":[431],"product_tag":[],"class_list":{"0":"post-17002","1":"product","2":"type-product","3":"status-publish","4":"has-post-thumbnail","6":"product_cat-enfants","8":"first","9":"instock","10":"sale","11":"taxable","12":"shipping-taxable","13":"purchasable","14":"product-type-simple"},"_links":{"self":[{"href":"https:\/\/topholds.com\/fr\/wp-json\/wp\/v2\/product\/17002","targetHints":{"allow":["GET"]}}],"collection":[{"href":"https:\/\/topholds.com\/fr\/wp-json\/wp\/v2\/product"}],"about":[{"href":"https:\/\/topholds.com\/fr\/wp-json\/wp\/v2\/types\/product"}],"replies":[{"embeddable":true,"href":"https:\/\/topholds.com\/fr\/wp-json\/wp\/v2\/comments?post=17002"}],"wp:featuredmedia":[{"embeddable":true,"href":"https:\/\/topholds.com\/fr\/wp-json\/wp\/v2\/media\/20291"}],"wp:attachment":[{"href":"https:\/\/topholds.com\/fr\/wp-json\/wp\/v2\/media?parent=17002"}],"wp:term":[{"taxonomy":"product_brand","embeddable":true,"href":"https:\/\/topholds.com\/fr\/wp-json\/wp\/v2\/product_brand?post=17002"},{"taxonomy":"product_cat","embeddable":true,"href":"https:\/\/topholds.com\/fr\/wp-json\/wp\/v2\/product_cat?post=17002"},{"taxonomy":"product_tag","embeddable":true,"href":"https:\/\/topholds.com\/fr\/wp-json\/wp\/v2\/product_tag?post=17002"}],"curies":[{"name":"wp","href":"https:\/\/api.w.org\/{rel}","templated":true}]}}