{"id":17007,"date":"2021-04-16T11:49:28","date_gmt":"2021-04-16T11:49:28","guid":{"rendered":"https:\/\/topholds.com\/cross-chain-evolution\/"},"modified":"2026-03-13T21:11:16","modified_gmt":"2026-03-13T21:11:16","slug":"cross-chain-evolution","status":"publish","type":"product","link":"https:\/\/topholds.com\/fr\/offre\/course-obstacles\/entrainements\/suspensionss\/cross-chain-evolution\/","title":{"rendered":"Suspensions OCR Cross Chain Evolution"},"content":{"rendered":"<p>La <strong>suspension de OCR Cross Chain Evolution<\/strong> est un cylindre avec crochet con\u00e7u pour des <strong>progressions horizontales ou verticales<\/strong> sur des cha\u00eenes ou de petites anneaux.<\/p>\n<p>Sa taille est ajustable \u00e0 la paume de la main, ce qui le rend facile \u00e0 utiliser pour tous les niveaux d&rsquo;entra\u00eenement.<\/p>\n<p>La nouvelle gamme Evolution de TopHolds offre une am\u00e9lioration de la qualit\u00e9 des <em>suspensions OCR<\/em>. Les produits sont fabriqu\u00e9s avec des <strong>composants de premier choix<\/strong> et l&rsquo;esth\u00e9tique a \u00e9t\u00e9 am\u00e9lior\u00e9e.<\/p>\n<p>Le crochet de fixation a \u00e9t\u00e9 am\u00e9lior\u00e9 et est maintenant fabriqu\u00e9 en acier tremp\u00e9 de haute r\u00e9sistance, ce qui permet de travailler de mani\u00e8re plus efficace sur les obstacles.<\/p>\n<p>Dans le nouveau <strong>Cross Chain Evolution<\/strong>, le d\u00e9sagr\u00e9able manchon de l&rsquo;ancien crochet a \u00e9t\u00e9 \u00e9limin\u00e9 pour un <strong>plus grand confort de prise<\/strong>.<\/p>\n<p>La partie inf\u00e9rieure du cylindre a \u00e9t\u00e9 arrondie pour un ajustement parfait \u00e0 la main et a \u00e9t\u00e9 renforc\u00e9e avec de l&rsquo;acier pour \u00e9viter des cassures en cas de mauvaises prises lat\u00e9rales.<\/p>\n<p><iframe title=\"Lecteur vid\u00e9o YouTube\" src=\"https:\/\/www.youtube.com\/embed\/n2_DwBUEgdU\" width=\"560\" height=\"315\" frameborder=\"0\" allowfullscreen=\"allowfullscreen\"><\/iframe><\/p>\n<p>Il dispose d&rsquo;une <strong>texture tr\u00e8s adh\u00e9rente et douce pour les mains<\/strong>, qui emp\u00eache de glisser et permet de travailler la r\u00e9sistance pendant longtemps. C&rsquo;est le compl\u00e9ment parfait pour vos <strong>entra\u00eenements d&rsquo;escalade, OCR et Crossfit<\/strong>.<\/p>\n<p>Tr\u00e8s l\u00e9gers, id\u00e9aux pour les emporter \u00e0 nos entra\u00eenements n&rsquo;importe o\u00f9.<\/p>\n<p>Les couleurs pourraient ne pas \u00eatre celles de la photo, consultez-nous si vous souhaitez une couleur sp\u00e9ciale.<\/p>\n","protected":false},"excerpt":{"rendered":"<ul>\n<li>Cylindre avec crochet pour des progressions sur cha\u00eenes ou petites anneaux<\/li>\n<li>Taille ajustable pour tous les niveaux d&rsquo;entra\u00eenement<\/li>\n<li>Crochet de fixation fabriqu\u00e9 en acier tremp\u00e9 de haute r\u00e9sistance<\/li>\n<li>Texture adh\u00e9rente et douce pour travailler l&rsquo;endurance<\/li>\n<\/ul>\n","protected":false},"featured_media":20296,"comment_status":"open","ping_status":"closed","template":"","meta":[],"product_brand":[],"product_cat":[402,450,455],"product_tag":[],"class_list":{"0":"post-17007","1":"product","2":"type-product","3":"status-publish","4":"has-post-thumbnail","6":"product_cat-course-obstacles","7":"product_cat-entrainements","8":"product_cat-suspensionss","10":"first","11":"instock","12":"taxable","13":"shipping-taxable","14":"purchasable","15":"product-type-simple"},"_links":{"self":[{"href":"https:\/\/topholds.com\/fr\/wp-json\/wp\/v2\/product\/17007","targetHints":{"allow":["GET"]}}],"collection":[{"href":"https:\/\/topholds.com\/fr\/wp-json\/wp\/v2\/product"}],"about":[{"href":"https:\/\/topholds.com\/fr\/wp-json\/wp\/v2\/types\/product"}],"replies":[{"embeddable":true,"href":"https:\/\/topholds.com\/fr\/wp-json\/wp\/v2\/comments?post=17007"}],"wp:featuredmedia":[{"embeddable":true,"href":"https:\/\/topholds.com\/fr\/wp-json\/wp\/v2\/media\/20296"}],"wp:attachment":[{"href":"https:\/\/topholds.com\/fr\/wp-json\/wp\/v2\/media?parent=17007"}],"wp:term":[{"taxonomy":"product_brand","embeddable":true,"href":"https:\/\/topholds.com\/fr\/wp-json\/wp\/v2\/product_brand?post=17007"},{"taxonomy":"product_cat","embeddable":true,"href":"https:\/\/topholds.com\/fr\/wp-json\/wp\/v2\/product_cat?post=17007"},{"taxonomy":"product_tag","embeddable":true,"href":"https:\/\/topholds.com\/fr\/wp-json\/wp\/v2\/product_tag?post=17007"}],"curies":[{"name":"wp","href":"https:\/\/api.w.org\/{rel}","templated":true}]}}