{"id":17012,"date":"2021-04-16T11:54:44","date_gmt":"2021-04-16T11:54:44","guid":{"rendered":"https:\/\/topholds.com\/moon-balls\/"},"modified":"2026-03-13T21:11:16","modified_gmt":"2026-03-13T21:11:16","slug":"moon-balls","status":"publish","type":"product","link":"https:\/\/topholds.com\/fr\/offre\/course-obstacles\/entrainements\/suspensionss\/moon-balls\/","title":{"rendered":"Suspensions OCR Moon Balls"},"content":{"rendered":"<p><strong>Moon Balls<\/strong> sont bien plus que de simples <strong>balles de suspension OCR<\/strong> : elles sont ton partenaire d&rsquo;entra\u00eenement id\u00e9al pour l&rsquo;OCR, la calisth\u00e9nie, l&rsquo;escalade ou le Crossfit. Voici quelques raisons pour lesquelles tu les adoreras :<\/p>\n<p>Elles ont un diam\u00e8tre de 12 cm et un trou qui te permet de les accrocher aux poign\u00e9es de peg board et de cr\u00e9er tes propres combinaisons. Tu peux <strong>ajuster le niveau de difficult\u00e9<\/strong> en changeant la distance entre les balles.<\/p>\n<p>Elles ont un design doux et ergonomique qui s&rsquo;adapte confortablement \u00e0 ta main et \u00e9vite les frottements ou les blessures.<\/p>\n<p>Elles <strong>aident \u00e0 d\u00e9velopper la force de pr\u00e9hension<\/strong>, la coordination, l&rsquo;\u00e9quilibre, l&rsquo;endurance et l&rsquo;agilit\u00e9. Tu peux les utiliser pour des <strong>exercices de suspension<\/strong>, des mouvements de balancement, des transferts dynamiques et bien plus.<\/p>\n<p>Tu peux les accrocher \u00e0 n&rsquo;importe quelle branche, barre de traction, parc public ou o\u00f9 que tu trouves un endroit adapt\u00e9. Pas d&rsquo;excuses pour sauter ton entra\u00eenement !<\/p>\n<p>Les couleurs peuvent ne pas \u00eatre celles de la photo (consulte-nous si tu souhaites une couleur sp\u00e9ciale).<\/p>\n<p>Le prix est entendu pour une balle avec son cordon. Les poign\u00e9es de pegboard ne sont pas incluses et devront \u00eatre achet\u00e9es s\u00e9par\u00e9ment si n\u00e9cessaire.<\/p>\n","protected":false},"excerpt":{"rendered":"<ul>\n<li>Combine les balles avec les poign\u00e9es de peg board selon vos go\u00fbts et votre niveau.<\/li>\n<li>Profitez de leur toucher doux et de leur forme ergonomique qui prend soin de vos mains.<\/li>\n<li>Am\u00e9liorez votre force, votre coordination, votre \u00e9quilibre et votre endurance avec des exercices vari\u00e9s et amusants.<\/li>\n<li>Entra\u00eenez-vous o\u00f9 vous le souhaitez en suspendant les balles \u00e0 tout support.<\/li>\n<\/ul>\n","protected":false},"featured_media":20311,"comment_status":"open","ping_status":"closed","template":"","meta":[],"product_brand":[],"product_cat":[402,450,453,455],"product_tag":[],"class_list":{"0":"post-17012","1":"product","2":"type-product","3":"status-publish","4":"has-post-thumbnail","6":"product_cat-course-obstacles","7":"product_cat-entrainements","8":"product_cat-peg-board","9":"product_cat-suspensionss","11":"first","12":"instock","13":"sale","14":"taxable","15":"shipping-taxable","16":"purchasable","17":"product-type-simple"},"_links":{"self":[{"href":"https:\/\/topholds.com\/fr\/wp-json\/wp\/v2\/product\/17012","targetHints":{"allow":["GET"]}}],"collection":[{"href":"https:\/\/topholds.com\/fr\/wp-json\/wp\/v2\/product"}],"about":[{"href":"https:\/\/topholds.com\/fr\/wp-json\/wp\/v2\/types\/product"}],"replies":[{"embeddable":true,"href":"https:\/\/topholds.com\/fr\/wp-json\/wp\/v2\/comments?post=17012"}],"wp:featuredmedia":[{"embeddable":true,"href":"https:\/\/topholds.com\/fr\/wp-json\/wp\/v2\/media\/20311"}],"wp:attachment":[{"href":"https:\/\/topholds.com\/fr\/wp-json\/wp\/v2\/media?parent=17012"}],"wp:term":[{"taxonomy":"product_brand","embeddable":true,"href":"https:\/\/topholds.com\/fr\/wp-json\/wp\/v2\/product_brand?post=17012"},{"taxonomy":"product_cat","embeddable":true,"href":"https:\/\/topholds.com\/fr\/wp-json\/wp\/v2\/product_cat?post=17012"},{"taxonomy":"product_tag","embeddable":true,"href":"https:\/\/topholds.com\/fr\/wp-json\/wp\/v2\/product_tag?post=17012"}],"curies":[{"name":"wp","href":"https:\/\/api.w.org\/{rel}","templated":true}]}}