{"id":17022,"date":"2021-08-16T18:09:03","date_gmt":"2021-08-16T18:09:03","guid":{"rendered":"https:\/\/topholds.com\/dunas-xl8\/"},"modified":"2024-08-26T04:36:55","modified_gmt":"2024-08-26T04:36:55","slug":"dunas-xl8","status":"publish","type":"product","link":"https:\/\/topholds.com\/fr\/offre\/prises-escalade\/dunas-xl8\/","title":{"rendered":"Pack Prises d&rsquo;escalade Dunas XL8"},"content":{"rendered":"<p><strong>Dunas XL8 est un pack de 8 prises d&rsquo;escalade<\/strong> de haute qualit\u00e9 avec une texture sablonneuse douce, con\u00e7ues pour satisfaire les besoins des grimpeurs de tous niveaux.<\/p>\n<p>Avec une <strong>combinaison de bords positifs et arrondis<\/strong>, ce lot de prises offre une grande vari\u00e9t\u00e9 d&rsquo;options pour d\u00e9fier vos comp\u00e9tences sur le mur. Les diam\u00e8tres des prises varient entre 13 et 25 cm, ce qui en fait un excellent choix pour <strong>entra\u00eener des prises de diff\u00e9rentes tailles<\/strong>.<\/p>\n<p>Chaque prise est \u00e9quip\u00e9e de trois petits trous et d&rsquo;un grand trou pour permettre une <strong>installation facile \u00e0 l&rsquo;aide de vis allen ou de tire-fonds<\/strong>. Il est recommand\u00e9 d&rsquo;utiliser des vis M10x40 (recommand\u00e9) ou M8x40.<\/p>\n<p>Les couleurs peuvent ne pas correspondre \u00e0 celles de la photo. Si vous souhaitez une couleur sp\u00e9ciale, veuillez nous contacter.<\/p>\n","protected":false},"excerpt":{"rendered":"<ul>\n<li>Dunas XL8 est un lot de 8 prises d&rsquo;escalade avec une texture de gr\u00e8s douce.<\/li>\n<li>Prises avec bords positifs et arrondis.<\/li>\n<li>Diam\u00e8tres entre 13 et 25 cm.<\/li>\n<li>Installation facile avec des vis Allen ou des tire-fonds.<\/li>\n<\/ul>\n","protected":false},"featured_media":20361,"comment_status":"open","ping_status":"closed","template":"","meta":[],"product_brand":[],"product_cat":[429],"product_tag":[],"class_list":{"0":"post-17022","1":"product","2":"type-product","3":"status-publish","4":"has-post-thumbnail","6":"product_cat-prises-escalade","8":"first","9":"instock","10":"taxable","11":"shipping-taxable","12":"purchasable","13":"product-type-simple"},"_links":{"self":[{"href":"https:\/\/topholds.com\/fr\/wp-json\/wp\/v2\/product\/17022","targetHints":{"allow":["GET"]}}],"collection":[{"href":"https:\/\/topholds.com\/fr\/wp-json\/wp\/v2\/product"}],"about":[{"href":"https:\/\/topholds.com\/fr\/wp-json\/wp\/v2\/types\/product"}],"replies":[{"embeddable":true,"href":"https:\/\/topholds.com\/fr\/wp-json\/wp\/v2\/comments?post=17022"}],"wp:featuredmedia":[{"embeddable":true,"href":"https:\/\/topholds.com\/fr\/wp-json\/wp\/v2\/media\/20361"}],"wp:attachment":[{"href":"https:\/\/topholds.com\/fr\/wp-json\/wp\/v2\/media?parent=17022"}],"wp:term":[{"taxonomy":"product_brand","embeddable":true,"href":"https:\/\/topholds.com\/fr\/wp-json\/wp\/v2\/product_brand?post=17022"},{"taxonomy":"product_cat","embeddable":true,"href":"https:\/\/topholds.com\/fr\/wp-json\/wp\/v2\/product_cat?post=17022"},{"taxonomy":"product_tag","embeddable":true,"href":"https:\/\/topholds.com\/fr\/wp-json\/wp\/v2\/product_tag?post=17022"}],"curies":[{"name":"wp","href":"https:\/\/api.w.org\/{rel}","templated":true}]}}