{"id":17027,"date":"2021-08-17T18:37:55","date_gmt":"2021-08-17T18:37:55","guid":{"rendered":"https:\/\/topholds.com\/lunas-l6\/"},"modified":"2024-08-26T04:37:31","modified_gmt":"2024-08-26T04:37:31","slug":"lunas-l6","status":"publish","type":"product","link":"https:\/\/topholds.com\/fr\/offre\/prises-escalade\/lunas-l6\/","title":{"rendered":"Pack Prises d&rsquo;escalade Lunas L6"},"content":{"rendered":"<p><strong>Lunas L6 est un pack de 6 prises d&rsquo;escalade<\/strong> avec une texture granuleuse douce.<\/p>\n<p>Ce <em>lot de prises d&rsquo;escalade<\/em> vous offre deux options de prise : <strong>r\u00e9glettes positives et pinces<\/strong>. Vous pouvez les placer selon vos pr\u00e9f\u00e9rences ou votre niveau de difficult\u00e9. De plus, elles ont 2 petits trous et un grand, pour que vous puissiez <strong>les installer avec des vis allen ou des vis \u00e0 bois<\/strong>.<\/p>\n<p>Les vis recommand\u00e9es pour leur installation sont des M10x40, bien que vous puissiez \u00e9galement utiliser des M8x40.<\/p>\n<p>Les prises peuvent varier de couleur selon le stock. Si vous pr\u00e9f\u00e9rez une couleur sp\u00e9cifique, contactez-nous.<\/p>\n","protected":false},"excerpt":{"rendered":"<ul>\n<li>Lunas L6 est un lot de 6 prises avec une texture sablonneuse douce.<\/li>\n<li>Prises avec des r\u00e9gletas positives et des pinces.<\/li>\n<li>Installation facile et s\u00e9curis\u00e9e avec des vis ou des tirefonds.<\/li>\n<\/ul>\n<p>&nbsp;<\/p>\n","protected":false},"featured_media":20386,"comment_status":"open","ping_status":"closed","template":"","meta":[],"product_brand":[],"product_cat":[429],"product_tag":[],"class_list":{"0":"post-17027","1":"product","2":"type-product","3":"status-publish","4":"has-post-thumbnail","6":"product_cat-prises-escalade","8":"first","9":"instock","10":"taxable","11":"shipping-taxable","12":"purchasable","13":"product-type-simple"},"_links":{"self":[{"href":"https:\/\/topholds.com\/fr\/wp-json\/wp\/v2\/product\/17027","targetHints":{"allow":["GET"]}}],"collection":[{"href":"https:\/\/topholds.com\/fr\/wp-json\/wp\/v2\/product"}],"about":[{"href":"https:\/\/topholds.com\/fr\/wp-json\/wp\/v2\/types\/product"}],"replies":[{"embeddable":true,"href":"https:\/\/topholds.com\/fr\/wp-json\/wp\/v2\/comments?post=17027"}],"wp:featuredmedia":[{"embeddable":true,"href":"https:\/\/topholds.com\/fr\/wp-json\/wp\/v2\/media\/20386"}],"wp:attachment":[{"href":"https:\/\/topholds.com\/fr\/wp-json\/wp\/v2\/media?parent=17027"}],"wp:term":[{"taxonomy":"product_brand","embeddable":true,"href":"https:\/\/topholds.com\/fr\/wp-json\/wp\/v2\/product_brand?post=17027"},{"taxonomy":"product_cat","embeddable":true,"href":"https:\/\/topholds.com\/fr\/wp-json\/wp\/v2\/product_cat?post=17027"},{"taxonomy":"product_tag","embeddable":true,"href":"https:\/\/topholds.com\/fr\/wp-json\/wp\/v2\/product_tag?post=17027"}],"curies":[{"name":"wp","href":"https:\/\/api.w.org\/{rel}","templated":true}]}}