{"id":17032,"date":"2021-08-17T18:38:45","date_gmt":"2021-08-17T18:38:45","guid":{"rendered":"https:\/\/topholds.com\/lunas-m15\/"},"modified":"2024-08-26T04:38:07","modified_gmt":"2024-08-26T04:38:07","slug":"lunas-m15","status":"publish","type":"product","link":"https:\/\/topholds.com\/fr\/offre\/prises-escalade\/lunas-m15\/","title":{"rendered":"Pack Prises d&rsquo;escalade Lunas M15"},"content":{"rendered":"<p><strong>Lunas M15 est un pack de 15 prises d&rsquo;escalade<\/strong> avec une texture sablonneuse douce.<\/p>\n<p>Ces prises te permettent de pratiquer l&rsquo;escalade avec <strong>diff\u00e9rents types de prises<\/strong> tels que : des r\u00e9glettes (positives ou neutres) et des pinces, pour s&rsquo;adapter \u00e0 diff\u00e9rents niveaux de difficult\u00e9.<\/p>\n<p>De plus, elles ont 2 petits trous et un grand trou, afin que <strong>tu puisses les installer avec des vis Allen ou avec des tirefonds<\/strong>. Les vis recommand\u00e9es sont celles de M10x40, bien que tu puisses \u00e9galement utiliser celles de M8x40.<\/p>\n<p>Les prises peuvent varier en couleur selon la disponibilit\u00e9. Si tu souhaites choisir une couleur sp\u00e9cifique, contacte-nous.<\/p>\n","protected":false},"excerpt":{"rendered":"<ul>\n<li>Lunas M15 est un lot de 15 prises avec une texture de gr\u00e8s doux.<\/li>\n<li>Prises avec r\u00e9glettes (positives \/ neutres) et pinces.<\/li>\n<li>Installation facile et s\u00e9curis\u00e9e avec des vis ou des vis \u00e0 bois.<\/li>\n<\/ul>\n<p>&nbsp;<\/p>\n<p>&nbsp;<\/p>\n","protected":false},"featured_media":20406,"comment_status":"open","ping_status":"closed","template":"","meta":[],"product_brand":[],"product_cat":[429],"product_tag":[],"class_list":{"0":"post-17032","1":"product","2":"type-product","3":"status-publish","4":"has-post-thumbnail","6":"product_cat-prises-escalade","8":"first","9":"instock","10":"taxable","11":"shipping-taxable","12":"purchasable","13":"product-type-simple"},"_links":{"self":[{"href":"https:\/\/topholds.com\/fr\/wp-json\/wp\/v2\/product\/17032","targetHints":{"allow":["GET"]}}],"collection":[{"href":"https:\/\/topholds.com\/fr\/wp-json\/wp\/v2\/product"}],"about":[{"href":"https:\/\/topholds.com\/fr\/wp-json\/wp\/v2\/types\/product"}],"replies":[{"embeddable":true,"href":"https:\/\/topholds.com\/fr\/wp-json\/wp\/v2\/comments?post=17032"}],"wp:featuredmedia":[{"embeddable":true,"href":"https:\/\/topholds.com\/fr\/wp-json\/wp\/v2\/media\/20406"}],"wp:attachment":[{"href":"https:\/\/topholds.com\/fr\/wp-json\/wp\/v2\/media?parent=17032"}],"wp:term":[{"taxonomy":"product_brand","embeddable":true,"href":"https:\/\/topholds.com\/fr\/wp-json\/wp\/v2\/product_brand?post=17032"},{"taxonomy":"product_cat","embeddable":true,"href":"https:\/\/topholds.com\/fr\/wp-json\/wp\/v2\/product_cat?post=17032"},{"taxonomy":"product_tag","embeddable":true,"href":"https:\/\/topholds.com\/fr\/wp-json\/wp\/v2\/product_tag?post=17032"}],"curies":[{"name":"wp","href":"https:\/\/api.w.org\/{rel}","templated":true}]}}