{"id":17037,"date":"2021-08-17T18:46:48","date_gmt":"2021-08-17T18:46:48","guid":{"rendered":"https:\/\/topholds.com\/lunas-s15\/"},"modified":"2024-08-26T04:38:46","modified_gmt":"2024-08-26T04:38:46","slug":"lunas-s15","status":"publish","type":"product","link":"https:\/\/topholds.com\/fr\/offre\/prises-escalade\/lunas-s15\/","title":{"rendered":"Pack Prises d&rsquo;escalade Lunas S15"},"content":{"rendered":"<p><strong>Lunas S15 est un pack de prises d&rsquo;escalade<\/strong> de haute qualit\u00e9, con\u00e7u pour r\u00e9pondre aux besoins des grimpeurs de tous niveaux.<\/p>\n<p>Avec un total de 15 prises, y compris des r\u00e9glets positifs et neutres, ainsi que des pinces avec <strong>texture douce de gr\u00e8s<\/strong>, ce lot offre une grande vari\u00e9t\u00e9 d&rsquo;options pour d\u00e9fier vos comp\u00e9tences sur le mur.<\/p>\n<p>Chaque prise dispose d&rsquo;un <strong>trou anti-rotation<\/strong> pour plus de stabilit\u00e9 pendant l&rsquo;utilisation.<\/p>\n<p>Les vis n\u00e9cessaires pour son installation sont M10x40 (recommand\u00e9) ou M8x40.<\/p>\n<p>Les couleurs peuvent ne pas \u00eatre celles de la photo. Si vous souhaitez une couleur sp\u00e9ciale, veuillez nous contacter.<\/p>\n","protected":false},"excerpt":{"rendered":"<ul>\n<li>Lunas S15 est un lot de 15 prises avec une texture de gr\u00e8s doux.<\/li>\n<li>Prises avec r\u00e9glets (positifs \/ neutres) et pinces.<\/li>\n<li>Toutes fournies avec un trou anti-rotation.<\/li>\n<\/ul>\n<p>&nbsp;<\/p>\n<p>&nbsp;<\/p>\n","protected":false},"featured_media":20431,"comment_status":"open","ping_status":"closed","template":"","meta":[],"product_brand":[],"product_cat":[429],"product_tag":[],"class_list":{"0":"post-17037","1":"product","2":"type-product","3":"status-publish","4":"has-post-thumbnail","6":"product_cat-prises-escalade","8":"first","9":"instock","10":"taxable","11":"shipping-taxable","12":"purchasable","13":"product-type-simple"},"_links":{"self":[{"href":"https:\/\/topholds.com\/fr\/wp-json\/wp\/v2\/product\/17037","targetHints":{"allow":["GET"]}}],"collection":[{"href":"https:\/\/topholds.com\/fr\/wp-json\/wp\/v2\/product"}],"about":[{"href":"https:\/\/topholds.com\/fr\/wp-json\/wp\/v2\/types\/product"}],"replies":[{"embeddable":true,"href":"https:\/\/topholds.com\/fr\/wp-json\/wp\/v2\/comments?post=17037"}],"wp:featuredmedia":[{"embeddable":true,"href":"https:\/\/topholds.com\/fr\/wp-json\/wp\/v2\/media\/20431"}],"wp:attachment":[{"href":"https:\/\/topholds.com\/fr\/wp-json\/wp\/v2\/media?parent=17037"}],"wp:term":[{"taxonomy":"product_brand","embeddable":true,"href":"https:\/\/topholds.com\/fr\/wp-json\/wp\/v2\/product_brand?post=17037"},{"taxonomy":"product_cat","embeddable":true,"href":"https:\/\/topholds.com\/fr\/wp-json\/wp\/v2\/product_cat?post=17037"},{"taxonomy":"product_tag","embeddable":true,"href":"https:\/\/topholds.com\/fr\/wp-json\/wp\/v2\/product_tag?post=17037"}],"curies":[{"name":"wp","href":"https:\/\/api.w.org\/{rel}","templated":true}]}}