{"id":17052,"date":"2021-08-18T15:06:46","date_gmt":"2021-08-18T15:06:46","guid":{"rendered":"https:\/\/topholds.com\/bubble-mg10\/"},"modified":"2024-08-26T04:40:38","modified_gmt":"2024-08-26T04:40:38","slug":"bubble-mg10","status":"publish","type":"product","link":"https:\/\/topholds.com\/fr\/offre\/prises-escalade\/bubble-mg10\/","title":{"rendered":"Pack Prises d&rsquo;escalade Bubble MG10"},"content":{"rendered":"<p><strong>Bubble MG10 est un pack de 10 prises d&rsquo;escalade<\/strong> avec une texture sablonneuse douce.<\/p>\n<p>Ces prises vous offrent diff\u00e9rentes options de pr\u00e9hension telles que : <strong>corniches, gobelets et pinces, pour que vous puissiez grimper avec diff\u00e9rents niveaux d&rsquo;exigence<\/strong>. De plus, elles ont un trou pour mettre une vis qui les fixe et emp\u00eache leur rotation.<\/p>\n<p>Pour leur installation, les vis qui s&rsquo;adaptent le mieux sont celles de M10x50, mais vous pouvez \u00e9galement utiliser celles de M8x50.<\/p>\n<p>Les prises peuvent avoir diff\u00e9rentes couleurs selon le stock. Si vous pr\u00e9f\u00e9rez une couleur sp\u00e9cifique, contactez-nous.<\/p>\n","protected":false},"excerpt":{"rendered":"<ul>\n<li>Bubble MG10 est un lot de 10 prises avec une texture sableuse douce.<\/li>\n<li>Prises avec bords, cavit\u00e9s et pinces.<\/li>\n<li>Toutes \u00e9quip\u00e9es d&rsquo;un trou pour vis anti-rotation.<\/li>\n<\/ul>\n","protected":false},"featured_media":20496,"comment_status":"open","ping_status":"closed","template":"","meta":[],"product_brand":[],"product_cat":[429],"product_tag":[],"class_list":{"0":"post-17052","1":"product","2":"type-product","3":"status-publish","4":"has-post-thumbnail","6":"product_cat-prises-escalade","8":"first","9":"instock","10":"taxable","11":"shipping-taxable","12":"purchasable","13":"product-type-simple"},"_links":{"self":[{"href":"https:\/\/topholds.com\/fr\/wp-json\/wp\/v2\/product\/17052","targetHints":{"allow":["GET"]}}],"collection":[{"href":"https:\/\/topholds.com\/fr\/wp-json\/wp\/v2\/product"}],"about":[{"href":"https:\/\/topholds.com\/fr\/wp-json\/wp\/v2\/types\/product"}],"replies":[{"embeddable":true,"href":"https:\/\/topholds.com\/fr\/wp-json\/wp\/v2\/comments?post=17052"}],"wp:featuredmedia":[{"embeddable":true,"href":"https:\/\/topholds.com\/fr\/wp-json\/wp\/v2\/media\/20496"}],"wp:attachment":[{"href":"https:\/\/topholds.com\/fr\/wp-json\/wp\/v2\/media?parent=17052"}],"wp:term":[{"taxonomy":"product_brand","embeddable":true,"href":"https:\/\/topholds.com\/fr\/wp-json\/wp\/v2\/product_brand?post=17052"},{"taxonomy":"product_cat","embeddable":true,"href":"https:\/\/topholds.com\/fr\/wp-json\/wp\/v2\/product_cat?post=17052"},{"taxonomy":"product_tag","embeddable":true,"href":"https:\/\/topholds.com\/fr\/wp-json\/wp\/v2\/product_tag?post=17052"}],"curies":[{"name":"wp","href":"https:\/\/api.w.org\/{rel}","templated":true}]}}