{"id":17057,"date":"2021-08-18T15:17:47","date_gmt":"2021-08-18T15:17:47","guid":{"rendered":"https:\/\/topholds.com\/bubble-mp10\/"},"modified":"2024-08-26T04:41:12","modified_gmt":"2024-08-26T04:41:12","slug":"bubble-mp10","status":"publish","type":"product","link":"https:\/\/topholds.com\/fr\/offre\/prises-escalade\/bubble-mp10\/","title":{"rendered":"Pack Prises d&rsquo;escalade Bubble MP10"},"content":{"rendered":"<p><strong>Bubble MP10 est un pack de 10 prises d&rsquo;escalade<\/strong> avec une texture sableuse douce.<\/p>\n<p>Ces prises offrent diff\u00e9rents types de prise tels que : ar\u00eates, trous et pinces, pour s&rsquo;adapter \u00e0 diff\u00e9rents niveaux de difficult\u00e9. De plus, elles disposent d&rsquo;un trou anti-rotation qui emp\u00eache qu&rsquo;elles se d\u00e9placent ou tournent.<\/p>\n<p>Les vis recommand\u00e9es pour la <strong>r\u00e9installation du pack Bubble MP10<\/strong> sont des M10x40, bien qu&rsquo;il soit \u00e9galement possible d&rsquo;utiliser des M8x40.<\/p>\n<p>Les prises peuvent varier de couleur selon la disponibilit\u00e9. Si vous souhaitez choisir une couleur sp\u00e9cifique, contactez-nous.<\/p>\n","protected":false},"excerpt":{"rendered":"<ul>\n<li>Bubble MP10 est un lot de 10 prises avec une texture sableuse douce.<\/li>\n<li>Prises avec bords, cuves et pinces.<\/li>\n<li>Toutes \u00e9quip\u00e9es d&rsquo;un trou anti-rotation.<\/li>\n<\/ul>\n","protected":false},"featured_media":20521,"comment_status":"open","ping_status":"closed","template":"","meta":[],"product_brand":[],"product_cat":[429],"product_tag":[],"class_list":{"0":"post-17057","1":"product","2":"type-product","3":"status-publish","4":"has-post-thumbnail","6":"product_cat-prises-escalade","8":"first","9":"instock","10":"featured","11":"taxable","12":"shipping-taxable","13":"purchasable","14":"product-type-simple"},"_links":{"self":[{"href":"https:\/\/topholds.com\/fr\/wp-json\/wp\/v2\/product\/17057","targetHints":{"allow":["GET"]}}],"collection":[{"href":"https:\/\/topholds.com\/fr\/wp-json\/wp\/v2\/product"}],"about":[{"href":"https:\/\/topholds.com\/fr\/wp-json\/wp\/v2\/types\/product"}],"replies":[{"embeddable":true,"href":"https:\/\/topholds.com\/fr\/wp-json\/wp\/v2\/comments?post=17057"}],"wp:featuredmedia":[{"embeddable":true,"href":"https:\/\/topholds.com\/fr\/wp-json\/wp\/v2\/media\/20521"}],"wp:attachment":[{"href":"https:\/\/topholds.com\/fr\/wp-json\/wp\/v2\/media?parent=17057"}],"wp:term":[{"taxonomy":"product_brand","embeddable":true,"href":"https:\/\/topholds.com\/fr\/wp-json\/wp\/v2\/product_brand?post=17057"},{"taxonomy":"product_cat","embeddable":true,"href":"https:\/\/topholds.com\/fr\/wp-json\/wp\/v2\/product_cat?post=17057"},{"taxonomy":"product_tag","embeddable":true,"href":"https:\/\/topholds.com\/fr\/wp-json\/wp\/v2\/product_tag?post=17057"}],"curies":[{"name":"wp","href":"https:\/\/api.w.org\/{rel}","templated":true}]}}