{"id":17062,"date":"2021-08-18T15:18:26","date_gmt":"2021-08-18T15:18:26","guid":{"rendered":"https:\/\/topholds.com\/bubble-s10\/"},"modified":"2024-08-26T04:41:49","modified_gmt":"2024-08-26T04:41:49","slug":"bubble-s10","status":"publish","type":"product","link":"https:\/\/topholds.com\/fr\/offre\/prises-escalade\/bubble-s10\/","title":{"rendered":"Lot Prises d&rsquo;escalade Bubble S10"},"content":{"rendered":"<p>Le <strong>lot de prises d&rsquo;escalade Bubble MG10<\/strong> vous offre 10 prises de texture sablonneuse douce qui vous feront sentir comme si vous escaladiez sur de la roche naturelle. Ce sont des prises avec des ar\u00eates, des plats et des pinces qui vous permettront de varier le type de prise et de travailler votre \u00e9quilibre et votre coordination.<\/p>\n<p>Les <em>prises Bubble MG10<\/em> disposent d&rsquo;un syst\u00e8me de fixation s\u00fbr et r\u00e9sistant : toutes sont \u00e9quip\u00e9es d&rsquo;un trou pour vis anti-rotation qui emp\u00eache qu&rsquo;elles ne bougent ou ne tombent. De plus, elles sont faciles \u00e0 installer : vous avez seulement besoin de vis M10x40 (recommand\u00e9es) ou M8x40.<\/p>\n<p>Les couleurs peuvent ne pas correspondre \u00e0 celles de la photo. Si vous souhaitez une couleur sp\u00e9ciale, contactez-nous.<\/p>\n","protected":false},"excerpt":{"rendered":"<ul>\n<li>Bubble MG10 est un lot de 10 prises avec une texture sablonneuse douce.<\/li>\n<li>Prises avec bords, poches et pinces.<\/li>\n<li>Toutes \u00e9quip\u00e9es d&rsquo;un trou pour vis anti-rotation.<\/li>\n<\/ul>\n","protected":false},"featured_media":20546,"comment_status":"open","ping_status":"closed","template":"","meta":[],"product_brand":[],"product_cat":[429],"product_tag":[],"class_list":{"0":"post-17062","1":"product","2":"type-product","3":"status-publish","4":"has-post-thumbnail","6":"product_cat-prises-escalade","8":"first","9":"instock","10":"taxable","11":"shipping-taxable","12":"purchasable","13":"product-type-simple"},"_links":{"self":[{"href":"https:\/\/topholds.com\/fr\/wp-json\/wp\/v2\/product\/17062","targetHints":{"allow":["GET"]}}],"collection":[{"href":"https:\/\/topholds.com\/fr\/wp-json\/wp\/v2\/product"}],"about":[{"href":"https:\/\/topholds.com\/fr\/wp-json\/wp\/v2\/types\/product"}],"replies":[{"embeddable":true,"href":"https:\/\/topholds.com\/fr\/wp-json\/wp\/v2\/comments?post=17062"}],"wp:featuredmedia":[{"embeddable":true,"href":"https:\/\/topholds.com\/fr\/wp-json\/wp\/v2\/media\/20546"}],"wp:attachment":[{"href":"https:\/\/topholds.com\/fr\/wp-json\/wp\/v2\/media?parent=17062"}],"wp:term":[{"taxonomy":"product_brand","embeddable":true,"href":"https:\/\/topholds.com\/fr\/wp-json\/wp\/v2\/product_brand?post=17062"},{"taxonomy":"product_cat","embeddable":true,"href":"https:\/\/topholds.com\/fr\/wp-json\/wp\/v2\/product_cat?post=17062"},{"taxonomy":"product_tag","embeddable":true,"href":"https:\/\/topholds.com\/fr\/wp-json\/wp\/v2\/product_tag?post=17062"}],"curies":[{"name":"wp","href":"https:\/\/api.w.org\/{rel}","templated":true}]}}