{"id":17067,"date":"2021-08-18T15:53:36","date_gmt":"2021-08-18T15:53:36","guid":{"rendered":"https:\/\/topholds.com\/romos-l10\/"},"modified":"2024-08-26T04:42:23","modified_gmt":"2024-08-26T04:42:23","slug":"romos-l10","status":"publish","type":"product","link":"https:\/\/topholds.com\/fr\/offre\/prises-escalade\/romos-l10\/","title":{"rendered":"Lot Prises d&rsquo;escalade Romos L10"},"content":{"rendered":"<p>Le <strong>lot de prises d&rsquo;escalade Romos L10<\/strong> vous offre 10 prises de texture sableuse douce qui vous feront sentir comme si vous grimpiez sur de la roche naturelle. Ce sont des prises de forme ronde qui vous mettront au d\u00e9fi de maintenir votre prise avec force et pr\u00e9cision.<\/p>\n<p>Les <em><strong>prises Romos L10<\/strong><\/em> disposent d&rsquo;un syst\u00e8me de fixation polyvalent et s\u00e9curis\u00e9 : toutes sont \u00e9quip\u00e9es de 2 petits trous et d&rsquo;un grand, vous permettant de les installer avec des vis allen ou des tirants. De plus, vous pouvez les positionner pour une prise rome ou avec des r\u00e9glettes, selon le niveau de difficult\u00e9 souhait\u00e9.<\/p>\n<p>Les prises Romos L10 poss\u00e8dent des r\u00e9glettes positives et neutres qui vous permettront de travailler vos doigts et vos avant-bras sans vous blesser. Elles sont id\u00e9ales pour entra\u00eener votre r\u00e9sistance et votre technique.<\/p>\n<p>Pour installer les prises, vous aurez besoin des vis suivantes :<\/p>\n<ul>\n<li>5 unit\u00e9s de M10x40 (recommand\u00e9es) ou M8x40<\/li>\n<li>2 unit\u00e9s de M10x50 (recommand\u00e9es) ou M8x50<\/li>\n<li>3 unit\u00e9s de M10x60 (recommand\u00e9es) ou M8x60<\/li>\n<\/ul>\n<p>Les couleurs peuvent ne pas correspondre \u00e0 celles de la photo. Si vous souhaitez une couleur sp\u00e9ciale, veuillez nous contacter.<\/p>\n","protected":false},"excerpt":{"rendered":"<ul>\n<li>Romos L10 est un pack de prises avec une texture sabl\u00e9e douce.<\/li>\n<li>Possibilit\u00e9 de les installer pour une prise rome ou avec une r\u00e9glette.<\/li>\n<li>R\u00e9gletes positives et neutres.<\/li>\n<li>Installation par vis Allen ou tirefonds.<\/li>\n<\/ul>\n","protected":false},"featured_media":20566,"comment_status":"open","ping_status":"closed","template":"","meta":[],"product_brand":[],"product_cat":[429],"product_tag":[],"class_list":{"0":"post-17067","1":"product","2":"type-product","3":"status-publish","4":"has-post-thumbnail","6":"product_cat-prises-escalade","8":"first","9":"instock","10":"taxable","11":"shipping-taxable","12":"purchasable","13":"product-type-simple"},"_links":{"self":[{"href":"https:\/\/topholds.com\/fr\/wp-json\/wp\/v2\/product\/17067","targetHints":{"allow":["GET"]}}],"collection":[{"href":"https:\/\/topholds.com\/fr\/wp-json\/wp\/v2\/product"}],"about":[{"href":"https:\/\/topholds.com\/fr\/wp-json\/wp\/v2\/types\/product"}],"replies":[{"embeddable":true,"href":"https:\/\/topholds.com\/fr\/wp-json\/wp\/v2\/comments?post=17067"}],"wp:featuredmedia":[{"embeddable":true,"href":"https:\/\/topholds.com\/fr\/wp-json\/wp\/v2\/media\/20566"}],"wp:attachment":[{"href":"https:\/\/topholds.com\/fr\/wp-json\/wp\/v2\/media?parent=17067"}],"wp:term":[{"taxonomy":"product_brand","embeddable":true,"href":"https:\/\/topholds.com\/fr\/wp-json\/wp\/v2\/product_brand?post=17067"},{"taxonomy":"product_cat","embeddable":true,"href":"https:\/\/topholds.com\/fr\/wp-json\/wp\/v2\/product_cat?post=17067"},{"taxonomy":"product_tag","embeddable":true,"href":"https:\/\/topholds.com\/fr\/wp-json\/wp\/v2\/product_tag?post=17067"}],"curies":[{"name":"wp","href":"https:\/\/api.w.org\/{rel}","templated":true}]}}