{"id":17072,"date":"2021-08-18T16:15:41","date_gmt":"2021-08-18T16:15:41","guid":{"rendered":"https:\/\/topholds.com\/poliedro-02\/"},"modified":"2024-08-26T04:42:59","modified_gmt":"2024-08-26T04:42:59","slug":"poliedro-02","status":"publish","type":"product","link":"https:\/\/topholds.com\/fr\/offre\/prises-escalade\/poliedro-02\/","title":{"rendered":"Prises d&rsquo;escalade Poliedro 02"},"content":{"rendered":"<p>Le <strong>lot de prises d&rsquo;escalade Poliedro 02<\/strong> vous offre 10 prises avec une <strong>texture de gr\u00e8s douce<\/strong> qui vous feront sentir comme si vous escaladiez de la roche naturelle. Ce sont des prises avec des r\u00e9glettes et des pinces qui vous challengeront \u00e0 am\u00e9liorer votre technique et votre force.<\/p>\n<p>Les <em>prises Poliedro 02<\/em> disposent d&rsquo;un syst\u00e8me de fixation s\u00fbr et r\u00e9sistant : toutes poss\u00e8dent un trou pour vis anti-rotation qui emp\u00eache tout mouvement ou chute. De plus, elles sont faciles \u00e0 installer : il vous suffit de vis M10x40 (recommand\u00e9es) ou M8x40.<\/p>\n<p>Les couleurs peuvent ne pas correspondre \u00e0 celles de la photo. Si vous souhaitez une couleur sp\u00e9ciale, veuillez nous contacter.<\/p>\n","protected":false},"excerpt":{"rendered":"<ul>\n<li>Poliedro 02 est un lot de 10 prises avec une texture sablonneuse douce.<\/li>\n<li>Prises avec prises et pinces.<\/li>\n<li>Toutes fournies avec un trou pour vis anti-rotation.<\/li>\n<\/ul>\n","protected":false},"featured_media":20591,"comment_status":"open","ping_status":"closed","template":"","meta":[],"product_brand":[],"product_cat":[429],"product_tag":[],"class_list":{"0":"post-17072","1":"product","2":"type-product","3":"status-publish","4":"has-post-thumbnail","6":"product_cat-prises-escalade","8":"first","9":"instock","10":"taxable","11":"shipping-taxable","12":"purchasable","13":"product-type-simple"},"_links":{"self":[{"href":"https:\/\/topholds.com\/fr\/wp-json\/wp\/v2\/product\/17072","targetHints":{"allow":["GET"]}}],"collection":[{"href":"https:\/\/topholds.com\/fr\/wp-json\/wp\/v2\/product"}],"about":[{"href":"https:\/\/topholds.com\/fr\/wp-json\/wp\/v2\/types\/product"}],"replies":[{"embeddable":true,"href":"https:\/\/topholds.com\/fr\/wp-json\/wp\/v2\/comments?post=17072"}],"wp:featuredmedia":[{"embeddable":true,"href":"https:\/\/topholds.com\/fr\/wp-json\/wp\/v2\/media\/20591"}],"wp:attachment":[{"href":"https:\/\/topholds.com\/fr\/wp-json\/wp\/v2\/media?parent=17072"}],"wp:term":[{"taxonomy":"product_brand","embeddable":true,"href":"https:\/\/topholds.com\/fr\/wp-json\/wp\/v2\/product_brand?post=17072"},{"taxonomy":"product_cat","embeddable":true,"href":"https:\/\/topholds.com\/fr\/wp-json\/wp\/v2\/product_cat?post=17072"},{"taxonomy":"product_tag","embeddable":true,"href":"https:\/\/topholds.com\/fr\/wp-json\/wp\/v2\/product_tag?post=17072"}],"curies":[{"name":"wp","href":"https:\/\/api.w.org\/{rel}","templated":true}]}}