{"id":17077,"date":"2021-08-18T16:41:31","date_gmt":"2021-08-18T16:41:31","guid":{"rendered":"https:\/\/topholds.com\/soft-0\/"},"modified":"2024-08-26T04:43:34","modified_gmt":"2024-08-26T04:43:34","slug":"soft-0","status":"publish","type":"product","link":"https:\/\/topholds.com\/fr\/offre\/prises-escalade\/soft-0\/","title":{"rendered":"Prises d&rsquo;escalade Soft 0"},"content":{"rendered":"<p>Si vous souhaitez profiter de l&rsquo;escalade avec des prises douces et agr\u00e9ables au toucher, vous adorerez le <strong>lot de prises Soft 0<\/strong>. Ce sont 10 prises de <strong>texture sableuse<\/strong> qui imitent la roche naturelle et qui vous offrent diff\u00e9rents types de prise.<\/p>\n<p>Les <em>prises Soft 0<\/em> disposent d&rsquo;un syst\u00e8me de fixation s\u00fbr et r\u00e9sistant : toutes <strong>sont \u00e9quip\u00e9es d&rsquo;un trou pour vis anti-rotation<\/strong> qui emp\u00eache qu&rsquo;elles ne bougent ou ne tombent. De plus, elles sont faciles \u00e0 installer : il vous suffit de vis M10x40 (recommand\u00e9es) ou M8x40.<\/p>\n<p>Les couleurs peuvent ne pas \u00eatre celles de la photo. Si vous d\u00e9sirez une couleur sp\u00e9ciale, n&rsquo;h\u00e9sitez pas \u00e0 nous contacter.<\/p>\n","protected":false},"excerpt":{"rendered":"<ul>\n<li>Soft 0 est un lot de 10 prises avec une texture sablonneuse douce.<\/li>\n<li>Toutes sont \u00e9quip\u00e9es d&rsquo;un trou pour vis anti-rotation.<\/li>\n<li>Installation facile<\/li>\n<\/ul>\n","protected":false},"featured_media":10733,"comment_status":"open","ping_status":"closed","template":"","meta":[],"product_brand":[],"product_cat":[429],"product_tag":[],"class_list":{"0":"post-17077","1":"product","2":"type-product","3":"status-publish","4":"has-post-thumbnail","6":"product_cat-prises-escalade","8":"first","9":"instock","10":"taxable","11":"shipping-taxable","12":"purchasable","13":"product-type-simple"},"_links":{"self":[{"href":"https:\/\/topholds.com\/fr\/wp-json\/wp\/v2\/product\/17077","targetHints":{"allow":["GET"]}}],"collection":[{"href":"https:\/\/topholds.com\/fr\/wp-json\/wp\/v2\/product"}],"about":[{"href":"https:\/\/topholds.com\/fr\/wp-json\/wp\/v2\/types\/product"}],"replies":[{"embeddable":true,"href":"https:\/\/topholds.com\/fr\/wp-json\/wp\/v2\/comments?post=17077"}],"wp:featuredmedia":[{"embeddable":true,"href":"https:\/\/topholds.com\/fr\/wp-json\/wp\/v2\/media\/10733"}],"wp:attachment":[{"href":"https:\/\/topholds.com\/fr\/wp-json\/wp\/v2\/media?parent=17077"}],"wp:term":[{"taxonomy":"product_brand","embeddable":true,"href":"https:\/\/topholds.com\/fr\/wp-json\/wp\/v2\/product_brand?post=17077"},{"taxonomy":"product_cat","embeddable":true,"href":"https:\/\/topholds.com\/fr\/wp-json\/wp\/v2\/product_cat?post=17077"},{"taxonomy":"product_tag","embeddable":true,"href":"https:\/\/topholds.com\/fr\/wp-json\/wp\/v2\/product_tag?post=17077"}],"curies":[{"name":"wp","href":"https:\/\/api.w.org\/{rel}","templated":true}]}}