{"id":17082,"date":"2021-08-22T11:43:41","date_gmt":"2021-08-22T11:43:41","guid":{"rendered":"https:\/\/topholds.com\/bande-adhesive-climbskin-tape\/"},"modified":"2024-08-26T04:44:17","modified_gmt":"2024-08-26T04:44:17","slug":"bande-adhesive-climbskin-tape","status":"publish","type":"product","link":"https:\/\/topholds.com\/fr\/offre\/accessoires-escalade\/bande-adhesive\/bande-adhesive-climbskin-tape\/","title":{"rendered":"Bande Adh\u00e9sive Climbskin Tape"},"content":{"rendered":"<p>Si vous \u00eates passionn\u00e9 d&rsquo;escalade, vous savez \u00e0 quel point il est important de prot\u00e9ger vos doigts contre les blessures et l&rsquo;usure. C&rsquo;est pourquoi nous vous pr\u00e9sentons le bandage pour escalade le plus r\u00e9sistant et confortable du march\u00e9.<\/p>\n<p>Le <strong>bandage Climbskin Tape<\/strong> est fabriqu\u00e9 en 100 % coton, respirant et hypoallerg\u00e9nique. Son adh\u00e9sif de fusion \u00e0 chaud adh\u00e8re bien \u00e0 la peau sans laisser de r\u00e9sidus ni l&rsquo;irriter. Sa texture offre une haute friction et une bonne prise dans les fissures.<\/p>\n<p>De plus, le Climbskin Tape est facile \u00e0 utiliser : <strong>il se coupe \u00e0 la main sans besoin de ciseaux<\/strong> et s&rsquo;adapte \u00e0 toutes les tailles de doigts. Il a une tension continue qui ne se rel\u00e2che ni ne se d\u00e9colle.<\/p>\n<p>Avec le <em>Climbskin Tape, vous pourrez grimper en toute s\u00e9curit\u00e9 et confiance<\/em>, que ce soit pour <strong>pr\u00e9venir les blessures<\/strong> ou pour vous en remettre. Le Climbskin Tape comprend 1 rouleau de 1,25 cm x 13,7 m et 2 rouleaux de 0,5 cm x 13,7 m, sp\u00e9cialement con\u00e7us pour les bouts des doigts.<\/p>\n<p>N&rsquo;h\u00e9sitez plus et essayez le bandage que <strong>recommandent les meilleurs grimpeurs<\/strong> : Javier Cano affirme que \u00ab C&rsquo;est le seul bandage avec lequel je peux m&rsquo;entra\u00eener \u00e0 faire des suspensions \u00bb et KraftFactory d\u00e9clare que \u00ab C&rsquo;est le meilleur bandage que nous ayons jamais test\u00e9 \u00bb.<\/p>\n","protected":false},"excerpt":{"rendered":"<ul>\n<li>100 % coton, respirant.<\/li>\n<li>Adh\u00e9sif fort \u00e0 fusion \u00e0 chaud, ne laisse aucun r\u00e9sidu sur la peau.<\/li>\n<li>Hypoallerg\u00e9nique et sans latex.<\/li>\n<li>R\u00e9sistant et haute friction avec la prise.<\/li>\n<\/ul>\n","protected":false},"featured_media":20621,"comment_status":"open","ping_status":"closed","template":"","meta":[],"product_brand":[],"product_cat":[426,441],"product_tag":[],"class_list":{"0":"post-17082","1":"product","2":"type-product","3":"status-publish","4":"has-post-thumbnail","6":"product_cat-accessoires-escalade","7":"product_cat-bande-adhesive","8":"product_shipping_class-livraison-economique","10":"first","11":"outofstock","12":"sale","13":"taxable","14":"shipping-taxable","15":"purchasable","16":"product-type-simple"},"_links":{"self":[{"href":"https:\/\/topholds.com\/fr\/wp-json\/wp\/v2\/product\/17082","targetHints":{"allow":["GET"]}}],"collection":[{"href":"https:\/\/topholds.com\/fr\/wp-json\/wp\/v2\/product"}],"about":[{"href":"https:\/\/topholds.com\/fr\/wp-json\/wp\/v2\/types\/product"}],"replies":[{"embeddable":true,"href":"https:\/\/topholds.com\/fr\/wp-json\/wp\/v2\/comments?post=17082"}],"wp:featuredmedia":[{"embeddable":true,"href":"https:\/\/topholds.com\/fr\/wp-json\/wp\/v2\/media\/20621"}],"wp:attachment":[{"href":"https:\/\/topholds.com\/fr\/wp-json\/wp\/v2\/media?parent=17082"}],"wp:term":[{"taxonomy":"product_brand","embeddable":true,"href":"https:\/\/topholds.com\/fr\/wp-json\/wp\/v2\/product_brand?post=17082"},{"taxonomy":"product_cat","embeddable":true,"href":"https:\/\/topholds.com\/fr\/wp-json\/wp\/v2\/product_cat?post=17082"},{"taxonomy":"product_tag","embeddable":true,"href":"https:\/\/topholds.com\/fr\/wp-json\/wp\/v2\/product_tag?post=17082"}],"curies":[{"name":"wp","href":"https:\/\/api.w.org\/{rel}","templated":true}]}}