{"id":17087,"date":"2021-09-16T16:43:45","date_gmt":"2021-09-16T16:43:45","guid":{"rendered":"https:\/\/topholds.com\/expresions\/"},"modified":"2024-08-26T04:44:49","modified_gmt":"2024-08-26T04:44:49","slug":"expresions","status":"publish","type":"product","link":"https:\/\/topholds.com\/fr\/offre\/prises-escalade\/enfants\/expresions\/","title":{"rendered":"Prises d&rsquo;escalade Expresions"},"content":{"rendered":"<p><strong>Expresions est un ensemble de 6 prises d&rsquo;escalade pour enfants<\/strong> avec des formes amusantes et une texture en sable douce. Ces prises sont con\u00e7ues pour s&rsquo;adapter aux mains des enfants de tous \u00e2ges et offrir un bon soutien pour les pieds.<\/p>\n<p>Avec Expresions, <strong>les enfants peuvent jouer \u00e0 faire diff\u00e9rentes expressions faciales en grimpant<\/strong> et d\u00e9velopper leur coordination et leur \u00e9quilibre.<\/p>\n<p>Toutes les prises disposent d&rsquo;un trou anti-rotation pour plus de s\u00e9curit\u00e9.<\/p>\n<p>Pour installer les <em>prises Expresions<\/em>, vous aurez besoin de vis M10x40 (recommand\u00e9es) ou M8x40.<\/p>\n<p>Les prises sont envoy\u00e9es dans des couleurs vari\u00e9es. Si vous souhaitez une couleur sp\u00e9cifique, veuillez l&rsquo;indiquer dans la section \u00ab notes \u00bb ou contactez-nous.<\/p>\n","protected":false},"excerpt":{"rendered":"<ul>\n<li>Con\u00e7ues pour s&rsquo;adapter aux mains et aux pieds des enfants.<\/li>\n<li>Texture douce et sablonneuse<\/li>\n<li>Aident \u00e0 d\u00e9velopper la coordination et l&rsquo;\u00e9quilibre.<\/li>\n<li>Orifices anti-rotation pour plus de s\u00e9curit\u00e9.<\/li>\n<\/ul>\n","protected":false},"featured_media":20631,"comment_status":"open","ping_status":"closed","template":"","meta":[],"product_brand":[],"product_cat":[431],"product_tag":[],"class_list":{"0":"post-17087","1":"product","2":"type-product","3":"status-publish","4":"has-post-thumbnail","6":"product_cat-enfants","8":"first","9":"instock","10":"sale","11":"taxable","12":"shipping-taxable","13":"purchasable","14":"product-type-simple"},"_links":{"self":[{"href":"https:\/\/topholds.com\/fr\/wp-json\/wp\/v2\/product\/17087","targetHints":{"allow":["GET"]}}],"collection":[{"href":"https:\/\/topholds.com\/fr\/wp-json\/wp\/v2\/product"}],"about":[{"href":"https:\/\/topholds.com\/fr\/wp-json\/wp\/v2\/types\/product"}],"replies":[{"embeddable":true,"href":"https:\/\/topholds.com\/fr\/wp-json\/wp\/v2\/comments?post=17087"}],"wp:featuredmedia":[{"embeddable":true,"href":"https:\/\/topholds.com\/fr\/wp-json\/wp\/v2\/media\/20631"}],"wp:attachment":[{"href":"https:\/\/topholds.com\/fr\/wp-json\/wp\/v2\/media?parent=17087"}],"wp:term":[{"taxonomy":"product_brand","embeddable":true,"href":"https:\/\/topholds.com\/fr\/wp-json\/wp\/v2\/product_brand?post=17087"},{"taxonomy":"product_cat","embeddable":true,"href":"https:\/\/topholds.com\/fr\/wp-json\/wp\/v2\/product_cat?post=17087"},{"taxonomy":"product_tag","embeddable":true,"href":"https:\/\/topholds.com\/fr\/wp-json\/wp\/v2\/product_tag?post=17087"}],"curies":[{"name":"wp","href":"https:\/\/api.w.org\/{rel}","templated":true}]}}