{"id":17092,"date":"2021-09-21T13:49:18","date_gmt":"2021-09-21T13:49:18","guid":{"rendered":"https:\/\/topholds.com\/egyptian-grips\/"},"modified":"2024-08-26T04:45:22","modified_gmt":"2024-08-26T04:45:22","slug":"egyptian-grips","status":"publish","type":"product","link":"https:\/\/topholds.com\/fr\/offre\/course-obstacles\/entrainements\/suspensionss\/egyptian-grips\/","title":{"rendered":"Suspensions Egyptian Grips"},"content":{"rendered":"<p><strong>Egiptian Grips sont des pi\u00e8ces de prise<\/strong> pour les suspensions et les tractions qui vous feront transpirer et profiter en m\u00eame temps. Avec elles, vous pourrez entra\u00eener la force, l&rsquo;endurance et la coordination de mani\u00e8re vari\u00e9e et amusante.<\/p>\n<p>Vous pouvez les saisir d&rsquo;une main par le dessus ou avec deux mains sur les c\u00f4t\u00e9s, selon le niveau de difficult\u00e9 que vous souhaitez. Leur texture est douce mais adh\u00e9rente, <strong>id\u00e9al pour pratiquer l&rsquo;OCR, l&rsquo;escalade, la calisth\u00e9nie ou le crossfit<\/strong>. De plus, elles sont tr\u00e8s l\u00e9g\u00e8res et faciles \u00e0 suspendre n&rsquo;importe o\u00f9 avec un simple n\u0153ud de alondra.<\/p>\n<p>Les couleurs peuvent ne pas \u00eatre celles de la photo (contactez-nous si vous d\u00e9sirez une couleur sp\u00e9ciale).<\/p>\n","protected":false},"excerpt":{"rendered":"<ul>\n<li>Les poign\u00e9es \u00e9gyptiennes sont un \u00e9l\u00e9ment pour les suspensions\/tractions.<\/li>\n<li>Id\u00e9ales pour entra\u00eener la force, l&rsquo;endurance et la coordination.<\/li>\n<li>Texture douce mais adh\u00e9rente.<\/li>\n<\/ul>\n","protected":false},"featured_media":20641,"comment_status":"open","ping_status":"closed","template":"","meta":[],"product_brand":[],"product_cat":[402,450,455],"product_tag":[],"class_list":{"0":"post-17092","1":"product","2":"type-product","3":"status-publish","4":"has-post-thumbnail","6":"product_cat-course-obstacles","7":"product_cat-entrainements","8":"product_cat-suspensionss","10":"first","11":"instock","12":"taxable","13":"shipping-taxable","14":"purchasable","15":"product-type-simple"},"_links":{"self":[{"href":"https:\/\/topholds.com\/fr\/wp-json\/wp\/v2\/product\/17092","targetHints":{"allow":["GET"]}}],"collection":[{"href":"https:\/\/topholds.com\/fr\/wp-json\/wp\/v2\/product"}],"about":[{"href":"https:\/\/topholds.com\/fr\/wp-json\/wp\/v2\/types\/product"}],"replies":[{"embeddable":true,"href":"https:\/\/topholds.com\/fr\/wp-json\/wp\/v2\/comments?post=17092"}],"wp:featuredmedia":[{"embeddable":true,"href":"https:\/\/topholds.com\/fr\/wp-json\/wp\/v2\/media\/20641"}],"wp:attachment":[{"href":"https:\/\/topholds.com\/fr\/wp-json\/wp\/v2\/media?parent=17092"}],"wp:term":[{"taxonomy":"product_brand","embeddable":true,"href":"https:\/\/topholds.com\/fr\/wp-json\/wp\/v2\/product_brand?post=17092"},{"taxonomy":"product_cat","embeddable":true,"href":"https:\/\/topholds.com\/fr\/wp-json\/wp\/v2\/product_cat?post=17092"},{"taxonomy":"product_tag","embeddable":true,"href":"https:\/\/topholds.com\/fr\/wp-json\/wp\/v2\/product_tag?post=17092"}],"curies":[{"name":"wp","href":"https:\/\/api.w.org\/{rel}","templated":true}]}}