{"id":17097,"date":"2021-09-21T13:49:54","date_gmt":"2021-09-21T13:49:54","guid":{"rendered":"https:\/\/topholds.com\/egyptian\/"},"modified":"2024-08-26T04:45:57","modified_gmt":"2024-08-26T04:45:57","slug":"egyptian","status":"publish","type":"product","link":"https:\/\/topholds.com\/fr\/offre\/course-obstacles\/entrainements\/prises\/egyptian\/","title":{"rendered":"Prises OCR Egyptian"},"content":{"rendered":"<p><strong>Egyptian est un prise de grimpe OCR<\/strong> inspir\u00e9e par le mur d&rsquo;escalade de la <strong>course Egyptian Race<\/strong>.<\/p>\n<p>Elle a une texture de sable lisse et une grande prise qui permet de l&rsquo;attraper avec une ou deux mains. Elle est id\u00e9ale pour tout d\u00e9vers et se fixe avec 4 vis \u00e0 bois.<\/p>\n<p>Les couleurs peuvent varier par rapport \u00e0 la photo, mais si vous en voulez une pr\u00e9cise, vous pouvez nous contacter ou le sp\u00e9cifier dans les notes.<\/p>\n","protected":false},"excerpt":{"rendered":"<ul>\n<li>A une grande casserole pour une ou deux mains.<\/li>\n<li>Texture Ars\u00e9nica douce.<\/li>\n<li>Id\u00e9al pour tout surplomb.<\/li>\n<\/ul>\n","protected":false},"featured_media":20651,"comment_status":"open","ping_status":"closed","template":"","meta":[],"product_brand":[],"product_cat":[402,450,429,454],"product_tag":[],"class_list":{"0":"post-17097","1":"product","2":"type-product","3":"status-publish","4":"has-post-thumbnail","6":"product_cat-course-obstacles","7":"product_cat-entrainements","8":"product_cat-prises-escalade","9":"product_cat-prises","11":"first","12":"instock","13":"sale","14":"taxable","15":"shipping-taxable","16":"purchasable","17":"product-type-simple"},"_links":{"self":[{"href":"https:\/\/topholds.com\/fr\/wp-json\/wp\/v2\/product\/17097","targetHints":{"allow":["GET"]}}],"collection":[{"href":"https:\/\/topholds.com\/fr\/wp-json\/wp\/v2\/product"}],"about":[{"href":"https:\/\/topholds.com\/fr\/wp-json\/wp\/v2\/types\/product"}],"replies":[{"embeddable":true,"href":"https:\/\/topholds.com\/fr\/wp-json\/wp\/v2\/comments?post=17097"}],"wp:featuredmedia":[{"embeddable":true,"href":"https:\/\/topholds.com\/fr\/wp-json\/wp\/v2\/media\/20651"}],"wp:attachment":[{"href":"https:\/\/topholds.com\/fr\/wp-json\/wp\/v2\/media?parent=17097"}],"wp:term":[{"taxonomy":"product_brand","embeddable":true,"href":"https:\/\/topholds.com\/fr\/wp-json\/wp\/v2\/product_brand?post=17097"},{"taxonomy":"product_cat","embeddable":true,"href":"https:\/\/topholds.com\/fr\/wp-json\/wp\/v2\/product_cat?post=17097"},{"taxonomy":"product_tag","embeddable":true,"href":"https:\/\/topholds.com\/fr\/wp-json\/wp\/v2\/product_tag?post=17097"}],"curies":[{"name":"wp","href":"https:\/\/api.w.org\/{rel}","templated":true}]}}