{"id":17102,"date":"2021-10-01T18:25:50","date_gmt":"2021-10-01T18:25:50","guid":{"rendered":"https:\/\/topholds.com\/top-dry\/"},"modified":"2024-08-26T04:46:35","modified_gmt":"2024-08-26T04:46:35","slug":"top-dry","status":"publish","type":"product","link":"https:\/\/topholds.com\/fr\/offre\/prises-escalade\/entrainement\/top-dry\/","title":{"rendered":"Prises d&rsquo;escalade Top-Dry"},"content":{"rendered":"<p>Les <strong>Top-Dry sont des outils con\u00e7us pour simuler les activit\u00e9s qui impliquent l&rsquo;utilisation de piolets<\/strong> telles que l&rsquo;escalade sur glace et le Dry-Tooling.<\/p>\n<p>Ils sont fabriqu\u00e9s en acier inoxydable et disposent d&rsquo;un <strong>manguier ergonomique en polyur\u00e9thane<\/strong> qui s&rsquo;adapte \u00e0 votre main. De plus, ils poss\u00e8dent un arr\u00eat en acier en bas pour prot\u00e9ger votre main du mur et un trou pour placer des dragonnes ou un cordon.<\/p>\n<p>Les <strong>Prises Dry-Tooling sont 10 prises avec<\/strong> <strong>une texture de gr\u00e8s doux<\/strong> qui s&rsquo;accrochent facilement aux Top-Dry. Elles sont disponibles en tailles M et L avec un bon grip et sont id\u00e9ales pour les surfaces plates ou l\u00e9g\u00e8rement d\u00e9versantes. Elles ont \u00e9galement un trou pour vis anti-rotation qui emp\u00eache tout mouvement.<\/p>\n<p>Pour installer ces prises, vous aurez besoin de vis M10x50 (recommand\u00e9) ou M8x50.<\/p>\n<p>N&rsquo;attendez plus et procurez-vous ce pack de Top-Dry et de Prises Dry-Tooling, le pack parfait pour pratiquer l&rsquo;escalade hivernale sur votre mur.<\/p>\n<p>Les couleurs peuvent varier par rapport \u00e0 la photo, mais si vous en souhaitez une sp\u00e9cifique, vous pouvez nous contacter ou le sp\u00e9cifier dans les notes.<\/p>\n","protected":false},"excerpt":{"rendered":"<ul>\n<li>Simule l&rsquo;escalade sur glace et le Dry-Tooling.<\/li>\n<li>Il a une poign\u00e9e ergonomique et un prot\u00e8ge-main.<\/li>\n<li>Il se fixe facilement aux prises.<\/li>\n<li>Il a des prises de diff\u00e9rentes tailles et textures.<\/li>\n<\/ul>\n","protected":false},"featured_media":20661,"comment_status":"open","ping_status":"closed","template":"","meta":[],"product_brand":[],"product_cat":[429,432],"product_tag":[],"class_list":{"0":"post-17102","1":"product","2":"type-product","3":"status-publish","4":"has-post-thumbnail","6":"product_cat-prises-escalade","7":"product_cat-entrainement","9":"first","10":"instock","11":"sale","12":"taxable","13":"shipping-taxable","14":"purchasable","15":"product-type-variable"},"_links":{"self":[{"href":"https:\/\/topholds.com\/fr\/wp-json\/wp\/v2\/product\/17102","targetHints":{"allow":["GET"]}}],"collection":[{"href":"https:\/\/topholds.com\/fr\/wp-json\/wp\/v2\/product"}],"about":[{"href":"https:\/\/topholds.com\/fr\/wp-json\/wp\/v2\/types\/product"}],"replies":[{"embeddable":true,"href":"https:\/\/topholds.com\/fr\/wp-json\/wp\/v2\/comments?post=17102"}],"wp:featuredmedia":[{"embeddable":true,"href":"https:\/\/topholds.com\/fr\/wp-json\/wp\/v2\/media\/20661"}],"wp:attachment":[{"href":"https:\/\/topholds.com\/fr\/wp-json\/wp\/v2\/media?parent=17102"}],"wp:term":[{"taxonomy":"product_brand","embeddable":true,"href":"https:\/\/topholds.com\/fr\/wp-json\/wp\/v2\/product_brand?post=17102"},{"taxonomy":"product_cat","embeddable":true,"href":"https:\/\/topholds.com\/fr\/wp-json\/wp\/v2\/product_cat?post=17102"},{"taxonomy":"product_tag","embeddable":true,"href":"https:\/\/topholds.com\/fr\/wp-json\/wp\/v2\/product_tag?post=17102"}],"curies":[{"name":"wp","href":"https:\/\/api.w.org\/{rel}","templated":true}]}}