{"id":17107,"date":"2021-10-11T17:00:11","date_gmt":"2021-10-11T17:00:11","guid":{"rendered":"https:\/\/topholds.com\/educa\/"},"modified":"2024-08-26T04:47:09","modified_gmt":"2024-08-26T04:47:09","slug":"educa","status":"publish","type":"product","link":"https:\/\/topholds.com\/fr\/offre\/prises-escalade\/enfants\/educa\/","title":{"rendered":"Pack Prises Educa"},"content":{"rendered":"<p>Le <strong>Pack Educa est un ensemble de 50 prises d&rsquo;escalade<\/strong> con\u00e7u pour les enfants et les d\u00e9butants. Ces prises ont une texture douce et une prise facile et confortable, m\u00eame les plus petites. De plus, elles ont une hauteur suffisante pour bien soutenir le pied, ce qui facilite l&rsquo;escalade en chaussures.<\/p>\n<p>Mais ce qui est le plus amusant dans ce pack, c&rsquo;est que les prises ont des formes de chiffres, de signes math\u00e9matiques, de voyelles et d&rsquo;expressions faciales. Ainsi, vous pourrez <strong>cr\u00e9er des jeux \u00e9ducatifs<\/strong> afin que les petits apprennent tout en grimpant.<\/p>\n<p>Avec ces jeux, <strong>la r\u00e9solution de probl\u00e8mes moteurs, la prise de d\u00e9cisions rapides<\/strong>, le calcul mental et la cr\u00e9ativit\u00e9 sont stimul\u00e9s.<\/p>\n<p>Ces <em>prises pour enfants<\/em> rempliront votre mur de couleur et de divertissement, le rendant plus attrayant pour les jeunes grimpeurs.<\/p>\n<p>Pour installer ces prises sur un panneau jusqu&rsquo;\u00e0 19 mm, vous aurez besoin de 50 vis Allen M10x40 et de 50 \u00e9crous papillon M10 (vous pouvez \u00e9galement utiliser des vis et \u00e9crous M8). Si vous souhaitez les mettre sur une autre surface (brique, b\u00e9ton, pierre&#8230;), consultez-nous.<\/p>\n<p>Les couleurs peuvent varier par rapport \u00e0 la photo, mais elles seront toujours aussi vari\u00e9es que possible.<\/p>\n<p>Les lots qui composent ce pack sont : chiffres, signes de math\u00e9matiques, voyelles, expressions, poly\u00e8dre 01 et poly\u00e8dre 02.<\/p>\n","protected":false},"excerpt":{"rendered":"<ul>\n<li>Le Pack Educa est compos\u00e9 de 50 prises, id\u00e9ales pour les enfants et les d\u00e9butants.<\/li>\n<li>Texture douce et prise en main confortable<\/li>\n<li>Jeux \u00e9ducatifs avec des chiffres, des lettres et des visages<\/li>\n<li>Stimulation des comp\u00e9tences cognitives et motrices<\/li>\n<\/ul>\n","protected":false},"featured_media":20691,"comment_status":"open","ping_status":"closed","template":"","meta":[],"product_brand":[],"product_cat":[431],"product_tag":[],"class_list":{"0":"post-17107","1":"product","2":"type-product","3":"status-publish","4":"has-post-thumbnail","6":"product_cat-enfants","8":"first","9":"instock","10":"sale","11":"taxable","12":"shipping-taxable","13":"purchasable","14":"product-type-simple"},"_links":{"self":[{"href":"https:\/\/topholds.com\/fr\/wp-json\/wp\/v2\/product\/17107","targetHints":{"allow":["GET"]}}],"collection":[{"href":"https:\/\/topholds.com\/fr\/wp-json\/wp\/v2\/product"}],"about":[{"href":"https:\/\/topholds.com\/fr\/wp-json\/wp\/v2\/types\/product"}],"replies":[{"embeddable":true,"href":"https:\/\/topholds.com\/fr\/wp-json\/wp\/v2\/comments?post=17107"}],"wp:featuredmedia":[{"embeddable":true,"href":"https:\/\/topholds.com\/fr\/wp-json\/wp\/v2\/media\/20691"}],"wp:attachment":[{"href":"https:\/\/topholds.com\/fr\/wp-json\/wp\/v2\/media?parent=17107"}],"wp:term":[{"taxonomy":"product_brand","embeddable":true,"href":"https:\/\/topholds.com\/fr\/wp-json\/wp\/v2\/product_brand?post=17107"},{"taxonomy":"product_cat","embeddable":true,"href":"https:\/\/topholds.com\/fr\/wp-json\/wp\/v2\/product_cat?post=17107"},{"taxonomy":"product_tag","embeddable":true,"href":"https:\/\/topholds.com\/fr\/wp-json\/wp\/v2\/product_tag?post=17107"}],"curies":[{"name":"wp","href":"https:\/\/api.w.org\/{rel}","templated":true}]}}