{"id":17112,"date":"2021-10-11T17:00:50","date_gmt":"2021-10-11T17:00:50","guid":{"rendered":"https:\/\/topholds.com\/diverti\/"},"modified":"2025-05-21T08:44:38","modified_gmt":"2025-05-21T08:44:38","slug":"diverti","status":"publish","type":"product","link":"https:\/\/topholds.com\/fr\/offre\/prises-escalade\/enfants\/diverti\/","title":{"rendered":"Pack Prises Diverti"},"content":{"rendered":"<p>El <strong>Pack Diverti est un ensemble de 54 prises d&rsquo;escalade pour enfants<\/strong> de couleurs et formes vari\u00e9es, con\u00e7ues pour que les enfants et les d\u00e9butants puissent profiter de l&rsquo;escalade.<\/p>\n<p>Les <em>prises sont douces au toucher, faciles \u00e0 saisir et \u00e0 poser le pied<\/em>. M\u00eame les plus petites ont une hauteur suffisante pour garantir le confort et la s\u00e9curit\u00e9 des petits. De plus, les prises permettent de <strong>d\u00e9velopper des jeux et des activit\u00e9s qui stimulent l&rsquo;apprentissage ludique<\/strong> ainsi que le d\u00e9veloppement physique, mental et \u00e9motionnel des enfants.<\/p>\n<p>Les lots qui composent ce pack incluent : Jungle, Aquarium, Happy, Expresions, The Game, Bubble S10, Prehistoric S et Iris.<\/p>\n<p>Ces prises <strong>peuvent \u00eatre install\u00e9es sur diff\u00e9rentes surfaces avec les ancrages appropri\u00e9s<\/strong> (consulter au cas par cas).<\/p>\n<p>Les ancrages recommand\u00e9s pour les installer sur une planche de jusqu&rsquo;\u00e0 19 mm seraient 54 vis allen M10x40, 12 vis allen M10x50 et 54 \u00e9crous en araign\u00e9e M10 (il serait \u00e9galement possible d&rsquo;utiliser des vis et \u00e9crous M8). Si vous souhaitez les installer sur une autre surface comme la brique, le b\u00e9ton ou la pierre, contactez-nous pour obtenir des recommandations sp\u00e9cifiques.<\/p>\n<p>Les couleurs peuvent ne pas \u00eatre celles de la photo, mais elles seront toujours les plus vari\u00e9es possibles en tonalit\u00e9s.<\/p>\n","protected":false},"excerpt":{"rendered":"<ul>\n<li>Le Pack Diverti se compose de 54 prises d&rsquo;escalade pour enfants de couleurs et de formes vari\u00e9es.<\/li>\n<li>Con\u00e7ues pour que les enfants et les d\u00e9butants profitent de l&rsquo;escalade.<\/li>\n<li>Douces au toucher, faciles \u00e0 saisir et \u00e0 poser le pied.<\/li>\n<li>D\u00e9veloppent le d\u00e9veloppement physique, mental et \u00e9motionnel des enfants.<\/li>\n<\/ul>\n","protected":false},"featured_media":20701,"comment_status":"open","ping_status":"closed","template":"","meta":[],"product_brand":[],"product_cat":[431],"product_tag":[],"class_list":{"0":"post-17112","1":"product","2":"type-product","3":"status-publish","4":"has-post-thumbnail","6":"product_cat-enfants","8":"first","9":"instock","10":"sale","11":"taxable","12":"shipping-taxable","13":"purchasable","14":"product-type-simple"},"_links":{"self":[{"href":"https:\/\/topholds.com\/fr\/wp-json\/wp\/v2\/product\/17112","targetHints":{"allow":["GET"]}}],"collection":[{"href":"https:\/\/topholds.com\/fr\/wp-json\/wp\/v2\/product"}],"about":[{"href":"https:\/\/topholds.com\/fr\/wp-json\/wp\/v2\/types\/product"}],"replies":[{"embeddable":true,"href":"https:\/\/topholds.com\/fr\/wp-json\/wp\/v2\/comments?post=17112"}],"wp:featuredmedia":[{"embeddable":true,"href":"https:\/\/topholds.com\/fr\/wp-json\/wp\/v2\/media\/20701"}],"wp:attachment":[{"href":"https:\/\/topholds.com\/fr\/wp-json\/wp\/v2\/media?parent=17112"}],"wp:term":[{"taxonomy":"product_brand","embeddable":true,"href":"https:\/\/topholds.com\/fr\/wp-json\/wp\/v2\/product_brand?post=17112"},{"taxonomy":"product_cat","embeddable":true,"href":"https:\/\/topholds.com\/fr\/wp-json\/wp\/v2\/product_cat?post=17112"},{"taxonomy":"product_tag","embeddable":true,"href":"https:\/\/topholds.com\/fr\/wp-json\/wp\/v2\/product_tag?post=17112"}],"curies":[{"name":"wp","href":"https:\/\/api.w.org\/{rel}","templated":true}]}}