{"id":17117,"date":"2021-10-11T17:15:40","date_gmt":"2021-10-11T17:15:40","guid":{"rendered":"https:\/\/topholds.com\/pack-prises-psicomotricite\/"},"modified":"2024-08-26T04:48:21","modified_gmt":"2024-08-26T04:48:21","slug":"pack-prises-psicomotricite","status":"publish","type":"product","link":"https:\/\/topholds.com\/fr\/offre\/prises-escalade\/enfants\/pack-prises-psicomotricite\/","title":{"rendered":"Pack Prises Psicomotricit\u00e9"},"content":{"rendered":"<p><strong>Le Pack Psychomotricit\u00e9 est un ensemble de 85 prises d&rsquo;escalade pour enfants de couleurs<\/strong> et de formes amusantes, con\u00e7ues pour que les enfants et les d\u00e9butants profitent de l&rsquo;escalade.<\/p>\n<p>Les <strong>prises sont douces au toucher et faciles \u00e0 saisir et \u00e0 poser le pied<\/strong>. Certaines prises ont des trous pour placer des piques, des tubes ou des flotteurs et cr\u00e9er des jeux et des obstacles qui <strong>stimulant la cr\u00e9ativit\u00e9<\/strong>, la r\u00e9solution de probl\u00e8mes et la coordination motrice.<\/p>\n<p>Les lots qui composent ce pack incluent : 1 Tiky, 2 Haku, 1 Niko, 1 Tubis, 1 Tubis Dog, 1 Tubis Frog, 1 Tubis Ball, 1 Tubis Rabbit, 1 Tubis Duck, 5 Tubis Basic, Bubble MP10, Bubble S10, Prehistoric M, Soft 1, Lunas S15 et S1.<\/p>\n<p>Ces prises peuvent \u00eatre install\u00e9es sur diff\u00e9rentes surfaces avec les ancrages appropri\u00e9s (voir selon le cas).<\/p>\n<p>Les ancrages recommand\u00e9s pour <strong>les installer sur un panneau de jusqu&rsquo;\u00e0 19 mm<\/strong> seraient 78 vis allen M10x40, 78 \u00e9crous \u00e9toile M10 et plusieurs vis \u00e0 bois (il serait \u00e9galement possible d&rsquo;utiliser des vis et des \u00e9crous M8). Si vous souhaitez les installer sur une autre surface comme la brique, le b\u00e9ton ou la pierre, veuillez nous contacter pour obtenir des recommandations sp\u00e9cifiques.<\/p>\n<p>Les couleurs peuvent ne pas \u00eatre celles de la photo, mais elles seront toujours les plus vari\u00e9es possible en nuances.<\/p>\n","protected":false},"excerpt":{"rendered":"<ul>\n<li>Compos\u00e9 de 85 prises, id\u00e9ales pour les enfants et les d\u00e9butants.<\/li>\n<li>Douceur de la texture ainsi que la facilit\u00e9 de prise en main pour les enfants.<\/li>\n<li>Id\u00e9ales pour cr\u00e9er des circuits de psychomotricit\u00e9.<\/li>\n<li>Stimule le d\u00e9veloppement physique, mental et \u00e9motionnel des petits \u00e0 travers l&rsquo;escalade.<\/li>\n<\/ul>\n","protected":false},"featured_media":20721,"comment_status":"open","ping_status":"closed","template":"","meta":[],"product_brand":[],"product_cat":[431],"product_tag":[],"class_list":{"0":"post-17117","1":"product","2":"type-product","3":"status-publish","4":"has-post-thumbnail","6":"product_cat-enfants","8":"first","9":"instock","10":"sale","11":"taxable","12":"shipping-taxable","13":"purchasable","14":"product-type-simple"},"_links":{"self":[{"href":"https:\/\/topholds.com\/fr\/wp-json\/wp\/v2\/product\/17117","targetHints":{"allow":["GET"]}}],"collection":[{"href":"https:\/\/topholds.com\/fr\/wp-json\/wp\/v2\/product"}],"about":[{"href":"https:\/\/topholds.com\/fr\/wp-json\/wp\/v2\/types\/product"}],"replies":[{"embeddable":true,"href":"https:\/\/topholds.com\/fr\/wp-json\/wp\/v2\/comments?post=17117"}],"wp:featuredmedia":[{"embeddable":true,"href":"https:\/\/topholds.com\/fr\/wp-json\/wp\/v2\/media\/20721"}],"wp:attachment":[{"href":"https:\/\/topholds.com\/fr\/wp-json\/wp\/v2\/media?parent=17117"}],"wp:term":[{"taxonomy":"product_brand","embeddable":true,"href":"https:\/\/topholds.com\/fr\/wp-json\/wp\/v2\/product_brand?post=17117"},{"taxonomy":"product_cat","embeddable":true,"href":"https:\/\/topholds.com\/fr\/wp-json\/wp\/v2\/product_cat?post=17117"},{"taxonomy":"product_tag","embeddable":true,"href":"https:\/\/topholds.com\/fr\/wp-json\/wp\/v2\/product_tag?post=17117"}],"curies":[{"name":"wp","href":"https:\/\/api.w.org\/{rel}","templated":true}]}}