{"id":17122,"date":"2021-10-12T09:29:50","date_gmt":"2021-10-12T09:29:50","guid":{"rendered":"https:\/\/topholds.com\/campus\/"},"modified":"2024-08-26T04:48:57","modified_gmt":"2024-08-26T04:48:57","slug":"campus","status":"publish","type":"product","link":"https:\/\/topholds.com\/fr\/offre\/course-obstacles\/entrainements\/prises\/campus\/","title":{"rendered":"Campus Hangboard"},"content":{"rendered":"<p>La <strong>Reglette d&rsquo;escalade Campus<\/strong> est un accessoire polyvalent pour entra\u00eener la force et l&rsquo;endurance des doigts. Elle peut \u00eatre <strong>utilis\u00e9e sur le Campus Board<\/strong>, sur la <strong>table Multigrip<\/strong> ou <strong>comme prise pour mur d&rsquo;escalade<\/strong>.<\/p>\n<p>Sa texture abrasive douce prot\u00e8ge la peau et facilite la prise. La r\u00e9glette a deux faces avec des angles diff\u00e9rents : une face positive \u00e0 105\u00ba et une autre neutre \u00e0 90\u00ba. Ainsi, vous pouvez varier la difficult\u00e9 et le type de travail selon vos besoins.<\/p>\n<p>La profondeur de la r\u00e9glette est indiqu\u00e9e par un num\u00e9ro : par exemple, la <strong>Reglette Campus<\/strong> 40 a un support de 40 millim\u00e8tres.<\/p>\n<p>Pour fixer la r\u00e9glette, vous pouvez utiliser des vis M10x40 (recommand\u00e9es) ou M8x40, ou bien des vis \u00e0 bois. La r\u00e9glette de 15 n&rsquo;admet que des vis \u00e0 bois.<\/p>\n<p>Les couleurs peuvent varier selon la disponibilit\u00e9. Si vous souhaitez une couleur sp\u00e9cifique, contactez-nous ou indiquez-le dans les notes de la commande.<\/p>\n","protected":false},"excerpt":{"rendered":"<ul>\n<li>Accessoire polyvalent pour l&rsquo;entra\u00eenement de la force et de la r\u00e9sistance des doigts.<\/li>\n<li>Texture sablonneuse douce pour prot\u00e9ger la peau et faciliter la prise.<\/li>\n<li>Deux faces avec diff\u00e9rents angles pour varier la difficult\u00e9 et le type de travail.<\/li>\n<li>Peut \u00eatre utilis\u00e9 sur le Campus Board, la planche Multigrip ou comme prise d&rsquo;escalade.<\/li>\n<\/ul>\n","protected":false},"featured_media":10954,"comment_status":"open","ping_status":"closed","template":"","meta":[],"product_brand":[],"product_cat":[402,450,432,454],"product_tag":[],"class_list":{"0":"post-17122","1":"product","2":"type-product","3":"status-publish","4":"has-post-thumbnail","6":"product_cat-course-obstacles","7":"product_cat-entrainements","8":"product_cat-entrainement","9":"product_cat-prises","11":"first","12":"instock","13":"taxable","14":"shipping-taxable","15":"purchasable","16":"product-type-variable"},"_links":{"self":[{"href":"https:\/\/topholds.com\/fr\/wp-json\/wp\/v2\/product\/17122","targetHints":{"allow":["GET"]}}],"collection":[{"href":"https:\/\/topholds.com\/fr\/wp-json\/wp\/v2\/product"}],"about":[{"href":"https:\/\/topholds.com\/fr\/wp-json\/wp\/v2\/types\/product"}],"replies":[{"embeddable":true,"href":"https:\/\/topholds.com\/fr\/wp-json\/wp\/v2\/comments?post=17122"}],"wp:featuredmedia":[{"embeddable":true,"href":"https:\/\/topholds.com\/fr\/wp-json\/wp\/v2\/media\/10954"}],"wp:attachment":[{"href":"https:\/\/topholds.com\/fr\/wp-json\/wp\/v2\/media?parent=17122"}],"wp:term":[{"taxonomy":"product_brand","embeddable":true,"href":"https:\/\/topholds.com\/fr\/wp-json\/wp\/v2\/product_brand?post=17122"},{"taxonomy":"product_cat","embeddable":true,"href":"https:\/\/topholds.com\/fr\/wp-json\/wp\/v2\/product_cat?post=17122"},{"taxonomy":"product_tag","embeddable":true,"href":"https:\/\/topholds.com\/fr\/wp-json\/wp\/v2\/product_tag?post=17122"}],"curies":[{"name":"wp","href":"https:\/\/api.w.org\/{rel}","templated":true}]}}