{"id":17147,"date":"2021-10-28T18:10:11","date_gmt":"2021-10-28T18:10:11","guid":{"rendered":"https:\/\/topholds.com\/mousqueton-securite\/"},"modified":"2024-08-26T04:52:18","modified_gmt":"2024-08-26T04:52:18","slug":"mousqueton-securite","status":"publish","type":"product","link":"https:\/\/topholds.com\/fr\/offre\/accessoires-escalade\/divers\/mousqueton-securite\/","title":{"rendered":"Mousqueton de S\u00e9curit\u00e9"},"content":{"rendered":"<div class=\"flex-1 overflow-hidden\">\n<div class=\"react-scroll-to-bottom--css-ccche-79elbk h-full dark:bg-gray-800\">\n<div class=\"react-scroll-to-bottom--css-ccche-1n7m0yu\">\n<div class=\"flex flex-col items-center text-sm dark:bg-gray-800\">\n<div class=\"w-full border-b border-black\/10 dark:border-gray-900\/50 text-gray-800 dark:text-gray-100 group bg-gray-50 dark:bg-[#444654]\">\n<div class=\"text-base gap-4 md:gap-6 m-auto md:max-w-2xl lg:max-w-2xl xl:max-w-3xl p-4 md:py-6 flex lg:px-0\">\n<div class=\"relative flex w-[calc(100%-50px)] flex-col gap-1 md:gap-3 lg:w-[calc(100%-115px)]\">\n<div class=\"flex flex-grow flex-col gap-3\">\n<div class=\"min-h-[20px] flex flex-col items-start gap-4 whitespace-pre-wrap\">\n<div class=\"markdown prose w-full break-words dark:prose-invert light\">\n<p>Si vous recherchez un <strong>mousqueton s\u00fbr et fiable pour accrocher des suspensions et\/ou des prises OCR<\/strong>, notre mousqueton avec fermeture de s\u00e9curit\u00e9 \u00e0 vis est l&rsquo;option id\u00e9ale pour vous. Gr\u00e2ce \u00e0 son verrouillage \u00e0 vis, vous pouvez \u00eatre assur\u00e9 qu&rsquo;il n&rsquo;y aura pas d&rsquo;ouvertures accidentelles qui mettent en danger votre s\u00e9curit\u00e9.<\/p>\n<p>Fabriqu\u00e9s en acier zingu\u00e9, ces mousquetons sont r\u00e9sistants et durables. De plus, leur conception les rend parfaits pour<em> accrocher vos suspensions et prises de mani\u00e8re simple et s\u00e9curis\u00e9e<\/em>.<\/p>\n<p>Veuillez noter que ces mousquetons ne sont pas homologu\u00e9s pour l&rsquo;escalade ni pour les travaux en hauteur. Cependant, la charge maximale recommand\u00e9e par notre fabricant est de 230 kilos pour la taille 8&#215;80 et 350 kilos pour la taille 10&#215;100, ce qui les rend parfaits pour une utilisation dans des installations de suspensions et prises OCR.<\/p>\n<p>Ne mettez pas votre s\u00e9curit\u00e9 en p\u00e9ril avec des produits de basse qualit\u00e9.<\/p>\n<\/div>\n<\/div>\n<\/div>\n<\/div>\n<\/div>\n<\/div>\n<\/div>\n<\/div>\n<\/div>\n","protected":false},"excerpt":{"rendered":"<ul>\n<li>Mousqueton avec verrouillage \u00e0 vis.<\/li>\n<li>\u00c9vite l&rsquo;ouverture accidentelle.<\/li>\n<li>Id\u00e9al pour suspendre vos suspensions et prises OCR.<\/li>\n<li>Fabriqu\u00e9 en acier zinc\u00e9.<\/li>\n<\/ul>\n<p>&nbsp;<\/p>\n<p>&nbsp;<\/p>\n","protected":false},"featured_media":20863,"comment_status":"open","ping_status":"closed","template":"","meta":[],"product_brand":[],"product_cat":[426,402,445,450],"product_tag":[],"class_list":{"0":"post-17147","1":"product","2":"type-product","3":"status-publish","4":"has-post-thumbnail","6":"product_cat-accessoires-escalade","7":"product_cat-course-obstacles","8":"product_cat-divers","9":"product_cat-entrainements","11":"first","12":"instock","13":"taxable","14":"shipping-taxable","15":"purchasable","16":"product-type-variable"},"_links":{"self":[{"href":"https:\/\/topholds.com\/fr\/wp-json\/wp\/v2\/product\/17147","targetHints":{"allow":["GET"]}}],"collection":[{"href":"https:\/\/topholds.com\/fr\/wp-json\/wp\/v2\/product"}],"about":[{"href":"https:\/\/topholds.com\/fr\/wp-json\/wp\/v2\/types\/product"}],"replies":[{"embeddable":true,"href":"https:\/\/topholds.com\/fr\/wp-json\/wp\/v2\/comments?post=17147"}],"wp:featuredmedia":[{"embeddable":true,"href":"https:\/\/topholds.com\/fr\/wp-json\/wp\/v2\/media\/20863"}],"wp:attachment":[{"href":"https:\/\/topholds.com\/fr\/wp-json\/wp\/v2\/media?parent=17147"}],"wp:term":[{"taxonomy":"product_brand","embeddable":true,"href":"https:\/\/topholds.com\/fr\/wp-json\/wp\/v2\/product_brand?post=17147"},{"taxonomy":"product_cat","embeddable":true,"href":"https:\/\/topholds.com\/fr\/wp-json\/wp\/v2\/product_cat?post=17147"},{"taxonomy":"product_tag","embeddable":true,"href":"https:\/\/topholds.com\/fr\/wp-json\/wp\/v2\/product_tag?post=17147"}],"curies":[{"name":"wp","href":"https:\/\/api.w.org\/{rel}","templated":true}]}}