{"id":17152,"date":"2021-10-29T16:05:55","date_gmt":"2021-10-29T16:05:55","guid":{"rendered":"https:\/\/topholds.com\/corde-topholds-6mm\/"},"modified":"2024-12-30T11:48:19","modified_gmt":"2024-12-30T11:48:19","slug":"corde-topholds-6mm","status":"publish","type":"product","link":"https:\/\/topholds.com\/fr\/offre\/accessoires-escalade\/divers\/corde-topholds-6mm\/","title":{"rendered":"Corde Topholds 6 mm"},"content":{"rendered":"<div class=\"flex-1 overflow-hidden\">\n<div class=\"react-scroll-to-bottom--css-ccche-79elbk h-full dark:bg-gray-800\">\n<div class=\"react-scroll-to-bottom--css-ccche-1n7m0yu\">\n<div class=\"flex flex-col items-center text-sm dark:bg-gray-800\">\n<div class=\"w-full border-b border-black\/10 dark:border-gray-900\/50 text-gray-800 dark:text-gray-100 group bg-gray-50 dark:bg-[#444654]\">\n<div class=\"text-base gap-4 md:gap-6 m-auto md:max-w-2xl lg:max-w-2xl xl:max-w-3xl p-4 md:py-6 flex lg:px-0\">\n<div class=\"relative flex w-[calc(100%-50px)] flex-col gap-1 md:gap-3 lg:w-[calc(100%-115px)]\">\n<div class=\"flex flex-grow flex-col gap-3\">\n<div class=\"min-h-[20px] flex flex-col items-start gap-4 whitespace-pre-wrap\">\n<div class=\"markdown prose w-full break-words dark:prose-invert light\">\n<p>Voulez-vous amener vos comp\u00e9tences en suspension au niveau sup\u00e9rieur ?<\/p>\n<p>Alors notre <strong>corde auxiliaire pour suspensions et prises OCR<\/strong> est exactement ce dont vous avez besoin. Cette corde vous permettra d&rsquo;explorer de nouvelles possibilit\u00e9s d&rsquo;amarrage n&rsquo;importe o\u00f9, peu importe la distance de balancement ou la difficult\u00e9 du terrain.<\/p>\n<p>Malgr\u00e9 son diam\u00e8tre r\u00e9duit de 6 millim\u00e8tres, cette corde est extr\u00eamement r\u00e9sistante et peut supporter des charges de rupture allant jusqu&rsquo;\u00e0 730 kilos. De plus, elle est r\u00e9sistante aux intemp\u00e9ries, vous permettant de l&rsquo;utiliser dans n&rsquo;importe quelles conditions climatiques sans vous soucier de sa durabilit\u00e9.<\/p>\n<p>La <em>corde auxiliaire pour suspensions et prises OCR<\/em> est disponible dans une \u00e9l\u00e9gante couleur noire qui ajoutera une touche de style \u00e0 votre \u00e9quipement OCR. Avec cette corde, vous pourrez porter vos comp\u00e9tences en suspension \u00e0 un nouveau niveau et conqu\u00e9rir de nouveaux d\u00e9fis dans le monde vertical.<\/p>\n<\/div>\n<\/div>\n<\/div>\n<\/div>\n<\/div>\n<\/div>\n<\/div>\n<\/div>\n<\/div>\n<p>Le prix est par 1 m\u00e8tre et sera fourni en une seule pi\u00e8ce des m\u00e8tres choisis.<\/p>\n<p>*Informations fournies par notre fabricant<\/p>\n","protected":false},"excerpt":{"rendered":"<ul>\n<li>De nombreuses possibilit\u00e9s d&rsquo;amarrage \u00e0 tout endroit, distances de balancement, etc&#8230;<\/li>\n<li>Extr\u00eamement r\u00e9sistant. Charge de rupture : +-730 kilos*<\/li>\n<li>R\u00e9sistant aux intemp\u00e9ries.<\/li>\n<li>Couleur noire<\/li>\n<\/ul>\n","protected":false},"featured_media":20876,"comment_status":"open","ping_status":"closed","template":"","meta":[],"product_brand":[],"product_cat":[426,402,445,450],"product_tag":[],"class_list":{"0":"post-17152","1":"product","2":"type-product","3":"status-publish","4":"has-post-thumbnail","6":"product_cat-accessoires-escalade","7":"product_cat-course-obstacles","8":"product_cat-divers","9":"product_cat-entrainements","10":"product_shipping_class-livraison-economique","12":"first","13":"instock","14":"taxable","15":"shipping-taxable","16":"purchasable","17":"product-type-simple"},"_links":{"self":[{"href":"https:\/\/topholds.com\/fr\/wp-json\/wp\/v2\/product\/17152","targetHints":{"allow":["GET"]}}],"collection":[{"href":"https:\/\/topholds.com\/fr\/wp-json\/wp\/v2\/product"}],"about":[{"href":"https:\/\/topholds.com\/fr\/wp-json\/wp\/v2\/types\/product"}],"replies":[{"embeddable":true,"href":"https:\/\/topholds.com\/fr\/wp-json\/wp\/v2\/comments?post=17152"}],"wp:featuredmedia":[{"embeddable":true,"href":"https:\/\/topholds.com\/fr\/wp-json\/wp\/v2\/media\/20876"}],"wp:attachment":[{"href":"https:\/\/topholds.com\/fr\/wp-json\/wp\/v2\/media?parent=17152"}],"wp:term":[{"taxonomy":"product_brand","embeddable":true,"href":"https:\/\/topholds.com\/fr\/wp-json\/wp\/v2\/product_brand?post=17152"},{"taxonomy":"product_cat","embeddable":true,"href":"https:\/\/topholds.com\/fr\/wp-json\/wp\/v2\/product_cat?post=17152"},{"taxonomy":"product_tag","embeddable":true,"href":"https:\/\/topholds.com\/fr\/wp-json\/wp\/v2\/product_tag?post=17152"}],"curies":[{"name":"wp","href":"https:\/\/api.w.org\/{rel}","templated":true}]}}