{"id":17157,"date":"2021-11-21T18:48:11","date_gmt":"2021-11-21T18:48:11","guid":{"rendered":"https:\/\/topholds.com\/top-jump\/"},"modified":"2026-03-18T09:22:42","modified_gmt":"2026-03-18T09:22:42","slug":"top-jump","status":"publish","type":"product","link":"https:\/\/topholds.com\/fr\/offre\/course-obstacles\/entrainements\/suspensionss\/top-jump\/","title":{"rendered":"Suspensions OCR Top Jump"},"content":{"rendered":"<p><strong>Top Jump est un \u00e9l\u00e9ment pour suspensions et tractions<\/strong> qui vous permettra d&rsquo;\u00e9lever vos entra\u00eenements \u00e0 un niveau sup\u00e9rieur. Con\u00e7u pour offrir excitation et d\u00e9fi, cette pi\u00e8ce est parfaite pour ceux qui recherchent quelque chose de plus.<\/p>\n<p>En plus de son usage conventionnel, la <strong>suspension OCR Top Jump<\/strong> a \u00e9t\u00e9 con\u00e7ue pour r\u00e9aliser des mouvements pendulaires ou des lancements entre une suspension et une autre, fournissant un entra\u00eenement plus dynamique et intense.<\/p>\n<p>Sa partie inf\u00e9rieure conique emp\u00eache le glissement et facilite la prise pour les d\u00e9butants en suspension. De plus, sa texture douce mais adh\u00e9rente en fait un outil id\u00e9al pour <strong>les entra\u00eenements de OCR, escalade, calisth\u00e9nie et CrossFit<\/strong>.<\/p>\n<p>La <em>suspension OCR Top Jump<\/em> a un diam\u00e8tre l\u00e9g\u00e8rement sup\u00e9rieur \u00e0 notre Nunchaku original bien que sa longueur soit beaucoup plus grande.<\/p>\n<p>Avec son poids l\u00e9ger, Top Jump est facile \u00e0 emporter avec vous partout et peut \u00eatre <strong>accroch\u00e9 \u00e0 n&rsquo;importe quelle branche, barre de traction<\/strong>, etc. en quelques secondes avec un n\u0153ud de moineau.<\/p>\n<p>Osez d\u00e9passer vos limites avec Top Jump !<\/p>\n<p>N&rsquo;oubliez pas que les couleurs peuvent varier, donc si vous souhaitez une couleur sp\u00e9ciale, contactez-nous.<\/p>\n","protected":false},"excerpt":{"rendered":"<ul>\n<li>Offre un entra\u00eenement plus dynamique et intense avec des mouvements pendulaires et des lancements.<\/li>\n<li>La partie inf\u00e9rieure conique \u00e9vite les glissades et facilite la prise en main pour les d\u00e9butants en suspension.<\/li>\n<li>Texture douce mais adh\u00e9rente, id\u00e9ale pour les entra\u00eenements de OCR, d&rsquo;escalade, de calisth\u00e9nie et de CrossFit.<\/li>\n<li>L\u00e9ger et facile \u00e0 transporter partout.<\/li>\n<\/ul>\n","protected":false},"featured_media":20896,"comment_status":"open","ping_status":"closed","template":"","meta":[],"product_brand":[],"product_cat":[402,450,455],"product_tag":[],"class_list":{"0":"post-17157","1":"product","2":"type-product","3":"status-publish","4":"has-post-thumbnail","6":"product_cat-course-obstacles","7":"product_cat-entrainements","8":"product_cat-suspensionss","10":"first","11":"instock","12":"sale","13":"taxable","14":"shipping-taxable","15":"purchasable","16":"product-type-simple"},"_links":{"self":[{"href":"https:\/\/topholds.com\/fr\/wp-json\/wp\/v2\/product\/17157","targetHints":{"allow":["GET"]}}],"collection":[{"href":"https:\/\/topholds.com\/fr\/wp-json\/wp\/v2\/product"}],"about":[{"href":"https:\/\/topholds.com\/fr\/wp-json\/wp\/v2\/types\/product"}],"replies":[{"embeddable":true,"href":"https:\/\/topholds.com\/fr\/wp-json\/wp\/v2\/comments?post=17157"}],"wp:featuredmedia":[{"embeddable":true,"href":"https:\/\/topholds.com\/fr\/wp-json\/wp\/v2\/media\/20896"}],"wp:attachment":[{"href":"https:\/\/topholds.com\/fr\/wp-json\/wp\/v2\/media?parent=17157"}],"wp:term":[{"taxonomy":"product_brand","embeddable":true,"href":"https:\/\/topholds.com\/fr\/wp-json\/wp\/v2\/product_brand?post=17157"},{"taxonomy":"product_cat","embeddable":true,"href":"https:\/\/topholds.com\/fr\/wp-json\/wp\/v2\/product_cat?post=17157"},{"taxonomy":"product_tag","embeddable":true,"href":"https:\/\/topholds.com\/fr\/wp-json\/wp\/v2\/product_tag?post=17157"}],"curies":[{"name":"wp","href":"https:\/\/api.w.org\/{rel}","templated":true}]}}