{"id":17162,"date":"2022-01-30T16:46:14","date_gmt":"2022-01-30T16:46:14","guid":{"rendered":"https:\/\/topholds.com\/spartan-holds\/"},"modified":"2024-08-26T04:54:17","modified_gmt":"2024-08-26T04:54:17","slug":"spartan-holds","status":"publish","type":"product","link":"https:\/\/topholds.com\/fr\/offre\/course-obstacles\/entrainements\/prises\/spartan-holds\/","title":{"rendered":"Prises OCR Spartan Holds"},"content":{"rendered":"<p><strong>Spartan Holds est une prise de bloc OCR<\/strong> avec une texture sableuse douce qui offre une prise confortable et s\u00e9curis\u00e9e. Son grand bac la rend id\u00e9ale pour les surplombs et les plafonds.<\/p>\n<p>Son installation se fait \u00e0 l&rsquo;aide de 2 vis et garantit une installation solide et durable.<\/p>\n<p>De plus, si vous souhaitez une couleur sp\u00e9ciale pour votre <strong>prise OCR<\/strong>, n&rsquo;h\u00e9sitez pas \u00e0 nous contacter et nous ferons de notre mieux pour r\u00e9pondre \u00e0 vos besoins.<\/p>\n<p>Osez d\u00e9fier vos limites avec Spartan !<\/p>\n","protected":false},"excerpt":{"rendered":"<ul>\n<li>Texture de gr\u00e8s douce.<\/li>\n<li>Id\u00e9al pour tout surplomb et plafond.<\/li>\n<li>Fixation par 2 vis \u00e0 m\u00e9taux.<\/li>\n<\/ul>\n","protected":false},"featured_media":20906,"comment_status":"open","ping_status":"closed","template":"","meta":[],"product_brand":[],"product_cat":[402,450,429,454],"product_tag":[],"class_list":{"0":"post-17162","1":"product","2":"type-product","3":"status-publish","4":"has-post-thumbnail","6":"product_cat-course-obstacles","7":"product_cat-entrainements","8":"product_cat-prises-escalade","9":"product_cat-prises","11":"first","12":"instock","13":"sale","14":"taxable","15":"shipping-taxable","16":"purchasable","17":"product-type-simple"},"_links":{"self":[{"href":"https:\/\/topholds.com\/fr\/wp-json\/wp\/v2\/product\/17162","targetHints":{"allow":["GET"]}}],"collection":[{"href":"https:\/\/topholds.com\/fr\/wp-json\/wp\/v2\/product"}],"about":[{"href":"https:\/\/topholds.com\/fr\/wp-json\/wp\/v2\/types\/product"}],"replies":[{"embeddable":true,"href":"https:\/\/topholds.com\/fr\/wp-json\/wp\/v2\/comments?post=17162"}],"wp:featuredmedia":[{"embeddable":true,"href":"https:\/\/topholds.com\/fr\/wp-json\/wp\/v2\/media\/20906"}],"wp:attachment":[{"href":"https:\/\/topholds.com\/fr\/wp-json\/wp\/v2\/media?parent=17162"}],"wp:term":[{"taxonomy":"product_brand","embeddable":true,"href":"https:\/\/topholds.com\/fr\/wp-json\/wp\/v2\/product_brand?post=17162"},{"taxonomy":"product_cat","embeddable":true,"href":"https:\/\/topholds.com\/fr\/wp-json\/wp\/v2\/product_cat?post=17162"},{"taxonomy":"product_tag","embeddable":true,"href":"https:\/\/topholds.com\/fr\/wp-json\/wp\/v2\/product_tag?post=17162"}],"curies":[{"name":"wp","href":"https:\/\/api.w.org\/{rel}","templated":true}]}}