{"id":17167,"date":"2022-01-30T17:29:38","date_gmt":"2022-01-30T17:29:38","guid":{"rendered":"https:\/\/topholds.com\/asa-xl\/"},"modified":"2024-08-26T04:54:53","modified_gmt":"2024-08-26T04:54:53","slug":"asa-xl","status":"publish","type":"product","link":"https:\/\/topholds.com\/fr\/offre\/prises-escalade\/asa-xl\/","title":{"rendered":"Prises d&rsquo;escalade Asa XL"},"content":{"rendered":"<p>La <strong>prise d&rsquo;escalade Asa XL<\/strong> est une option parfaite pour les amateurs de d\u00e9fis.<\/p>\n<p>Avec sa texture sablonneuse douce, elle offre une prise confortable et s\u00e9curis\u00e9e pour <strong>s&rsquo;entra\u00eener aussi bien avec une main qu&rsquo;avec deux<\/strong>. De plus, sa taille g\u00e9n\u00e9reuse de 28 cm de long permet une prise large et vari\u00e9e.<\/p>\n<p>Elle inclut les vis M10x50 et les tire-fonds n\u00e9cessaires pour son installation, vous pourrez donc commencer \u00e0 vous entra\u00eener en quelques minutes.<\/p>\n<p>Osez d\u00e9passer vos limites avec <strong>Asa XL<\/strong> !<\/p>\n","protected":false},"excerpt":{"rendered":"<ul>\n<li>Texture de sable doux pour une prise en main confortable et s\u00e9curis\u00e9e<\/li>\n<li>Taille de 28cm de long pour une prise large et vari\u00e9e<\/li>\n<li>Comprend vis et tirefonds pour une installation facile et un entra\u00eenement rapide.<\/li>\n<\/ul>\n","protected":false},"featured_media":20921,"comment_status":"open","ping_status":"closed","template":"","meta":[],"product_brand":[],"product_cat":[429],"product_tag":[],"class_list":{"0":"post-17167","1":"product","2":"type-product","3":"status-publish","4":"has-post-thumbnail","6":"product_cat-prises-escalade","8":"first","9":"instock","10":"taxable","11":"shipping-taxable","12":"purchasable","13":"product-type-simple"},"_links":{"self":[{"href":"https:\/\/topholds.com\/fr\/wp-json\/wp\/v2\/product\/17167","targetHints":{"allow":["GET"]}}],"collection":[{"href":"https:\/\/topholds.com\/fr\/wp-json\/wp\/v2\/product"}],"about":[{"href":"https:\/\/topholds.com\/fr\/wp-json\/wp\/v2\/types\/product"}],"replies":[{"embeddable":true,"href":"https:\/\/topholds.com\/fr\/wp-json\/wp\/v2\/comments?post=17167"}],"wp:featuredmedia":[{"embeddable":true,"href":"https:\/\/topholds.com\/fr\/wp-json\/wp\/v2\/media\/20921"}],"wp:attachment":[{"href":"https:\/\/topholds.com\/fr\/wp-json\/wp\/v2\/media?parent=17167"}],"wp:term":[{"taxonomy":"product_brand","embeddable":true,"href":"https:\/\/topholds.com\/fr\/wp-json\/wp\/v2\/product_brand?post=17167"},{"taxonomy":"product_cat","embeddable":true,"href":"https:\/\/topholds.com\/fr\/wp-json\/wp\/v2\/product_cat?post=17167"},{"taxonomy":"product_tag","embeddable":true,"href":"https:\/\/topholds.com\/fr\/wp-json\/wp\/v2\/product_tag?post=17167"}],"curies":[{"name":"wp","href":"https:\/\/api.w.org\/{rel}","templated":true}]}}