{"id":17172,"date":"2022-02-16T15:29:45","date_gmt":"2022-02-16T15:29:45","guid":{"rendered":"https:\/\/topholds.com\/poseidon-grips\/"},"modified":"2026-03-11T14:17:32","modified_gmt":"2026-03-11T14:17:32","slug":"poseidon-grips","status":"publish","type":"product","link":"https:\/\/topholds.com\/fr\/offre\/course-obstacles\/entrainements\/suspensionss\/poseidon-grips\/","title":{"rendered":"Suspensions OCR Poseidon Grips"},"content":{"rendered":"<p><strong>La suspension OCR Poseid\u00f3n Grips<\/strong> est un \u00e9l\u00e9ment pour ceux qui recherchent un peu plus d&rsquo;<strong>\u00e9motion dans leurs entra\u00eenements<\/strong>, car il permet une prise \u00e0 une main par le dessus, ou \u00e0 deux mains en pince sur les c\u00f4t\u00e9s.<\/p>\n<p>Sa texture douce mais adh\u00e9rente en fait un outil parfait pour nos <strong>entra\u00eenements de OCR, escalade, calisth\u00e9nie et Crossfit<\/strong>.<\/p>\n<p>En 3 secondes, avec un n\u0153ud de alondra, nous les accrochons \u00e0 n&rsquo;importe quelle branche, barre de traction, etc.<\/p>\n<p>Il n&rsquo;y a plus d&rsquo;excuses pour un peu de souffrance par jour.<\/p>\n<p>Les couleurs peuvent ne pas \u00eatre celles de la photo (consultez-nous si vous en souhaitez une sp\u00e9ciale).<\/p>\n","protected":false},"excerpt":{"rendered":"<ul>\n<li>Id\u00e9al pour les suspensions\/tractions.<\/li>\n<li>Prise sup\u00e9rieure type boule et prises lat\u00e9rales pince \u00e9troite et pince large.<\/li>\n<li>Tr\u00e8s l\u00e9gers, id\u00e9als pour les emporter \u00e0 nos entra\u00eenements partout.<\/li>\n<\/ul>\n","protected":false},"featured_media":20931,"comment_status":"open","ping_status":"closed","template":"","meta":[],"product_brand":[],"product_cat":[402,450,455],"product_tag":[],"class_list":{"0":"post-17172","1":"product","2":"type-product","3":"status-publish","4":"has-post-thumbnail","6":"product_cat-course-obstacles","7":"product_cat-entrainements","8":"product_cat-suspensionss","10":"first","11":"instock","12":"taxable","13":"shipping-taxable","14":"purchasable","15":"product-type-simple"},"_links":{"self":[{"href":"https:\/\/topholds.com\/fr\/wp-json\/wp\/v2\/product\/17172","targetHints":{"allow":["GET"]}}],"collection":[{"href":"https:\/\/topholds.com\/fr\/wp-json\/wp\/v2\/product"}],"about":[{"href":"https:\/\/topholds.com\/fr\/wp-json\/wp\/v2\/types\/product"}],"replies":[{"embeddable":true,"href":"https:\/\/topholds.com\/fr\/wp-json\/wp\/v2\/comments?post=17172"}],"wp:featuredmedia":[{"embeddable":true,"href":"https:\/\/topholds.com\/fr\/wp-json\/wp\/v2\/media\/20931"}],"wp:attachment":[{"href":"https:\/\/topholds.com\/fr\/wp-json\/wp\/v2\/media?parent=17172"}],"wp:term":[{"taxonomy":"product_brand","embeddable":true,"href":"https:\/\/topholds.com\/fr\/wp-json\/wp\/v2\/product_brand?post=17172"},{"taxonomy":"product_cat","embeddable":true,"href":"https:\/\/topholds.com\/fr\/wp-json\/wp\/v2\/product_cat?post=17172"},{"taxonomy":"product_tag","embeddable":true,"href":"https:\/\/topholds.com\/fr\/wp-json\/wp\/v2\/product_tag?post=17172"}],"curies":[{"name":"wp","href":"https:\/\/api.w.org\/{rel}","templated":true}]}}