{"id":17182,"date":"2022-05-08T17:43:04","date_gmt":"2022-05-08T17:43:04","guid":{"rendered":"https:\/\/topholds.com\/kong\/"},"modified":"2026-03-18T09:22:40","modified_gmt":"2026-03-18T09:22:40","slug":"kong","status":"publish","type":"product","link":"https:\/\/topholds.com\/fr\/offre\/course-obstacles\/entrainements\/suspensionss\/kong\/","title":{"rendered":"Suspensions OCR Kong"},"content":{"rendered":"<p>Les <strong>suspensions OCR Kong<\/strong> ont une forme de banane et sont un autre outil formidable pour nos <strong>entra\u00eenements d&rsquo;escalade, OCR et Crossfit<\/strong>.<\/p>\n<p>Tr\u00e8s l\u00e9gers, id\u00e9aux pour les emmener \u00e0 nos entra\u00eenements partout.<\/p>\n<ul>\n<li style=\"text-align: left;\">En 3 secondes avec un n\u0153ud d\u2019alondre, nous les accrochons \u00e0 n\u2019importe quelle branche, barre de traction, etc.<\/li>\n<li>Avec un mousqueton, nous les suspendons pour des sorties en plafond ou en d\u00e9vers.<\/li>\n<\/ul>\n<p>Les <strong>OCR Kong<\/strong> incluent un cordon double de 6mm.<\/p>\n<p>La texture de TopHolds, d\u00e9j\u00e0 connue de tous, est tr\u00e8s adh\u00e9rente et douce pour les mains.<\/p>\n<p>Il n&rsquo;y a plus d&rsquo;excuses pour un peu de souffrance par jour.<\/p>\n<p>Les couleurs pourraient ne pas \u00eatre celles de la photo (consultez-nous si vous souhaitez une couleur sp\u00e9ciale).<\/p>\n","protected":false},"excerpt":{"rendered":"<ul>\n<li>La forme de banane des suspensions OCR Kong offre une grande vari\u00e9t\u00e9 de prises pour vos entra\u00eenements.<\/li>\n<li>L\u00e9g\u00e8res et faciles \u00e0 emporter partout avec vous.<\/li>\n<\/ul>\n","protected":false},"featured_media":11746,"comment_status":"open","ping_status":"closed","template":"","meta":[],"product_brand":[],"product_cat":[402,450,455],"product_tag":[],"class_list":{"0":"post-17182","1":"product","2":"type-product","3":"status-publish","4":"has-post-thumbnail","6":"product_cat-course-obstacles","7":"product_cat-entrainements","8":"product_cat-suspensionss","10":"first","11":"instock","12":"featured","13":"taxable","14":"shipping-taxable","15":"purchasable","16":"product-type-simple"},"_links":{"self":[{"href":"https:\/\/topholds.com\/fr\/wp-json\/wp\/v2\/product\/17182","targetHints":{"allow":["GET"]}}],"collection":[{"href":"https:\/\/topholds.com\/fr\/wp-json\/wp\/v2\/product"}],"about":[{"href":"https:\/\/topholds.com\/fr\/wp-json\/wp\/v2\/types\/product"}],"replies":[{"embeddable":true,"href":"https:\/\/topholds.com\/fr\/wp-json\/wp\/v2\/comments?post=17182"}],"wp:featuredmedia":[{"embeddable":true,"href":"https:\/\/topholds.com\/fr\/wp-json\/wp\/v2\/media\/11746"}],"wp:attachment":[{"href":"https:\/\/topholds.com\/fr\/wp-json\/wp\/v2\/media?parent=17182"}],"wp:term":[{"taxonomy":"product_brand","embeddable":true,"href":"https:\/\/topholds.com\/fr\/wp-json\/wp\/v2\/product_brand?post=17182"},{"taxonomy":"product_cat","embeddable":true,"href":"https:\/\/topholds.com\/fr\/wp-json\/wp\/v2\/product_cat?post=17182"},{"taxonomy":"product_tag","embeddable":true,"href":"https:\/\/topholds.com\/fr\/wp-json\/wp\/v2\/product_tag?post=17182"}],"curies":[{"name":"wp","href":"https:\/\/api.w.org\/{rel}","templated":true}]}}