{"id":17187,"date":"2022-08-05T10:33:00","date_gmt":"2022-08-05T10:33:00","guid":{"rendered":"https:\/\/topholds.com\/asa-l\/"},"modified":"2024-08-26T04:57:21","modified_gmt":"2024-08-26T04:57:21","slug":"asa-l","status":"publish","type":"product","link":"https:\/\/topholds.com\/fr\/offre\/prises-escalade\/asa-l\/","title":{"rendered":"Prises d&rsquo;escalade Asa L"},"content":{"rendered":"<p>La <strong>prise d&rsquo;escalade Asa L<\/strong> est une excellente option pour ceux qui recherchent une prise confortable et s\u00fbre pendant leurs entra\u00eenements. Avec une texture sablonneuse douce, cette prise offre un toucher agr\u00e9able au contact de la peau.<\/p>\n<p>Sa taille de 22,5 cm de long la rend polyvalente et peut \u00eatre utilis\u00e9e aussi bien pour un <strong>agrippement \u00e0 une main que pour un agrippement \u00e0 deux mains<\/strong>. De plus, l&rsquo;Asa L s&rsquo;adapte parfaitement \u00e0 une grande vari\u00e9t\u00e9 de surfaces et de murs d&rsquo;escalade.<\/p>\n<p>Pour son installation, il faut des vis M10x40 et des tirefond, ce qui garantit un fixage s\u00fbr et durable.<\/p>\n","protected":false},"excerpt":{"rendered":"<ul>\n<li>Son design polyvalent permet une utilisation \u00e0 une main ou \u00e0 deux mains.<\/li>\n<li>Il offre une prise confortable et s\u00e9curis\u00e9e pendant les entra\u00eenements d&rsquo;escalade.<\/li>\n<li>Texture douce en sable<\/li>\n<\/ul>\n","protected":false},"featured_media":20986,"comment_status":"open","ping_status":"closed","template":"","meta":[],"product_brand":[],"product_cat":[429],"product_tag":[],"class_list":{"0":"post-17187","1":"product","2":"type-product","3":"status-publish","4":"has-post-thumbnail","6":"product_cat-prises-escalade","8":"first","9":"instock","10":"sale","11":"taxable","12":"shipping-taxable","13":"purchasable","14":"product-type-simple"},"_links":{"self":[{"href":"https:\/\/topholds.com\/fr\/wp-json\/wp\/v2\/product\/17187","targetHints":{"allow":["GET"]}}],"collection":[{"href":"https:\/\/topholds.com\/fr\/wp-json\/wp\/v2\/product"}],"about":[{"href":"https:\/\/topholds.com\/fr\/wp-json\/wp\/v2\/types\/product"}],"replies":[{"embeddable":true,"href":"https:\/\/topholds.com\/fr\/wp-json\/wp\/v2\/comments?post=17187"}],"wp:featuredmedia":[{"embeddable":true,"href":"https:\/\/topholds.com\/fr\/wp-json\/wp\/v2\/media\/20986"}],"wp:attachment":[{"href":"https:\/\/topholds.com\/fr\/wp-json\/wp\/v2\/media?parent=17187"}],"wp:term":[{"taxonomy":"product_brand","embeddable":true,"href":"https:\/\/topholds.com\/fr\/wp-json\/wp\/v2\/product_brand?post=17187"},{"taxonomy":"product_cat","embeddable":true,"href":"https:\/\/topholds.com\/fr\/wp-json\/wp\/v2\/product_cat?post=17187"},{"taxonomy":"product_tag","embeddable":true,"href":"https:\/\/topholds.com\/fr\/wp-json\/wp\/v2\/product_tag?post=17187"}],"curies":[{"name":"wp","href":"https:\/\/api.w.org\/{rel}","templated":true}]}}