{"id":17192,"date":"2022-08-05T11:29:45","date_gmt":"2022-08-05T11:29:45","guid":{"rendered":"https:\/\/topholds.com\/kong-chain\/"},"modified":"2025-09-21T14:44:47","modified_gmt":"2025-09-21T14:44:47","slug":"kong-chain","status":"publish","type":"product","link":"https:\/\/topholds.com\/fr\/offre\/course-obstacles\/entrainements\/suspensionss\/kong-chain\/","title":{"rendered":"Suspensions OCR Kong Chain"},"content":{"rendered":"<p>Avec la <strong>Suspension OCR kong Chain, vous pourrez porter vos entra\u00eenements d&rsquo;escalade, OCR et Crossfit au niveau sup\u00e9rieur<\/strong>.<\/p>\n<p>Cette prise avec crochet en forme de banane est parfaite pour les progressions horizontales ou verticales sur cha\u00eenes ou petites anneaux.<\/p>\n<p>Son design incurv\u00e9 en fait un \u00e9l\u00e9ment de difficult\u00e9 interm\u00e9diaire, id\u00e9al pour tous les niveaux d&rsquo;entra\u00eenement. De plus, la texture de TopHolds, d\u00e9j\u00e0 connue de tous, offre une excellente adh\u00e9rence et une douceur au toucher, ce qui \u00e9vite qu&rsquo;elle ne glisse des mains et permet de travailler la r\u00e9sistance pendant de longues p\u00e9riodes.<\/p>\n<p>La <em>Suspension OCR kong Chain<\/em> est l\u00e9g\u00e8re et portable, parfaite pour l&#8217;emporter partout et l&rsquo;ajouter \u00e0 vos entra\u00eenements \u00e0 tout moment. Ajoutez la Suspension OCR kong Chain \u00e0 votre routine d&rsquo;entra\u00eenement d\u00e8s aujourd&rsquo;hui et d\u00e9fiez vos limites.<\/p>\n<p>Veuillez noter que les couleurs peuvent l\u00e9g\u00e8rement varier par rapport \u00e0 la photo, mais si vous souhaitez une couleur sp\u00e9cifique, n&rsquo;h\u00e9sitez pas \u00e0 nous le faire savoir.<\/p>\n","protected":false},"excerpt":{"rendered":"<ul>\n<li>Id\u00e9al pour les progressions horizontales ou verticales sur cha\u00eenes ou petites anneaux.<\/li>\n<li>Sa forme courb\u00e9e en fait un \u00e9l\u00e9ment de difficult\u00e9 interm\u00e9diaire, id\u00e9al pour tous les niveaux.<\/li>\n<li>Tr\u00e8s l\u00e9gers, id\u00e9aux pour les emporter \u00e0 nos entra\u00eenements n&rsquo;importe o\u00f9.<\/li>\n<\/ul>\n<p>&nbsp;<\/p>\n<p>&nbsp;<\/p>\n<p>&nbsp;<\/p>\n","protected":false},"featured_media":12047,"comment_status":"open","ping_status":"closed","template":"","meta":[],"product_brand":[],"product_cat":[402,450,455],"product_tag":[],"class_list":{"0":"post-17192","1":"product","2":"type-product","3":"status-publish","4":"has-post-thumbnail","6":"product_cat-course-obstacles","7":"product_cat-entrainements","8":"product_cat-suspensionss","10":"first","11":"instock","12":"taxable","13":"shipping-taxable","14":"purchasable","15":"product-type-simple"},"_links":{"self":[{"href":"https:\/\/topholds.com\/fr\/wp-json\/wp\/v2\/product\/17192","targetHints":{"allow":["GET"]}}],"collection":[{"href":"https:\/\/topholds.com\/fr\/wp-json\/wp\/v2\/product"}],"about":[{"href":"https:\/\/topholds.com\/fr\/wp-json\/wp\/v2\/types\/product"}],"replies":[{"embeddable":true,"href":"https:\/\/topholds.com\/fr\/wp-json\/wp\/v2\/comments?post=17192"}],"wp:featuredmedia":[{"embeddable":true,"href":"https:\/\/topholds.com\/fr\/wp-json\/wp\/v2\/media\/12047"}],"wp:attachment":[{"href":"https:\/\/topholds.com\/fr\/wp-json\/wp\/v2\/media?parent=17192"}],"wp:term":[{"taxonomy":"product_brand","embeddable":true,"href":"https:\/\/topholds.com\/fr\/wp-json\/wp\/v2\/product_brand?post=17192"},{"taxonomy":"product_cat","embeddable":true,"href":"https:\/\/topholds.com\/fr\/wp-json\/wp\/v2\/product_cat?post=17192"},{"taxonomy":"product_tag","embeddable":true,"href":"https:\/\/topholds.com\/fr\/wp-json\/wp\/v2\/product_tag?post=17192"}],"curies":[{"name":"wp","href":"https:\/\/api.w.org\/{rel}","templated":true}]}}