{"id":17197,"date":"2022-08-05T12:40:10","date_gmt":"2022-08-05T12:40:10","guid":{"rendered":"https:\/\/topholds.com\/tree\/"},"modified":"2024-08-26T04:58:29","modified_gmt":"2024-08-26T04:58:29","slug":"tree","status":"publish","type":"product","link":"https:\/\/topholds.com\/fr\/offre\/prises-escalade\/enfants\/tree\/","title":{"rendered":"Prises d&rsquo;escalade pour Enfants Tree"},"content":{"rendered":"<p>\u00a1Explorez de nouveaux d\u00e9fis d&rsquo;escalade avec la <strong>prise d&rsquo;escalade Tree<\/strong> !<\/p>\n<p>Ce <strong>ensemble de 8 prises d&rsquo;escalade pour enfants<\/strong> avec une texture de gr\u00e8s doux est parfait pour les enfants de tous \u00e2ges. Son design a \u00e9t\u00e9 soigneusement pens\u00e9 pour s&rsquo;adapter aux petites et grandes mains, offrant un excellent soutien pour les pieds pendant l&rsquo;ascension.<\/p>\n<p>Les <em>prises Tree<\/em> offrent une texture de gr\u00e8s doux, ce qui procure <strong>une exp\u00e9rience d&rsquo;escalade unique et stimulante<\/strong>. La prise Tree offre une opportunit\u00e9 excitante pour les enfants de <strong>d\u00e9velopper leurs comp\u00e9tences en escalade et leur confiance<\/strong>.<\/p>\n<p>Bien que les couleurs puissent varier l\u00e9g\u00e8rement par rapport \u00e0 la photo, vous pouvez nous faire savoir dans les notes de votre commande si vous souhaitez une couleur sp\u00e9cifique ou nous contacter pour personnaliser votre commande.<\/p>\n<p>Pour l&rsquo;installation des prises, il est recommand\u00e9 d&rsquo;utiliser des vis M10x40 ou M8x40.<\/p>\n","protected":false},"excerpt":{"rendered":"<ul>\n<li>Ensemble de 8 prises avec une texture sablonneuse douce.<\/li>\n<li>Le design de la prise Tree s&rsquo;adapte aux mains les plus petites et les plus grandes.<\/li>\n<li>Aide les enfants \u00e0 am\u00e9liorer leurs comp\u00e9tences en escalade.<\/li>\n<\/ul>\n","protected":false},"featured_media":21001,"comment_status":"open","ping_status":"closed","template":"","meta":[],"product_brand":[],"product_cat":[429,431],"product_tag":[],"class_list":{"0":"post-17197","1":"product","2":"type-product","3":"status-publish","4":"has-post-thumbnail","6":"product_cat-prises-escalade","7":"product_cat-enfants","9":"first","10":"instock","11":"taxable","12":"shipping-taxable","13":"purchasable","14":"product-type-simple"},"_links":{"self":[{"href":"https:\/\/topholds.com\/fr\/wp-json\/wp\/v2\/product\/17197","targetHints":{"allow":["GET"]}}],"collection":[{"href":"https:\/\/topholds.com\/fr\/wp-json\/wp\/v2\/product"}],"about":[{"href":"https:\/\/topholds.com\/fr\/wp-json\/wp\/v2\/types\/product"}],"replies":[{"embeddable":true,"href":"https:\/\/topholds.com\/fr\/wp-json\/wp\/v2\/comments?post=17197"}],"wp:featuredmedia":[{"embeddable":true,"href":"https:\/\/topholds.com\/fr\/wp-json\/wp\/v2\/media\/21001"}],"wp:attachment":[{"href":"https:\/\/topholds.com\/fr\/wp-json\/wp\/v2\/media?parent=17197"}],"wp:term":[{"taxonomy":"product_brand","embeddable":true,"href":"https:\/\/topholds.com\/fr\/wp-json\/wp\/v2\/product_brand?post=17197"},{"taxonomy":"product_cat","embeddable":true,"href":"https:\/\/topholds.com\/fr\/wp-json\/wp\/v2\/product_cat?post=17197"},{"taxonomy":"product_tag","embeddable":true,"href":"https:\/\/topholds.com\/fr\/wp-json\/wp\/v2\/product_tag?post=17197"}],"curies":[{"name":"wp","href":"https:\/\/api.w.org\/{rel}","templated":true}]}}