{"id":17208,"date":"2022-08-05T16:00:40","date_gmt":"2022-08-05T16:00:40","guid":{"rendered":"https:\/\/topholds.com\/monkey\/"},"modified":"2024-08-26T04:59:50","modified_gmt":"2024-08-26T04:59:50","slug":"monkey","status":"publish","type":"product","link":"https:\/\/topholds.com\/fr\/offre\/prises-escalade\/enfants\/monkey\/","title":{"rendered":"Prises d&rsquo;escalade pour Enfants Monkey"},"content":{"rendered":"<p>\u00a1Faites de l&rsquo;escalade une activit\u00e9 amusante et excitante pour vos enfants avec la <strong>prise d&rsquo;escalade Monkey<\/strong> ! Con\u00e7ue pour les petites mains, cette prise en forme de cuill\u00e8re <strong>offre une accroche solide et un excellent soutien pour les pieds<\/strong>.<\/p>\n<p>La <strong>prise pour enfants Monkey<\/strong> est \u00e9quip\u00e9e d&rsquo;un trou anti-rotation pour garantir la s\u00e9curit\u00e9 de vos petits grimpeurs.<\/p>\n<p>Veuillez noter que les couleurs peuvent varier par rapport \u00e0 l&rsquo;image affich\u00e9e, mais si vous souhaitez une couleur sp\u00e9ciale, indiquez-le dans la section des notes ou contactez-nous pour plus d&rsquo;informations.<\/p>\n<p>Pour une installation s\u00e9curis\u00e9e et simple, nous recommandons d&rsquo;utiliser des vis M10x40 (ou M8x40) qui ne sont pas incluses dans l&rsquo;achat.<\/p>\n","protected":false},"excerpt":{"rendered":"<ul>\n<li>Prise amusante, id\u00e9ale pour n&rsquo;importe quel enfant.<\/li>\n<li>Grande prise pour les mains en forme de louche et un bon soutien pour les pieds.<\/li>\n<li>Avec un trou anti-rotation.<\/li>\n<\/ul>\n","protected":false},"featured_media":21011,"comment_status":"open","ping_status":"closed","template":"","meta":[],"product_brand":[],"product_cat":[431],"product_tag":[],"class_list":{"0":"post-17208","1":"product","2":"type-product","3":"status-publish","4":"has-post-thumbnail","6":"product_cat-enfants","8":"first","9":"instock","10":"sale","11":"taxable","12":"shipping-taxable","13":"purchasable","14":"product-type-simple"},"_links":{"self":[{"href":"https:\/\/topholds.com\/fr\/wp-json\/wp\/v2\/product\/17208","targetHints":{"allow":["GET"]}}],"collection":[{"href":"https:\/\/topholds.com\/fr\/wp-json\/wp\/v2\/product"}],"about":[{"href":"https:\/\/topholds.com\/fr\/wp-json\/wp\/v2\/types\/product"}],"replies":[{"embeddable":true,"href":"https:\/\/topholds.com\/fr\/wp-json\/wp\/v2\/comments?post=17208"}],"wp:featuredmedia":[{"embeddable":true,"href":"https:\/\/topholds.com\/fr\/wp-json\/wp\/v2\/media\/21011"}],"wp:attachment":[{"href":"https:\/\/topholds.com\/fr\/wp-json\/wp\/v2\/media?parent=17208"}],"wp:term":[{"taxonomy":"product_brand","embeddable":true,"href":"https:\/\/topholds.com\/fr\/wp-json\/wp\/v2\/product_brand?post=17208"},{"taxonomy":"product_cat","embeddable":true,"href":"https:\/\/topholds.com\/fr\/wp-json\/wp\/v2\/product_cat?post=17208"},{"taxonomy":"product_tag","embeddable":true,"href":"https:\/\/topholds.com\/fr\/wp-json\/wp\/v2\/product_tag?post=17208"}],"curies":[{"name":"wp","href":"https:\/\/api.w.org\/{rel}","templated":true}]}}