{"id":17214,"date":"2022-08-05T16:15:29","date_gmt":"2022-08-05T16:15:29","guid":{"rendered":"https:\/\/topholds.com\/pack-monkey-fruits\/"},"modified":"2024-08-26T05:00:34","modified_gmt":"2024-08-26T05:00:34","slug":"pack-monkey-fruits","status":"publish","type":"product","link":"https:\/\/topholds.com\/fr\/offre\/prises-escalade\/enfants\/pack-monkey-fruits\/","title":{"rendered":"Pack Prises d&rsquo;escalade pour Enfants Monkey Fruits"},"content":{"rendered":"<p>\u00a1L&rsquo;escalade peut \u00eatre amusante et \u00e9ducative ! Avec le <strong>pack de prises d&rsquo;escalade Monkey Fruits<\/strong>, les enfants peuvent apprendre des comp\u00e9tences pr\u00e9cieuses telles que : <\/p>\n<ul>\n<li>La r\u00e9solution de probl\u00e8mes moteurs<\/li>\n<li>La prise de d\u00e9cisions rapide<\/li>\n<li>Le calcul mental<\/li>\n<li>La cr\u00e9ativit\u00e9<\/li>\n<\/ul>\n<p>Et tout cela tout en profitant de l&rsquo;escalade. Ces prises <strong>vais colorer et divertir n&rsquo;importe quel mur d&rsquo;escalade<\/strong>, ce qui les rend plus attrayantes pour les petits grimpeurs.<\/p>\n<p>Ce pack comprend quatre jeux amusants : Monkey, Fruits (avec une fraise suppl\u00e9mentaire), Tree et River. Profitez de l&rsquo;escalade et de l&rsquo;apprentissage avec ces <strong>jeux de prises d&rsquo;escalade<\/strong> !<\/p>\n<p>Les couleurs varieront de celles montr\u00e9es sur l&rsquo;image, mais seront toujours aussi diversifi\u00e9es que possible.<\/p>\n<p>Pour une installation sur un panneau de jusqu&rsquo;\u00e0 19 mm, nous recommandons d&rsquo;utiliser 28 vis allen M10x40 et 28 \u00e9crous de type araign\u00e9e M10 (il est \u00e9galement possible d&rsquo;utiliser des vis et \u00e9crous M8). Si vous souhaitez les installer sur une autre surface, comme la brique, le b\u00e9ton ou la pierre, n&rsquo;h\u00e9sitez pas \u00e0 nous consulter.<\/p>\n","protected":false},"excerpt":{"rendered":"<ul>\n<li>Le Pack Monkey Fruits comprend 28 prises amusantes, id\u00e9ales pour les enfants et les d\u00e9butants.<\/li>\n<li>De texture ainsi qu&rsquo;un grip facile pour les enfants.<\/li>\n<li>Favorise l&rsquo;apprentissage par le biais du jeu et de l&rsquo;escalade.<\/li>\n<li>Permet de d\u00e9velopper une multitude de jeux pour les petits.<\/li>\n<\/ul>\n","protected":false},"featured_media":21032,"comment_status":"open","ping_status":"closed","template":"","meta":[],"product_brand":[],"product_cat":[431],"product_tag":[],"class_list":{"0":"post-17214","1":"product","2":"type-product","3":"status-publish","4":"has-post-thumbnail","6":"product_cat-enfants","8":"first","9":"instock","10":"sale","11":"taxable","12":"shipping-taxable","13":"purchasable","14":"product-type-simple"},"_links":{"self":[{"href":"https:\/\/topholds.com\/fr\/wp-json\/wp\/v2\/product\/17214","targetHints":{"allow":["GET"]}}],"collection":[{"href":"https:\/\/topholds.com\/fr\/wp-json\/wp\/v2\/product"}],"about":[{"href":"https:\/\/topholds.com\/fr\/wp-json\/wp\/v2\/types\/product"}],"replies":[{"embeddable":true,"href":"https:\/\/topholds.com\/fr\/wp-json\/wp\/v2\/comments?post=17214"}],"wp:featuredmedia":[{"embeddable":true,"href":"https:\/\/topholds.com\/fr\/wp-json\/wp\/v2\/media\/21032"}],"wp:attachment":[{"href":"https:\/\/topholds.com\/fr\/wp-json\/wp\/v2\/media?parent=17214"}],"wp:term":[{"taxonomy":"product_brand","embeddable":true,"href":"https:\/\/topholds.com\/fr\/wp-json\/wp\/v2\/product_brand?post=17214"},{"taxonomy":"product_cat","embeddable":true,"href":"https:\/\/topholds.com\/fr\/wp-json\/wp\/v2\/product_cat?post=17214"},{"taxonomy":"product_tag","embeddable":true,"href":"https:\/\/topholds.com\/fr\/wp-json\/wp\/v2\/product_tag?post=17214"}],"curies":[{"name":"wp","href":"https:\/\/api.w.org\/{rel}","templated":true}]}}