{"id":17220,"date":"2022-08-08T09:09:07","date_gmt":"2022-08-08T09:09:07","guid":{"rendered":"https:\/\/topholds.com\/puppies\/"},"modified":"2024-08-26T05:01:06","modified_gmt":"2024-08-26T05:01:06","slug":"puppies","status":"publish","type":"product","link":"https:\/\/topholds.com\/fr\/offre\/prises-escalade\/enfants\/puppies\/","title":{"rendered":"Prises d&rsquo;escalade pour Enfants Puppies"},"content":{"rendered":"<p>Les<strong> prises d&rsquo;escalade pour enfants Puppies<\/strong> sont le choix parfait pour tout enfant qui souhaite profiter de l&rsquo;escalade \u00e0 la maison ou au parc. Avec leur forme de cuill\u00e8re et leur grande prise, tant pour les mains que pour les pieds, nous garantissons une exp\u00e9rience d&rsquo;escalade s\u00fbre et amusante.<\/p>\n<p>Pour une installation plus facile, nous recommandons l&rsquo;utilisation de vis M10x40 ou M8x40, qui ne sont pas incluses dans l&rsquo;achat.<\/p>\n<p>Veuillez noter que les couleurs peuvent varier par rapport \u00e0 l&rsquo;image montr\u00e9e. Si vous souhaitez une couleur sp\u00e9ciale, n&rsquo;h\u00e9sitez pas \u00e0 l&rsquo;indiquer dans la section des notes lors de votre achat ou contactez-nous pour plus d&rsquo;informations.<\/p>\n<p>Profitez de l&rsquo;escalade de mani\u00e8re s\u00fbre et amusante !<\/p>\n","protected":false},"excerpt":{"rendered":"<ul>\n<li>Garantit une exp\u00e9rience de escalade s\u00e9curis\u00e9e et amusante pour les enfants.<\/li>\n<li>Nous recommandons des vis sp\u00e9cifiques pour une installation facile.<\/li>\n<li>Option de choisir une couleur sp\u00e9ciale pour personnaliser votre achat.<\/li>\n<\/ul>\n","protected":false},"featured_media":21038,"comment_status":"open","ping_status":"closed","template":"","meta":[],"product_brand":[],"product_cat":[431],"product_tag":[],"class_list":{"0":"post-17220","1":"product","2":"type-product","3":"status-publish","4":"has-post-thumbnail","6":"product_cat-enfants","8":"first","9":"instock","10":"sale","11":"taxable","12":"shipping-taxable","13":"purchasable","14":"product-type-simple"},"_links":{"self":[{"href":"https:\/\/topholds.com\/fr\/wp-json\/wp\/v2\/product\/17220","targetHints":{"allow":["GET"]}}],"collection":[{"href":"https:\/\/topholds.com\/fr\/wp-json\/wp\/v2\/product"}],"about":[{"href":"https:\/\/topholds.com\/fr\/wp-json\/wp\/v2\/types\/product"}],"replies":[{"embeddable":true,"href":"https:\/\/topholds.com\/fr\/wp-json\/wp\/v2\/comments?post=17220"}],"wp:featuredmedia":[{"embeddable":true,"href":"https:\/\/topholds.com\/fr\/wp-json\/wp\/v2\/media\/21038"}],"wp:attachment":[{"href":"https:\/\/topholds.com\/fr\/wp-json\/wp\/v2\/media?parent=17220"}],"wp:term":[{"taxonomy":"product_brand","embeddable":true,"href":"https:\/\/topholds.com\/fr\/wp-json\/wp\/v2\/product_brand?post=17220"},{"taxonomy":"product_cat","embeddable":true,"href":"https:\/\/topholds.com\/fr\/wp-json\/wp\/v2\/product_cat?post=17220"},{"taxonomy":"product_tag","embeddable":true,"href":"https:\/\/topholds.com\/fr\/wp-json\/wp\/v2\/product_tag?post=17220"}],"curies":[{"name":"wp","href":"https:\/\/api.w.org\/{rel}","templated":true}]}}