{"id":17238,"date":"2022-10-07T17:14:26","date_gmt":"2022-10-07T17:14:26","guid":{"rendered":"https:\/\/topholds.com\/lion-grips\/"},"modified":"2024-08-26T05:02:55","modified_gmt":"2024-08-26T05:02:55","slug":"lion-grips","status":"publish","type":"product","link":"https:\/\/topholds.com\/fr\/offre\/course-obstacles\/entrainements\/suspensionss\/lion-grips\/","title":{"rendered":"Suspensions OCR Lion Grips"},"content":{"rendered":"<p>Les <strong>suspensions OCR Lion Grips<\/strong> sont l&rsquo;accessoire parfait pour ceux qui cherchent \u00e0 \u00e9lever leur entra\u00eenement \u00e0 un niveau sup\u00e9rieur. Con\u00e7u pour les suspensions et les tractions, ce produit est <strong>id\u00e9al pour des sports tels que l&rsquo;OCR, l&rsquo;escalade, la calisth\u00e9nie et le CrossFit<\/strong>.<\/p>\n<p>La suspension dispose d&rsquo;une <strong>texture douce mais adh\u00e9rente qui offre une prise optimale<\/strong>, que ce soit avec une ou deux mains depuis le dessus ou en pin\u00e7ant sur les c\u00f4t\u00e9s. Sa l\u00e9g\u00e8ret\u00e9 permet de l&#8217;emporter partout, tandis que son syst\u00e8me de suspension facile avec un n\u0153ud de lark le rend tr\u00e8s pratique et <strong>adaptable \u00e0 tout environnement d&rsquo;entra\u00eenement<\/strong>.<\/p>\n<p>Avec les suspensions Lion Grips, il n&rsquo;y a pas d&rsquo;excuses pour ne pas ajouter un peu de d\u00e9fi et de souffrance \u00e0 votre entra\u00eenement quotidien.<\/p>\n<p>Veuillez noter que les couleurs peuvent varier par rapport \u00e0 l&rsquo;image pr\u00e9sent\u00e9e, donc si vous souhaitez une couleur particuli\u00e8re, n&rsquo;h\u00e9sitez pas \u00e0 nous consulter.<\/p>\n","protected":false},"excerpt":{"rendered":"<ul>\n<li>Fournit une prise optimale gr\u00e2ce \u00e0 sa texture douce mais adh\u00e9rente.<\/li>\n<li>Pratique et adaptable \u00e0 tout environnement d&rsquo;entra\u00eenement.<\/li>\n<li>Id\u00e9al pour les OCR, l&rsquo;escalade, la gymnastique au poids du corps et le Crossfit.<\/li>\n<\/ul>\n","protected":false},"featured_media":21068,"comment_status":"open","ping_status":"closed","template":"","meta":[],"product_brand":[],"product_cat":[402,450,455],"product_tag":[],"class_list":{"0":"post-17238","1":"product","2":"type-product","3":"status-publish","4":"has-post-thumbnail","6":"product_cat-course-obstacles","7":"product_cat-entrainements","8":"product_cat-suspensionss","10":"first","11":"instock","12":"taxable","13":"shipping-taxable","14":"purchasable","15":"product-type-simple"},"_links":{"self":[{"href":"https:\/\/topholds.com\/fr\/wp-json\/wp\/v2\/product\/17238","targetHints":{"allow":["GET"]}}],"collection":[{"href":"https:\/\/topholds.com\/fr\/wp-json\/wp\/v2\/product"}],"about":[{"href":"https:\/\/topholds.com\/fr\/wp-json\/wp\/v2\/types\/product"}],"replies":[{"embeddable":true,"href":"https:\/\/topholds.com\/fr\/wp-json\/wp\/v2\/comments?post=17238"}],"wp:featuredmedia":[{"embeddable":true,"href":"https:\/\/topholds.com\/fr\/wp-json\/wp\/v2\/media\/21068"}],"wp:attachment":[{"href":"https:\/\/topholds.com\/fr\/wp-json\/wp\/v2\/media?parent=17238"}],"wp:term":[{"taxonomy":"product_brand","embeddable":true,"href":"https:\/\/topholds.com\/fr\/wp-json\/wp\/v2\/product_brand?post=17238"},{"taxonomy":"product_cat","embeddable":true,"href":"https:\/\/topholds.com\/fr\/wp-json\/wp\/v2\/product_cat?post=17238"},{"taxonomy":"product_tag","embeddable":true,"href":"https:\/\/topholds.com\/fr\/wp-json\/wp\/v2\/product_tag?post=17238"}],"curies":[{"name":"wp","href":"https:\/\/api.w.org\/{rel}","templated":true}]}}