{"id":17243,"date":"2022-10-29T17:28:16","date_gmt":"2022-10-29T17:28:16","guid":{"rendered":"https:\/\/topholds.com\/kettlebell-grips\/"},"modified":"2024-08-26T05:03:32","modified_gmt":"2024-08-26T05:03:32","slug":"kettlebell-grips","status":"publish","type":"product","link":"https:\/\/topholds.com\/fr\/offre\/course-obstacles\/entrainements\/suspensionss\/kettlebell-grips\/","title":{"rendered":"Suspensions OCR Kettlebell Grips"},"content":{"rendered":"<div class=\"flex-1 overflow-hidden\">\n<div class=\"react-scroll-to-bottom--css-faerg-79elbk h-full dark:bg-gray-800\">\n<div class=\"react-scroll-to-bottom--css-faerg-1n7m0yu\">\n<div class=\"flex flex-col items-center text-sm dark:bg-gray-800\">\n<div class=\"w-full border-b border-black\/10 dark:border-gray-900\/50 text-gray-800 dark:text-gray-100 group bg-gray-50 dark:bg-[#444654]\">\n<div class=\"text-base gap-4 md:gap-6 m-auto md:max-w-2xl lg:max-w-2xl xl:max-w-3xl p-4 md:py-6 flex lg:px-0\">\n<div class=\"relative flex w-[calc(100%-50px)] flex-col gap-1 md:gap-3 lg:w-[calc(100%-115px)]\">\n<div class=\"flex flex-grow flex-col gap-3\">\n<div class=\"min-h-[20px] flex flex-col items-start gap-4 whitespace-pre-wrap\">\n<div class=\"markdown prose w-full break-words dark:prose-invert light\">\n<p>Les <strong>suspensions OCR Kettlebell Grips<\/strong> sont des poign\u00e9es innovantes pour suspensions et tractions qui vous permettront de donner un tournant radical \u00e0 vos entra\u00eenements. Avec leur design en forme de cazo par le haut ou en pince sur les c\u00f4t\u00e9s, elles vous offrent de multiples options de prise pour travailler diff\u00e9rents groupes musculaires.<\/p>\n<p>Sa surface douce mais adh\u00e9rente vous garantit une prise s\u00e9curis\u00e9e et confortable, ce qui en fait <strong>un outil formidable pour les entra\u00eenements de OCR, escalade, calisth\u00e9nie et Crossfit<\/strong>. De plus, leur design l\u00e9ger les rend id\u00e9ales pour \u00eatre emport\u00e9es partout et accroch\u00e9es \u00e0 n&rsquo;importe quelle branche ou barre de tractions en seulement 3 secondes avec un noeud de l\u2019alouette.<\/p>\n<p>Avec les Kettlebell Grips, il n&rsquo;y a plus d&rsquo;excuses pour ne pas ajouter un peu de souffrance \u00e0 vos entra\u00eenements quotidiens et d\u00e9passer vos limites.<\/p>\n<p>Disponibles en diff\u00e9rentes couleurs, consultez-nous si vous souhaitez une sp\u00e9ciale !<\/p>\n<\/div>\n<\/div>\n<\/div>\n<\/div>\n<\/div>\n<\/div>\n<\/div>\n<\/div>\n<\/div>\n","protected":false},"excerpt":{"rendered":"<ul>\n<li>Polyvalence dans l&rsquo;entra\u00eenement avec de multiples options de prise<\/li>\n<li>Prise s\u00fbre et confortable pour des entra\u00eenements intenses<\/li>\n<li>Design l\u00e9ger et portable pour une utilisation partout<\/li>\n<li>Facilit\u00e9 d&rsquo;installation sur toute surface appropri\u00e9e.<\/li>\n<\/ul>\n","protected":false},"featured_media":21078,"comment_status":"open","ping_status":"closed","template":"","meta":[],"product_brand":[],"product_cat":[402,450,455],"product_tag":[],"class_list":{"0":"post-17243","1":"product","2":"type-product","3":"status-publish","4":"has-post-thumbnail","6":"product_cat-course-obstacles","7":"product_cat-entrainements","8":"product_cat-suspensionss","10":"first","11":"instock","12":"taxable","13":"shipping-taxable","14":"purchasable","15":"product-type-simple"},"_links":{"self":[{"href":"https:\/\/topholds.com\/fr\/wp-json\/wp\/v2\/product\/17243","targetHints":{"allow":["GET"]}}],"collection":[{"href":"https:\/\/topholds.com\/fr\/wp-json\/wp\/v2\/product"}],"about":[{"href":"https:\/\/topholds.com\/fr\/wp-json\/wp\/v2\/types\/product"}],"replies":[{"embeddable":true,"href":"https:\/\/topholds.com\/fr\/wp-json\/wp\/v2\/comments?post=17243"}],"wp:featuredmedia":[{"embeddable":true,"href":"https:\/\/topholds.com\/fr\/wp-json\/wp\/v2\/media\/21078"}],"wp:attachment":[{"href":"https:\/\/topholds.com\/fr\/wp-json\/wp\/v2\/media?parent=17243"}],"wp:term":[{"taxonomy":"product_brand","embeddable":true,"href":"https:\/\/topholds.com\/fr\/wp-json\/wp\/v2\/product_brand?post=17243"},{"taxonomy":"product_cat","embeddable":true,"href":"https:\/\/topholds.com\/fr\/wp-json\/wp\/v2\/product_cat?post=17243"},{"taxonomy":"product_tag","embeddable":true,"href":"https:\/\/topholds.com\/fr\/wp-json\/wp\/v2\/product_tag?post=17243"}],"curies":[{"name":"wp","href":"https:\/\/api.w.org\/{rel}","templated":true}]}}