{"id":17249,"date":"2022-11-13T09:12:13","date_gmt":"2022-11-13T09:12:13","guid":{"rendered":"https:\/\/topholds.com\/delta-raks\/"},"modified":"2026-03-11T14:17:29","modified_gmt":"2026-03-11T14:17:29","slug":"delta-raks","status":"publish","type":"product","link":"https:\/\/topholds.com\/fr\/offre\/course-obstacles\/entrainements\/suspensionss\/delta-raks\/","title":{"rendered":"Suspensions OCR Delta Raks"},"content":{"rendered":"<p>\u00a1Avec les <strong>suspensions de OCR Delta Raks<\/strong>, vous pourrez porter vos entra\u00eenements \u00e0 un niveau sup\u00e9rieur ! Con\u00e7ues pour r\u00e9aliser des progressions horizontales ou verticales sur des anneaux ou des barres, comme dans les parcs, monkey fly, stairway to heaven, volants et tout exercice que vous pouvez imaginer.<\/p>\n<p>Ces suspensions sont indestructibles gr\u00e2ce \u00e0 leurs crochets en acier et leur poign\u00e9e en polyur\u00e9thane de derni\u00e8re g\u00e9n\u00e9ration, <strong>adapt\u00e9es \u00e0 des entra\u00eenements int\u00e9rieurs ou ext\u00e9rieurs dans n&rsquo;importe quelle condition<\/strong>.<\/p>\n<p>La prise est facile et adapt\u00e9e aux d\u00e9butants, avec une position de fixation et une poign\u00e9e ergonomique qui <strong>\u00e9vite les surcharges dans l&rsquo;avant-bras pour travailler l&rsquo;endurance<\/strong> pendant de longues p\u00e9riodes. Id\u00e9ales pour les entra\u00eenements d&rsquo;escalade, OCR et crossfit !<\/p>\n<p>Ces suspensions sont tr\u00e8s l\u00e9g\u00e8res et portables, vous pouvez donc les emporter avec vous \u00e0 chaque entra\u00eenement. Plus d&rsquo;excuses pour ne pas souffrir un peu chaque jour !<\/p>\n<p>Chaque paquet comprend deux unit\u00e9s (une pour chaque main) et, si vous d\u00e9sirez une couleur sp\u00e9ciale, consultez-nous.<\/p>\n<p>Avec Delta Raks, <strong>prenez le contr\u00f4le de vos entra\u00eenements et atteignez vos objectifs<\/strong> !<\/p>\n<p><iframe title=\"YouTube video player\" src=\"https:\/\/www.youtube.com\/embed\/oGDKpCePecA\" width=\"560\" height=\"315\" frameborder=\"0\" allowfullscreen=\"allowfullscreen\"><\/iframe><\/p>\n","protected":false},"excerpt":{"rendered":"<ul>\n<li>Permet de r\u00e9aliser des progressions horizontales et verticales dans une grande vari\u00e9t\u00e9 de structures et d&rsquo;exercices.<\/li>\n<li>Ils sont indestructibles et peuvent \u00eatre utilis\u00e9s dans n&rsquo;importe quelle condition.<\/li>\n<li>La prise facile et ergonomique \u00e9vite les surcharges dans l&rsquo;avant-bras.<\/li>\n<\/ul>\n","protected":false},"featured_media":12360,"comment_status":"open","ping_status":"closed","template":"","meta":[],"product_brand":[],"product_cat":[402,450,455],"product_tag":[],"class_list":{"0":"post-17249","1":"product","2":"type-product","3":"status-publish","4":"has-post-thumbnail","6":"product_cat-course-obstacles","7":"product_cat-entrainements","8":"product_cat-suspensionss","10":"first","11":"instock","12":"sale","13":"featured","14":"taxable","15":"shipping-taxable","16":"purchasable","17":"product-type-simple"},"_links":{"self":[{"href":"https:\/\/topholds.com\/fr\/wp-json\/wp\/v2\/product\/17249","targetHints":{"allow":["GET"]}}],"collection":[{"href":"https:\/\/topholds.com\/fr\/wp-json\/wp\/v2\/product"}],"about":[{"href":"https:\/\/topholds.com\/fr\/wp-json\/wp\/v2\/types\/product"}],"replies":[{"embeddable":true,"href":"https:\/\/topholds.com\/fr\/wp-json\/wp\/v2\/comments?post=17249"}],"wp:featuredmedia":[{"embeddable":true,"href":"https:\/\/topholds.com\/fr\/wp-json\/wp\/v2\/media\/12360"}],"wp:attachment":[{"href":"https:\/\/topholds.com\/fr\/wp-json\/wp\/v2\/media?parent=17249"}],"wp:term":[{"taxonomy":"product_brand","embeddable":true,"href":"https:\/\/topholds.com\/fr\/wp-json\/wp\/v2\/product_brand?post=17249"},{"taxonomy":"product_cat","embeddable":true,"href":"https:\/\/topholds.com\/fr\/wp-json\/wp\/v2\/product_cat?post=17249"},{"taxonomy":"product_tag","embeddable":true,"href":"https:\/\/topholds.com\/fr\/wp-json\/wp\/v2\/product_tag?post=17249"}],"curies":[{"name":"wp","href":"https:\/\/api.w.org\/{rel}","templated":true}]}}