{"id":17255,"date":"2022-12-24T17:43:21","date_gmt":"2022-12-24T17:43:21","guid":{"rendered":"https:\/\/topholds.com\/yaguer-chain-evolution\/"},"modified":"2024-08-26T05:04:46","modified_gmt":"2024-08-26T05:04:46","slug":"yaguer-chain-evolution","status":"publish","type":"product","link":"https:\/\/topholds.com\/fr\/offre\/course-obstacles\/entrainements\/suspensionss\/yaguer-chain-evolution\/","title":{"rendered":"Suspensions OCR Yaguer Chain Evolution"},"content":{"rendered":"<p><strong>La suspension OCR Yaguer Chain Evolution<\/strong> est l&rsquo;outil parfait pour les progressions horizontales ou verticales sur cha\u00eenes ou petites anneaux. Son crochet et sa forme ovale le rendent <strong>id\u00e9al pour tout niveau d&rsquo;entra\u00eenement en OCR<\/strong>.<\/p>\n<p>La nouvelle gamme Evolution <strong>repr\u00e9sente un saut de qualit\u00e9 dans le monde de l&rsquo;OCR<\/strong>. Fabriqu\u00e9s toujours avec des composants de premi\u00e8re qualit\u00e9, les produits TopHolds s&rsquo;am\u00e9liorent dans cette nouvelle famille non seulement en esth\u00e9tique, mais aussi en crochet de fixation. D\u00e9sormais fabriqu\u00e9 en acier durci de haute r\u00e9sistance, son crochet est beaucoup plus ouvert et allong\u00e9 que l&rsquo;ancienne gamme Chain, ce qui nous permet de travailler les obstacles de mani\u00e8re beaucoup plus efficace.<\/p>\n<p>La forme du Yaguer Chain Evolution <strong>s&rsquo;adapte parfaitement \u00e0 la position naturelle de la main<\/strong>, ce qui en fait un \u00e9l\u00e9ment confortable et facile \u00e0 utiliser. De plus, sa haute r\u00e9sistance garantit que vous pouvez l&rsquo;utiliser pendant longtemps sans vous soucier de sa durabilit\u00e9. Ajoutez le Yaguer Chain Evolution \u00e0 votre entra\u00eenement et emmenez vos comp\u00e9tences au niveau sup\u00e9rieur !<\/p>\n<p>La texture de TopHolds, d\u00e9j\u00e0 connue de tous, tr\u00e8s adh\u00e9rente et douce pour les mains, \u00e9vitera qu&rsquo;il ne glisse de la main afin de travailler la r\u00e9sistance sur une longue p\u00e9riode.<\/p>\n<p>Tr\u00e8s l\u00e9gers, id\u00e9aux pour les emmener \u00e0 nos entra\u00eenements n&rsquo;importe o\u00f9.<\/p>\n<p>Il n&rsquo;y a plus d&rsquo;excuses pour une petite souffrance quotidienne.<\/p>\n<p>Les couleurs pourraient ne pas \u00eatre celles de la photo (consultez-nous si vous souhaitez une couleur sp\u00e9ciale).<\/p>\n<p><iframe title=\"YouTube video player\" src=\"https:\/\/www.youtube.com\/embed\/n2_DwBUEgdU\" width=\"560\" height=\"315\" frameborder=\"0\" allowfullscreen=\"allowfullscreen\"><\/iframe><\/p>\n","protected":false},"excerpt":{"rendered":"<ul>\n<li>Prise parfaite pour des progressions horizontales ou verticales<\/li>\n<li>Elle s&rsquo;adapte parfaitement \u00e0 la position naturelle de la main<\/li>\n<li>Haute r\u00e9sistance et durabilit\u00e9<\/li>\n<li>L\u00e9gers et portables pour \u00eatre emport\u00e9s partout<\/li>\n<\/ul>\n","protected":false},"featured_media":12506,"comment_status":"open","ping_status":"closed","template":"","meta":[],"product_brand":[],"product_cat":[402,450,455],"product_tag":[],"class_list":{"0":"post-17255","1":"product","2":"type-product","3":"status-publish","4":"has-post-thumbnail","6":"product_cat-course-obstacles","7":"product_cat-entrainements","8":"product_cat-suspensionss","10":"first","11":"instock","12":"sale","13":"taxable","14":"shipping-taxable","15":"purchasable","16":"product-type-simple"},"_links":{"self":[{"href":"https:\/\/topholds.com\/fr\/wp-json\/wp\/v2\/product\/17255","targetHints":{"allow":["GET"]}}],"collection":[{"href":"https:\/\/topholds.com\/fr\/wp-json\/wp\/v2\/product"}],"about":[{"href":"https:\/\/topholds.com\/fr\/wp-json\/wp\/v2\/types\/product"}],"replies":[{"embeddable":true,"href":"https:\/\/topholds.com\/fr\/wp-json\/wp\/v2\/comments?post=17255"}],"wp:featuredmedia":[{"embeddable":true,"href":"https:\/\/topholds.com\/fr\/wp-json\/wp\/v2\/media\/12506"}],"wp:attachment":[{"href":"https:\/\/topholds.com\/fr\/wp-json\/wp\/v2\/media?parent=17255"}],"wp:term":[{"taxonomy":"product_brand","embeddable":true,"href":"https:\/\/topholds.com\/fr\/wp-json\/wp\/v2\/product_brand?post=17255"},{"taxonomy":"product_cat","embeddable":true,"href":"https:\/\/topholds.com\/fr\/wp-json\/wp\/v2\/product_cat?post=17255"},{"taxonomy":"product_tag","embeddable":true,"href":"https:\/\/topholds.com\/fr\/wp-json\/wp\/v2\/product_tag?post=17255"}],"curies":[{"name":"wp","href":"https:\/\/api.w.org\/{rel}","templated":true}]}}